{"id":4646,"date":"2026-01-12T15:32:44","date_gmt":"2026-01-12T15:32:44","guid":{"rendered":"https:\/\/mercadohogar.ca\/?post_type=product&#038;p=4646"},"modified":"2026-01-25T01:38:00","modified_gmt":"2026-01-25T01:38:00","slug":"barbacoa-de-carbon-tipo-kettle-2","status":"publish","type":"product","link":"https:\/\/mercadohogar.ca\/es\/producto\/barbacoa-de-carbon-tipo-kettle-2\/","title":{"rendered":"Barbacoa de carb\u00f3n tipo kettle"},"content":{"rendered":"<p>Barbacoa con carb\u00f3n dondequiera que vayas con nuestra barbacoa port\u00e1til de carb\u00f3n de 35,5 cm. Esta barbacoa tipo kettle de porcelana esmaltada en negro tiene el tama\u00f1o perfecto para picnics, reflejando el calor al igual que nuestras barbacoas de carb\u00f3n m\u00e1s grandes, creando el ambiente ideal para ahumar lentamente o sellar a la perfecci\u00f3n. La cesta de carb\u00f3n est\u00e1 dividida para facilitar la cocci\u00f3n a tu manera, incluso sobre la marcha. Las rejillas de ventilaci\u00f3n superior e inferior aseguran que la temperatura sea f\u00e1cil de controlar. Transporta f\u00e1cilmente esta peque\u00f1a y ligera barbacoa dondequiera que te aventures gracias al asa Cool Touch; los cierres de la tapa mantienen todo bien sujeto. El dise\u00f1o de cuatro patas, f\u00e1cil de montar, es estable sin importar d\u00f3nde est\u00e9s asando. Las rejillas de cocci\u00f3n cromadas son f\u00e1ciles de limpiar, y cuando termines de asar, tambi\u00e9n lo estar\u00e1n las brasas gastadas. El colector de cenizas de acero es f\u00e1cil de quitar. Simplemente vac\u00edalo, cierra la tapa y l\u00e1nzate a tu pr\u00f3xima aventura.        <\/p>\n<p>Superficie total de cocci\u00f3n de 967 cm\u00b2<\/p>\n<p>Di\u00e1metro de 35,5 cm<\/p>\n<p>Cestas de carb\u00f3n de doble secci\u00f3n<\/p>\n<p>Salidas de aire ajustables<\/p>\n<p>Bandeja de goteo de acero<\/p>\n<p>Cierres de tapa con bloqueo y asa de f\u00e1cil transporte<\/p>\n","protected":false},"excerpt":{"rendered":"<p>Barbacoa con carb\u00f3n dondequiera que vayas con nuestra barbacoa port\u00e1til de carb\u00f3n de 35,5 cm. Esta barbacoa tipo kettle de porcelana esmaltada en negro tiene el tama\u00f1o perfecto para picnics, reflejando el calor al igual que nuestras barbacoas de carb\u00f3n m\u00e1s grandes, creando el ambiente ideal para ahumar lentamente o sellar a la perfecci\u00f3n. La cesta de carb\u00f3n est\u00e1 dividida [&hellip;]<\/p>\n","protected":false},"featured_media":0,"template":"","meta":{"_coblocks_attr":"","_coblocks_dimensions":"","_coblocks_responsive_height":"","_coblocks_accordion_ie_support":"","postBodyCss":"","postBodyMargin":[],"postBodyPadding":[],"postBodyBackground":{"backgroundType":"classic","gradient":""}},"product_brand":[],"product_cat":[988],"product_tag":[],"class_list":{"0":"post-4646","1":"product","2":"type-product","3":"status-publish","5":"product_cat-electrodomesticos","7":"first","8":"instock","9":"taxable","10":"shipping-taxable","11":"product-type-simple"},"yoast_head":"<!-- This site is optimized with the Yoast SEO plugin v27.4 - https:\/\/yoast.com\/product\/yoast-seo-wordpress\/ -->\n<title>Barbacoa de carb\u00f3n tipo kettle - Mercado Hogar<\/title>\n<meta name=\"robots\" content=\"index, follow, max-snippet:-1, max-image-preview:large, max-video-preview:-1\" \/>\n<link rel=\"canonical\" href=\"https:\/\/mercadohogar.ca\/es\/producto\/barbacoa-de-carbon-tipo-kettle-2\/\" \/>\n<meta property=\"og:locale\" content=\"es_ES\" \/>\n<meta property=\"og:type\" content=\"article\" \/>\n<meta property=\"og:title\" content=\"Barbacoa de carb\u00f3n tipo kettle - Mercado Hogar\" \/>\n<meta property=\"og:description\" content=\"Barbacoa con carb\u00f3n dondequiera que vayas con nuestra barbacoa port\u00e1til de carb\u00f3n de 35,5 cm. Esta barbacoa tipo kettle de porcelana esmaltada en negro tiene el tama\u00f1o perfecto para picnics, reflejando el calor al igual que nuestras barbacoas de carb\u00f3n m\u00e1s grandes, creando el ambiente ideal para ahumar lentamente o sellar a la perfecci\u00f3n. La cesta de carb\u00f3n est\u00e1 dividida [&hellip;]\" \/>\n<meta property=\"og:url\" content=\"https:\/\/mercadohogar.ca\/es\/producto\/barbacoa-de-carbon-tipo-kettle-2\/\" \/>\n<meta property=\"og:site_name\" content=\"Mercado Hogar\" \/>\n<meta property=\"article:modified_time\" content=\"2026-01-25T01:38:00+00:00\" \/>\n<meta name=\"twitter:card\" content=\"summary_large_image\" \/>\n<meta name=\"twitter:label1\" content=\"Tiempo de lectura\" \/>\n\t<meta name=\"twitter:data1\" content=\"1 minuto\" \/>\n<script type=\"application\/ld+json\" class=\"yoast-schema-graph\">{\"@context\":\"https:\\\/\\\/schema.org\",\"@graph\":[{\"@type\":\"WebPage\",\"@id\":\"https:\\\/\\\/mercadohogar.ca\\\/es\\\/producto\\\/barbacoa-de-carbon-tipo-kettle-2\\\/\",\"url\":\"https:\\\/\\\/mercadohogar.ca\\\/es\\\/producto\\\/barbacoa-de-carbon-tipo-kettle-2\\\/\",\"name\":\"Barbacoa de carb\u00f3n tipo kettle - Mercado Hogar\",\"isPartOf\":{\"@id\":\"https:\\\/\\\/mercadohogar.ca\\\/es\\\/#website\"},\"datePublished\":\"2026-01-12T15:32:44+00:00\",\"dateModified\":\"2026-01-25T01:38:00+00:00\",\"breadcrumb\":{\"@id\":\"https:\\\/\\\/mercadohogar.ca\\\/es\\\/producto\\\/barbacoa-de-carbon-tipo-kettle-2\\\/#breadcrumb\"},\"inLanguage\":\"es\",\"potentialAction\":[{\"@type\":\"ReadAction\",\"target\":[\"https:\\\/\\\/mercadohogar.ca\\\/es\\\/producto\\\/barbacoa-de-carbon-tipo-kettle-2\\\/\"]}]},{\"@type\":\"BreadcrumbList\",\"@id\":\"https:\\\/\\\/mercadohogar.ca\\\/es\\\/producto\\\/barbacoa-de-carbon-tipo-kettle-2\\\/#breadcrumb\",\"itemListElement\":[{\"@type\":\"ListItem\",\"position\":1,\"name\":\"Home\",\"item\":\"https:\\\/\\\/mercadohogar.ca\\\/es\\\/\"},{\"@type\":\"ListItem\",\"position\":2,\"name\":\"Tienda\",\"item\":\"https:\\\/\\\/mercadohogar.ca\\\/es\\\/tienda-2\\\/\"},{\"@type\":\"ListItem\",\"position\":3,\"name\":\"Barbacoa de carb\u00f3n tipo kettle\"}]},{\"@type\":\"WebSite\",\"@id\":\"https:\\\/\\\/mercadohogar.ca\\\/es\\\/#website\",\"url\":\"https:\\\/\\\/mercadohogar.ca\\\/es\\\/\",\"name\":\"Mercado Hogar\",\"description\":\"Mercado Hogar\",\"publisher\":{\"@id\":\"https:\\\/\\\/mercadohogar.ca\\\/es\\\/#organization\"},\"potentialAction\":[{\"@type\":\"SearchAction\",\"target\":{\"@type\":\"EntryPoint\",\"urlTemplate\":\"https:\\\/\\\/mercadohogar.ca\\\/es\\\/?s={search_term_string}\"},\"query-input\":{\"@type\":\"PropertyValueSpecification\",\"valueRequired\":true,\"valueName\":\"search_term_string\"}}],\"inLanguage\":\"es\"},{\"@type\":\"Organization\",\"@id\":\"https:\\\/\\\/mercadohogar.ca\\\/es\\\/#organization\",\"name\":\"Mercado Hogar\",\"url\":\"https:\\\/\\\/mercadohogar.ca\\\/es\\\/\",\"logo\":{\"@type\":\"ImageObject\",\"inLanguage\":\"es\",\"@id\":\"https:\\\/\\\/mercadohogar.ca\\\/es\\\/#\\\/schema\\\/logo\\\/image\\\/\",\"url\":\"https:\\\/\\\/mercadohogar.ca\\\/wp-content\\\/uploads\\\/2025\\\/12\\\/MH-LOGO.png\",\"contentUrl\":\"https:\\\/\\\/mercadohogar.ca\\\/wp-content\\\/uploads\\\/2025\\\/12\\\/MH-LOGO.png\",\"width\":1200,\"height\":1200,\"caption\":\"Mercado Hogar\"},\"image\":{\"@id\":\"https:\\\/\\\/mercadohogar.ca\\\/es\\\/#\\\/schema\\\/logo\\\/image\\\/\"}}]}<\/script>\n<!-- \/ Yoast SEO plugin. -->","yoast_head_json":{"title":"Barbacoa de carb\u00f3n tipo kettle - Mercado Hogar","robots":{"index":"index","follow":"follow","max-snippet":"max-snippet:-1","max-image-preview":"max-image-preview:large","max-video-preview":"max-video-preview:-1"},"canonical":"https:\/\/mercadohogar.ca\/es\/producto\/barbacoa-de-carbon-tipo-kettle-2\/","og_locale":"es_ES","og_type":"article","og_title":"Barbacoa de carb\u00f3n tipo kettle - Mercado Hogar","og_description":"Barbacoa con carb\u00f3n dondequiera que vayas con nuestra barbacoa port\u00e1til de carb\u00f3n de 35,5 cm. Esta barbacoa tipo kettle de porcelana esmaltada en negro tiene el tama\u00f1o perfecto para picnics, reflejando el calor al igual que nuestras barbacoas de carb\u00f3n m\u00e1s grandes, creando el ambiente ideal para ahumar lentamente o sellar a la perfecci\u00f3n. La cesta de carb\u00f3n est\u00e1 dividida [&hellip;]","og_url":"https:\/\/mercadohogar.ca\/es\/producto\/barbacoa-de-carbon-tipo-kettle-2\/","og_site_name":"Mercado Hogar","article_modified_time":"2026-01-25T01:38:00+00:00","twitter_card":"summary_large_image","twitter_misc":{"Tiempo de lectura":"1 minuto"},"schema":{"@context":"https:\/\/schema.org","@graph":[{"@type":"WebPage","@id":"https:\/\/mercadohogar.ca\/es\/producto\/barbacoa-de-carbon-tipo-kettle-2\/","url":"https:\/\/mercadohogar.ca\/es\/producto\/barbacoa-de-carbon-tipo-kettle-2\/","name":"Barbacoa de carb\u00f3n tipo kettle - Mercado Hogar","isPartOf":{"@id":"https:\/\/mercadohogar.ca\/es\/#website"},"datePublished":"2026-01-12T15:32:44+00:00","dateModified":"2026-01-25T01:38:00+00:00","breadcrumb":{"@id":"https:\/\/mercadohogar.ca\/es\/producto\/barbacoa-de-carbon-tipo-kettle-2\/#breadcrumb"},"inLanguage":"es","potentialAction":[{"@type":"ReadAction","target":["https:\/\/mercadohogar.ca\/es\/producto\/barbacoa-de-carbon-tipo-kettle-2\/"]}]},{"@type":"BreadcrumbList","@id":"https:\/\/mercadohogar.ca\/es\/producto\/barbacoa-de-carbon-tipo-kettle-2\/#breadcrumb","itemListElement":[{"@type":"ListItem","position":1,"name":"Home","item":"https:\/\/mercadohogar.ca\/es\/"},{"@type":"ListItem","position":2,"name":"Tienda","item":"https:\/\/mercadohogar.ca\/es\/tienda-2\/"},{"@type":"ListItem","position":3,"name":"Barbacoa de carb\u00f3n tipo kettle"}]},{"@type":"WebSite","@id":"https:\/\/mercadohogar.ca\/es\/#website","url":"https:\/\/mercadohogar.ca\/es\/","name":"Mercado Hogar","description":"Mercado Hogar","publisher":{"@id":"https:\/\/mercadohogar.ca\/es\/#organization"},"potentialAction":[{"@type":"SearchAction","target":{"@type":"EntryPoint","urlTemplate":"https:\/\/mercadohogar.ca\/es\/?s={search_term_string}"},"query-input":{"@type":"PropertyValueSpecification","valueRequired":true,"valueName":"search_term_string"}}],"inLanguage":"es"},{"@type":"Organization","@id":"https:\/\/mercadohogar.ca\/es\/#organization","name":"Mercado Hogar","url":"https:\/\/mercadohogar.ca\/es\/","logo":{"@type":"ImageObject","inLanguage":"es","@id":"https:\/\/mercadohogar.ca\/es\/#\/schema\/logo\/image\/","url":"https:\/\/mercadohogar.ca\/wp-content\/uploads\/2025\/12\/MH-LOGO.png","contentUrl":"https:\/\/mercadohogar.ca\/wp-content\/uploads\/2025\/12\/MH-LOGO.png","width":1200,"height":1200,"caption":"Mercado Hogar"},"image":{"@id":"https:\/\/mercadohogar.ca\/es\/#\/schema\/logo\/image\/"}}]}},"jetpack_sharing_enabled":true,"_links":{"self":[{"href":"https:\/\/mercadohogar.ca\/es\/wp-json\/wp\/v2\/product\/4646","targetHints":{"allow":["GET"]}}],"collection":[{"href":"https:\/\/mercadohogar.ca\/es\/wp-json\/wp\/v2\/product"}],"about":[{"href":"https:\/\/mercadohogar.ca\/es\/wp-json\/wp\/v2\/types\/product"}],"version-history":[{"count":1,"href":"https:\/\/mercadohogar.ca\/es\/wp-json\/wp\/v2\/product\/4646\/revisions"}],"predecessor-version":[{"id":4940,"href":"https:\/\/mercadohogar.ca\/es\/wp-json\/wp\/v2\/product\/4646\/revisions\/4940"}],"wp:attachment":[{"href":"https:\/\/mercadohogar.ca\/es\/wp-json\/wp\/v2\/media?parent=4646"}],"wp:term":[{"taxonomy":"product_brand","embeddable":true,"href":"https:\/\/mercadohogar.ca\/es\/wp-json\/wp\/v2\/product_brand?post=4646"},{"taxonomy":"product_cat","embeddable":true,"href":"https:\/\/mercadohogar.ca\/es\/wp-json\/wp\/v2\/product_cat?post=4646"},{"taxonomy":"product_tag","embeddable":true,"href":"https:\/\/mercadohogar.ca\/es\/wp-json\/wp\/v2\/product_tag?post=4646"}],"curies":[{"name":"wp","href":"https:\/\/api.w.org\/{rel}","templated":true}]}}