{"id":4649,"date":"2026-01-12T15:32:52","date_gmt":"2026-01-12T15:32:52","guid":{"rendered":"https:\/\/mercadohogar.ca\/?post_type=product&#038;p=4649"},"modified":"2026-01-17T23:12:42","modified_gmt":"2026-01-17T23:12:42","slug":"300-anzuelos-de-pesca-con-puas-de-acero","status":"publish","type":"product","link":"https:\/\/mercadohogar.ca\/es\/product\/300-anzuelos-de-pesca-con-puas-de-acero\/","title":{"rendered":"300 anzuelos de pesca con p\u00faas de acero"},"content":{"rendered":"<p>Una combinaci\u00f3n razonable de anzuelos de pesca, 3#, 4#, 5#, 6#, 7#, 8#, 9#, 10#, 11#, 12#, un total de 10 tipos de anzuelos de pesca, 30 unidades de cada uno.<\/p>\n<p>Punta afilada con p\u00faas, para asegurar que el pez capturado por el anzuelo no se libere f\u00e1cilmente, cola con agujeros, f\u00e1cil de enhebrar r\u00e1pidamente y bloquear los anzuelos.<\/p>\n<div> El anzuelo est\u00e1 hecho de acero de alto carbono, excelente material, alta resistencia, alta tenacidad, resistencia a la corrosi\u00f3n.<\/div>\n<div>Los anzuelos de pesca son adecuados para todo tipo de entornos de agua dulce y salada, lo que le permite capturar salmones, carpas, lubinas y muchos otros peces f\u00e1cilmente.<\/div>\n","protected":false},"excerpt":{"rendered":"<p>Una combinaci\u00f3n razonable de anzuelos de pesca, 3#, 4#, 5#, 6#, 7#, 8#, 9#, 10#, 11#, 12#, un total de 10 tipos de anzuelos de pesca, 30 unidades de cada&hellip;<\/p>\n","protected":false},"featured_media":2236,"template":"","meta":[],"product_brand":[],"product_cat":[991],"product_tag":[],"class_list":{"0":"post-4649","1":"product","2":"type-product","3":"status-publish","4":"has-post-thumbnail","6":"product_cat-pasatiempo","7":"product_shipping_class-aerovaradero-general","9":"first","10":"instock","11":"shipping-taxable","12":"purchasable","13":"product-type-simple"},"_links":{"self":[{"href":"https:\/\/mercadohogar.ca\/es\/wp-json\/wp\/v2\/product\/4649","targetHints":{"allow":["GET"]}}],"collection":[{"href":"https:\/\/mercadohogar.ca\/es\/wp-json\/wp\/v2\/product"}],"about":[{"href":"https:\/\/mercadohogar.ca\/es\/wp-json\/wp\/v2\/types\/product"}],"version-history":[{"count":1,"href":"https:\/\/mercadohogar.ca\/es\/wp-json\/wp\/v2\/product\/4649\/revisions"}],"predecessor-version":[{"id":4952,"href":"https:\/\/mercadohogar.ca\/es\/wp-json\/wp\/v2\/product\/4649\/revisions\/4952"}],"wp:featuredmedia":[{"embeddable":true,"href":"https:\/\/mercadohogar.ca\/es\/wp-json\/wp\/v2\/media\/2236"}],"wp:attachment":[{"href":"https:\/\/mercadohogar.ca\/es\/wp-json\/wp\/v2\/media?parent=4649"}],"wp:term":[{"taxonomy":"product_brand","embeddable":true,"href":"https:\/\/mercadohogar.ca\/es\/wp-json\/wp\/v2\/product_brand?post=4649"},{"taxonomy":"product_cat","embeddable":true,"href":"https:\/\/mercadohogar.ca\/es\/wp-json\/wp\/v2\/product_cat?post=4649"},{"taxonomy":"product_tag","embeddable":true,"href":"https:\/\/mercadohogar.ca\/es\/wp-json\/wp\/v2\/product_tag?post=4649"}],"curies":[{"name":"wp","href":"https:\/\/api.w.org\/{rel}","templated":true}]}}