{"id":4651,"date":"2026-01-12T15:32:47","date_gmt":"2026-01-12T15:32:47","guid":{"rendered":"https:\/\/mercadohogar.ca\/?post_type=product&#038;p=4651"},"modified":"2026-01-17T23:12:49","modified_gmt":"2026-01-17T23:12:49","slug":"frigorifico-congelador-de-125-l","status":"publish","type":"product","link":"https:\/\/mercadohogar.ca\/es\/product\/frigorifico-congelador-de-125-l\/","title":{"rendered":"Frigor\u00edfico-congelador de 125 L"},"content":{"rendered":"<ul>\n<li>Capacidad: 4,4 ft\u00b3<\/li>\n<li>Color: Negro con puerta de acero inoxidable<\/li>\n<li>Puerta reversible<\/li>\n<li>Compartimento congelador independiente<\/li>\n<li>Control mec\u00e1nico de temperatura<\/li>\n<li>Patas ajustables<\/li>\n<\/ul>\n<ul>\n<li>Ahorro de energ\u00eda<\/li>\n<li>Luz interior<\/li>\n<li>Caj\u00f3n para verduras y frutas<\/li>\n<li>Dispensador de latas y estante de almacenamiento<\/li>\n<li>Potencia: 110 vatios<\/li>\n<li>Tipo de gas: R600a<\/li>\n<\/ul>\n","protected":false},"excerpt":{"rendered":"<p>Capacidad: 4,4 ft\u00b3 Color: Negro con puerta de acero inoxidable Puerta reversible Compartimento congelador independiente Control mec\u00e1nico de temperatura Patas ajustables Ahorro de energ\u00eda Luz interior Caj\u00f3n para verduras y&hellip;<\/p>\n","protected":false},"featured_media":2246,"template":"","meta":[],"product_brand":[],"product_cat":[988],"product_tag":[],"class_list":{"0":"post-4651","1":"product","2":"type-product","3":"status-publish","4":"has-post-thumbnail","6":"product_cat-electrodomesticos","7":"product_shipping_class-aerovaradero-general","9":"first","10":"instock","11":"shipping-taxable","12":"purchasable","13":"product-type-simple"},"_links":{"self":[{"href":"https:\/\/mercadohogar.ca\/es\/wp-json\/wp\/v2\/product\/4651","targetHints":{"allow":["GET"]}}],"collection":[{"href":"https:\/\/mercadohogar.ca\/es\/wp-json\/wp\/v2\/product"}],"about":[{"href":"https:\/\/mercadohogar.ca\/es\/wp-json\/wp\/v2\/types\/product"}],"version-history":[{"count":1,"href":"https:\/\/mercadohogar.ca\/es\/wp-json\/wp\/v2\/product\/4651\/revisions"}],"predecessor-version":[{"id":4944,"href":"https:\/\/mercadohogar.ca\/es\/wp-json\/wp\/v2\/product\/4651\/revisions\/4944"}],"wp:featuredmedia":[{"embeddable":true,"href":"https:\/\/mercadohogar.ca\/es\/wp-json\/wp\/v2\/media\/2246"}],"wp:attachment":[{"href":"https:\/\/mercadohogar.ca\/es\/wp-json\/wp\/v2\/media?parent=4651"}],"wp:term":[{"taxonomy":"product_brand","embeddable":true,"href":"https:\/\/mercadohogar.ca\/es\/wp-json\/wp\/v2\/product_brand?post=4651"},{"taxonomy":"product_cat","embeddable":true,"href":"https:\/\/mercadohogar.ca\/es\/wp-json\/wp\/v2\/product_cat?post=4651"},{"taxonomy":"product_tag","embeddable":true,"href":"https:\/\/mercadohogar.ca\/es\/wp-json\/wp\/v2\/product_tag?post=4651"}],"curies":[{"name":"wp","href":"https:\/\/api.w.org\/{rel}","templated":true}]}}