{"id":4652,"date":"2026-01-12T15:32:41","date_gmt":"2026-01-12T15:32:41","guid":{"rendered":"https:\/\/mercadohogar.ca\/?post_type=product&#038;p=4652"},"modified":"2026-01-17T23:12:54","modified_gmt":"2026-01-17T23:12:54","slug":"alivio-para-la-alergia-aerius","status":"publish","type":"product","link":"https:\/\/mercadohogar.ca\/es\/producto\/alivio-para-la-alergia-aerius\/","title":{"rendered":"Alivio para la alergia Aerius"},"content":{"rendered":"<p>Est\u00e1 cl\u00ednicamente probado que Aerius proporciona un alivio r\u00e1pido y eficaz de 15 s\u00edntomas de alergia diferentes. Con 5 miligramos de desloratadina por comprimido, Aerius es un antihistam\u00ednico no somnoliento que proporciona alivio multisintom\u00e1tico para ojos irritados, con ardor, llorosos, hinchados y enrojecidos, congesti\u00f3n y taponamiento, estornudos, secreci\u00f3n nasal, picor de nariz, tos al\u00e9rgica, picor de garganta, picor de o\u00eddos, picor de paladar, picor de piel y urticaria. Ya sea por plantas o animales, en interiores o exteriores, Aerius est\u00e1 respaldado por la ciencia para aliviar sus s\u00edntomas de alergia. Adem\u00e1s, esta f\u00f3rmula de larga duraci\u00f3n le permite hacer las cosas que le gustan, durante todo el a\u00f1o, sin que sus s\u00edntomas de alergia se lo impidan.   <\/p>\n<div>Ingrediente medicinal:<\/div>\n<div>Cada comprimido contiene 5 mg de desloratadina (antihistam\u00ednico)<\/div>\n<div>Precauciones y advertencias:<\/div>\n<div>Antes de usar Aerius, consulte a su m\u00e9dico o farmac\u00e9utico si tiene una enfermedad hep\u00e1tica o renal, planea quedarse embarazada, est\u00e1 amamantando o tiene antecedentes m\u00e9dicos o familiares de convulsiones.<\/div>\n<div>Almacenamiento:<\/div>\n<div>Conservar entre 15 \u00b0C y 30 \u00b0C.<\/div>\n","protected":false},"excerpt":{"rendered":"<p>Est\u00e1 cl\u00ednicamente probado que Aerius proporciona un alivio r\u00e1pido y eficaz de 15 s\u00edntomas de alergia diferentes. Con 5 miligramos de desloratadina por comprimido, Aerius es un antihistam\u00ednico no somnoliento que proporciona alivio multisintom\u00e1tico para ojos irritados, con ardor, llorosos, hinchados y enrojecidos, congesti\u00f3n y taponamiento, estornudos, secreci\u00f3n nasal, picor de nariz, tos al\u00e9rgica, picor de garganta, picor de o\u00eddos, [&hellip;]<\/p>\n","protected":false},"featured_media":2300,"template":"","meta":{"_coblocks_attr":"","_coblocks_dimensions":"","_coblocks_responsive_height":"","_coblocks_accordion_ie_support":"","postBodyCss":"","postBodyMargin":[],"postBodyPadding":[],"postBodyBackground":{"backgroundType":"classic","gradient":""}},"product_brand":[],"product_cat":[993],"product_tag":[],"class_list":{"0":"post-4652","1":"product","2":"type-product","3":"status-publish","4":"has-post-thumbnail","6":"product_cat-suministros-medicos-vitaminas-y-suplementos","7":"product_shipping_class-aerovaradero-general","9":"first","10":"instock","11":"taxable","12":"shipping-taxable","13":"purchasable","14":"product-type-simple"},"yoast_head":"<!-- This site is optimized with the Yoast SEO plugin v27.4 - https:\/\/yoast.com\/product\/yoast-seo-wordpress\/ -->\n<title>Alivio para la alergia Aerius - Mercado Hogar<\/title>\n<meta name=\"robots\" content=\"index, follow, max-snippet:-1, max-image-preview:large, max-video-preview:-1\" \/>\n<link rel=\"canonical\" href=\"https:\/\/mercadohogar.ca\/es\/producto\/alivio-para-la-alergia-aerius\/\" \/>\n<meta property=\"og:locale\" content=\"es_ES\" \/>\n<meta property=\"og:type\" content=\"article\" \/>\n<meta property=\"og:title\" content=\"Alivio para la alergia Aerius - Mercado Hogar\" \/>\n<meta property=\"og:description\" content=\"Est\u00e1 cl\u00ednicamente probado que Aerius proporciona un alivio r\u00e1pido y eficaz de 15 s\u00edntomas de alergia diferentes. Con 5 miligramos de desloratadina por comprimido, Aerius es un antihistam\u00ednico no somnoliento que proporciona alivio multisintom\u00e1tico para ojos irritados, con ardor, llorosos, hinchados y enrojecidos, congesti\u00f3n y taponamiento, estornudos, secreci\u00f3n nasal, picor de nariz, tos al\u00e9rgica, picor de garganta, picor de o\u00eddos, [&hellip;]\" \/>\n<meta property=\"og:url\" content=\"https:\/\/mercadohogar.ca\/es\/producto\/alivio-para-la-alergia-aerius\/\" \/>\n<meta property=\"og:site_name\" content=\"Mercado Hogar\" \/>\n<meta property=\"article:modified_time\" content=\"2026-01-17T23:12:54+00:00\" \/>\n<meta property=\"og:image\" content=\"https:\/\/mercadohogar.ca\/wp-content\/uploads\/2026\/01\/wp-image-7336647440.jpg\" \/>\n\t<meta property=\"og:image:width\" content=\"680\" \/>\n\t<meta property=\"og:image:height\" content=\"680\" \/>\n\t<meta property=\"og:image:type\" content=\"image\/jpeg\" \/>\n<meta name=\"twitter:card\" content=\"summary_large_image\" \/>\n<meta name=\"twitter:label1\" content=\"Tiempo de lectura\" \/>\n\t<meta name=\"twitter:data1\" content=\"1 minuto\" \/>\n<script type=\"application\/ld+json\" class=\"yoast-schema-graph\">{\"@context\":\"https:\\\/\\\/schema.org\",\"@graph\":[{\"@type\":\"WebPage\",\"@id\":\"https:\\\/\\\/mercadohogar.ca\\\/es\\\/producto\\\/alivio-para-la-alergia-aerius\\\/\",\"url\":\"https:\\\/\\\/mercadohogar.ca\\\/es\\\/producto\\\/alivio-para-la-alergia-aerius\\\/\",\"name\":\"Alivio para la alergia Aerius - Mercado Hogar\",\"isPartOf\":{\"@id\":\"https:\\\/\\\/mercadohogar.ca\\\/es\\\/#website\"},\"primaryImageOfPage\":{\"@id\":\"https:\\\/\\\/mercadohogar.ca\\\/es\\\/producto\\\/alivio-para-la-alergia-aerius\\\/#primaryimage\"},\"image\":{\"@id\":\"https:\\\/\\\/mercadohogar.ca\\\/es\\\/producto\\\/alivio-para-la-alergia-aerius\\\/#primaryimage\"},\"thumbnailUrl\":\"https:\\\/\\\/mercadohogar.ca\\\/wp-content\\\/uploads\\\/2026\\\/01\\\/wp-image-7336647440.jpg\",\"datePublished\":\"2026-01-12T15:32:41+00:00\",\"dateModified\":\"2026-01-17T23:12:54+00:00\",\"breadcrumb\":{\"@id\":\"https:\\\/\\\/mercadohogar.ca\\\/es\\\/producto\\\/alivio-para-la-alergia-aerius\\\/#breadcrumb\"},\"inLanguage\":\"es\",\"potentialAction\":[{\"@type\":\"ReadAction\",\"target\":[\"https:\\\/\\\/mercadohogar.ca\\\/es\\\/producto\\\/alivio-para-la-alergia-aerius\\\/\"]}]},{\"@type\":\"ImageObject\",\"inLanguage\":\"es\",\"@id\":\"https:\\\/\\\/mercadohogar.ca\\\/es\\\/producto\\\/alivio-para-la-alergia-aerius\\\/#primaryimage\",\"url\":\"https:\\\/\\\/mercadohogar.ca\\\/wp-content\\\/uploads\\\/2026\\\/01\\\/wp-image-7336647440.jpg\",\"contentUrl\":\"https:\\\/\\\/mercadohogar.ca\\\/wp-content\\\/uploads\\\/2026\\\/01\\\/wp-image-7336647440.jpg\",\"width\":680,\"height\":680},{\"@type\":\"BreadcrumbList\",\"@id\":\"https:\\\/\\\/mercadohogar.ca\\\/es\\\/producto\\\/alivio-para-la-alergia-aerius\\\/#breadcrumb\",\"itemListElement\":[{\"@type\":\"ListItem\",\"position\":1,\"name\":\"Home\",\"item\":\"https:\\\/\\\/mercadohogar.ca\\\/es\\\/\"},{\"@type\":\"ListItem\",\"position\":2,\"name\":\"Tienda\",\"item\":\"https:\\\/\\\/mercadohogar.ca\\\/es\\\/tienda-2\\\/\"},{\"@type\":\"ListItem\",\"position\":3,\"name\":\"Alivio para la alergia Aerius\"}]},{\"@type\":\"WebSite\",\"@id\":\"https:\\\/\\\/mercadohogar.ca\\\/es\\\/#website\",\"url\":\"https:\\\/\\\/mercadohogar.ca\\\/es\\\/\",\"name\":\"Mercado Hogar\",\"description\":\"Mercado Hogar\",\"publisher\":{\"@id\":\"https:\\\/\\\/mercadohogar.ca\\\/es\\\/#organization\"},\"potentialAction\":[{\"@type\":\"SearchAction\",\"target\":{\"@type\":\"EntryPoint\",\"urlTemplate\":\"https:\\\/\\\/mercadohogar.ca\\\/es\\\/?s={search_term_string}\"},\"query-input\":{\"@type\":\"PropertyValueSpecification\",\"valueRequired\":true,\"valueName\":\"search_term_string\"}}],\"inLanguage\":\"es\"},{\"@type\":\"Organization\",\"@id\":\"https:\\\/\\\/mercadohogar.ca\\\/es\\\/#organization\",\"name\":\"Mercado Hogar\",\"url\":\"https:\\\/\\\/mercadohogar.ca\\\/es\\\/\",\"logo\":{\"@type\":\"ImageObject\",\"inLanguage\":\"es\",\"@id\":\"https:\\\/\\\/mercadohogar.ca\\\/es\\\/#\\\/schema\\\/logo\\\/image\\\/\",\"url\":\"https:\\\/\\\/mercadohogar.ca\\\/wp-content\\\/uploads\\\/2025\\\/12\\\/MH-LOGO.png\",\"contentUrl\":\"https:\\\/\\\/mercadohogar.ca\\\/wp-content\\\/uploads\\\/2025\\\/12\\\/MH-LOGO.png\",\"width\":1200,\"height\":1200,\"caption\":\"Mercado Hogar\"},\"image\":{\"@id\":\"https:\\\/\\\/mercadohogar.ca\\\/es\\\/#\\\/schema\\\/logo\\\/image\\\/\"}}]}<\/script>\n<!-- \/ Yoast SEO plugin. -->","yoast_head_json":{"title":"Alivio para la alergia Aerius - Mercado Hogar","robots":{"index":"index","follow":"follow","max-snippet":"max-snippet:-1","max-image-preview":"max-image-preview:large","max-video-preview":"max-video-preview:-1"},"canonical":"https:\/\/mercadohogar.ca\/es\/producto\/alivio-para-la-alergia-aerius\/","og_locale":"es_ES","og_type":"article","og_title":"Alivio para la alergia Aerius - Mercado Hogar","og_description":"Est\u00e1 cl\u00ednicamente probado que Aerius proporciona un alivio r\u00e1pido y eficaz de 15 s\u00edntomas de alergia diferentes. Con 5 miligramos de desloratadina por comprimido, Aerius es un antihistam\u00ednico no somnoliento que proporciona alivio multisintom\u00e1tico para ojos irritados, con ardor, llorosos, hinchados y enrojecidos, congesti\u00f3n y taponamiento, estornudos, secreci\u00f3n nasal, picor de nariz, tos al\u00e9rgica, picor de garganta, picor de o\u00eddos, [&hellip;]","og_url":"https:\/\/mercadohogar.ca\/es\/producto\/alivio-para-la-alergia-aerius\/","og_site_name":"Mercado Hogar","article_modified_time":"2026-01-17T23:12:54+00:00","og_image":[{"width":680,"height":680,"url":"https:\/\/mercadohogar.ca\/wp-content\/uploads\/2026\/01\/wp-image-7336647440.jpg","type":"image\/jpeg"}],"twitter_card":"summary_large_image","twitter_misc":{"Tiempo de lectura":"1 minuto"},"schema":{"@context":"https:\/\/schema.org","@graph":[{"@type":"WebPage","@id":"https:\/\/mercadohogar.ca\/es\/producto\/alivio-para-la-alergia-aerius\/","url":"https:\/\/mercadohogar.ca\/es\/producto\/alivio-para-la-alergia-aerius\/","name":"Alivio para la alergia Aerius - Mercado Hogar","isPartOf":{"@id":"https:\/\/mercadohogar.ca\/es\/#website"},"primaryImageOfPage":{"@id":"https:\/\/mercadohogar.ca\/es\/producto\/alivio-para-la-alergia-aerius\/#primaryimage"},"image":{"@id":"https:\/\/mercadohogar.ca\/es\/producto\/alivio-para-la-alergia-aerius\/#primaryimage"},"thumbnailUrl":"https:\/\/mercadohogar.ca\/wp-content\/uploads\/2026\/01\/wp-image-7336647440.jpg","datePublished":"2026-01-12T15:32:41+00:00","dateModified":"2026-01-17T23:12:54+00:00","breadcrumb":{"@id":"https:\/\/mercadohogar.ca\/es\/producto\/alivio-para-la-alergia-aerius\/#breadcrumb"},"inLanguage":"es","potentialAction":[{"@type":"ReadAction","target":["https:\/\/mercadohogar.ca\/es\/producto\/alivio-para-la-alergia-aerius\/"]}]},{"@type":"ImageObject","inLanguage":"es","@id":"https:\/\/mercadohogar.ca\/es\/producto\/alivio-para-la-alergia-aerius\/#primaryimage","url":"https:\/\/mercadohogar.ca\/wp-content\/uploads\/2026\/01\/wp-image-7336647440.jpg","contentUrl":"https:\/\/mercadohogar.ca\/wp-content\/uploads\/2026\/01\/wp-image-7336647440.jpg","width":680,"height":680},{"@type":"BreadcrumbList","@id":"https:\/\/mercadohogar.ca\/es\/producto\/alivio-para-la-alergia-aerius\/#breadcrumb","itemListElement":[{"@type":"ListItem","position":1,"name":"Home","item":"https:\/\/mercadohogar.ca\/es\/"},{"@type":"ListItem","position":2,"name":"Tienda","item":"https:\/\/mercadohogar.ca\/es\/tienda-2\/"},{"@type":"ListItem","position":3,"name":"Alivio para la alergia Aerius"}]},{"@type":"WebSite","@id":"https:\/\/mercadohogar.ca\/es\/#website","url":"https:\/\/mercadohogar.ca\/es\/","name":"Mercado Hogar","description":"Mercado Hogar","publisher":{"@id":"https:\/\/mercadohogar.ca\/es\/#organization"},"potentialAction":[{"@type":"SearchAction","target":{"@type":"EntryPoint","urlTemplate":"https:\/\/mercadohogar.ca\/es\/?s={search_term_string}"},"query-input":{"@type":"PropertyValueSpecification","valueRequired":true,"valueName":"search_term_string"}}],"inLanguage":"es"},{"@type":"Organization","@id":"https:\/\/mercadohogar.ca\/es\/#organization","name":"Mercado Hogar","url":"https:\/\/mercadohogar.ca\/es\/","logo":{"@type":"ImageObject","inLanguage":"es","@id":"https:\/\/mercadohogar.ca\/es\/#\/schema\/logo\/image\/","url":"https:\/\/mercadohogar.ca\/wp-content\/uploads\/2025\/12\/MH-LOGO.png","contentUrl":"https:\/\/mercadohogar.ca\/wp-content\/uploads\/2025\/12\/MH-LOGO.png","width":1200,"height":1200,"caption":"Mercado Hogar"},"image":{"@id":"https:\/\/mercadohogar.ca\/es\/#\/schema\/logo\/image\/"}}]}},"jetpack_sharing_enabled":true,"_links":{"self":[{"href":"https:\/\/mercadohogar.ca\/es\/wp-json\/wp\/v2\/product\/4652","targetHints":{"allow":["GET"]}}],"collection":[{"href":"https:\/\/mercadohogar.ca\/es\/wp-json\/wp\/v2\/product"}],"about":[{"href":"https:\/\/mercadohogar.ca\/es\/wp-json\/wp\/v2\/types\/product"}],"version-history":[{"count":1,"href":"https:\/\/mercadohogar.ca\/es\/wp-json\/wp\/v2\/product\/4652\/revisions"}],"predecessor-version":[{"id":4936,"href":"https:\/\/mercadohogar.ca\/es\/wp-json\/wp\/v2\/product\/4652\/revisions\/4936"}],"wp:featuredmedia":[{"embeddable":true,"href":"https:\/\/mercadohogar.ca\/es\/wp-json\/wp\/v2\/media\/2300"}],"wp:attachment":[{"href":"https:\/\/mercadohogar.ca\/es\/wp-json\/wp\/v2\/media?parent=4652"}],"wp:term":[{"taxonomy":"product_brand","embeddable":true,"href":"https:\/\/mercadohogar.ca\/es\/wp-json\/wp\/v2\/product_brand?post=4652"},{"taxonomy":"product_cat","embeddable":true,"href":"https:\/\/mercadohogar.ca\/es\/wp-json\/wp\/v2\/product_cat?post=4652"},{"taxonomy":"product_tag","embeddable":true,"href":"https:\/\/mercadohogar.ca\/es\/wp-json\/wp\/v2\/product_tag?post=4652"}],"curies":[{"name":"wp","href":"https:\/\/api.w.org\/{rel}","templated":true}]}}