{"id":4655,"date":"2026-01-12T15:32:39","date_gmt":"2026-01-12T15:32:39","guid":{"rendered":"https:\/\/mercadohogar.ca\/?post_type=product&#038;p=4655"},"modified":"2026-01-17T23:12:57","modified_gmt":"2026-01-17T23:12:57","slug":"contadora-de-billetes-a-pilas-contadora-de-dinero-portatil-recargable-con-deteccion-uv-mg","status":"publish","type":"product","link":"https:\/\/mercadohogar.ca\/es\/product\/contadora-de-billetes-a-pilas-contadora-de-dinero-portatil-recargable-con-deteccion-uv-mg\/","title":{"rendered":"Contadora de billetes a pilas, contadora de dinero port\u00e1til recargable con detecci\u00f3n UV MG"},"content":{"rendered":"<ul>\n<li>Bater\u00eda recargable incorporada: Equipada con una bater\u00eda de gran capacidad. La m\u00e1quina puede permanecer en espera hasta 72 horas con una sola carga, adecuada tanto para uso dom\u00e9stico como para viajes de negocios. <\/li>\n<li><span class=\"a-list-item\">Con una mochila: Se ha preparado una mochila para facilitar su transporte. Esta contadora de dinero port\u00e1til mantendr\u00e1 su propiedad segura en todo momento. <\/span><\/li>\n<li><span class=\"a-list-item\">800 unidades\/min: Nuestra contadora de dinero port\u00e1til es una m\u00e1quina m\u00e1s peque\u00f1a, ligera pero m\u00e1s r\u00e1pida que puede ahorrarle un tiempo valioso con una velocidad de conteo de 800 hojas por minuto.<\/span><\/li>\n<li><span class=\"a-list-item\">2 modos disponibles: Adem\u00e1s de la verificaci\u00f3n y el conteo de m\u00faltiples divisas, la m\u00e1quina tambi\u00e9n se puede utilizar para contar boletos, lo que ampl\u00eda a\u00fan m\u00e1s la gama de usos.<\/span><\/li>\n<li><span class=\"a-list-item\">Servicio postventa profesional: Durante el uso, los billetes pueden atascarse debido a su novedad y a la forma en que se colocan.<\/span><\/li>\n<\/ul>\n","protected":false},"excerpt":{"rendered":"<p>Bater\u00eda recargable incorporada: Equipada con una bater\u00eda de gran capacidad. La m\u00e1quina puede permanecer en espera hasta 72 horas con una sola carga, adecuada tanto para uso dom\u00e9stico como para&hellip;<\/p>\n","protected":false},"featured_media":2318,"template":"","meta":[],"product_brand":[],"product_cat":[992],"product_tag":[],"class_list":{"0":"post-4655","1":"product","2":"type-product","3":"status-publish","4":"has-post-thumbnail","6":"product_cat-mejoras-en-el-hogar","7":"product_shipping_class-aerovaradero-general","9":"first","10":"instock","11":"shipping-taxable","12":"purchasable","13":"product-type-simple"},"_links":{"self":[{"href":"https:\/\/mercadohogar.ca\/es\/wp-json\/wp\/v2\/product\/4655","targetHints":{"allow":["GET"]}}],"collection":[{"href":"https:\/\/mercadohogar.ca\/es\/wp-json\/wp\/v2\/product"}],"about":[{"href":"https:\/\/mercadohogar.ca\/es\/wp-json\/wp\/v2\/types\/product"}],"version-history":[{"count":1,"href":"https:\/\/mercadohogar.ca\/es\/wp-json\/wp\/v2\/product\/4655\/revisions"}],"predecessor-version":[{"id":4932,"href":"https:\/\/mercadohogar.ca\/es\/wp-json\/wp\/v2\/product\/4655\/revisions\/4932"}],"wp:featuredmedia":[{"embeddable":true,"href":"https:\/\/mercadohogar.ca\/es\/wp-json\/wp\/v2\/media\/2318"}],"wp:attachment":[{"href":"https:\/\/mercadohogar.ca\/es\/wp-json\/wp\/v2\/media?parent=4655"}],"wp:term":[{"taxonomy":"product_brand","embeddable":true,"href":"https:\/\/mercadohogar.ca\/es\/wp-json\/wp\/v2\/product_brand?post=4655"},{"taxonomy":"product_cat","embeddable":true,"href":"https:\/\/mercadohogar.ca\/es\/wp-json\/wp\/v2\/product_cat?post=4655"},{"taxonomy":"product_tag","embeddable":true,"href":"https:\/\/mercadohogar.ca\/es\/wp-json\/wp\/v2\/product_tag?post=4655"}],"curies":[{"name":"wp","href":"https:\/\/api.w.org\/{rel}","templated":true}]}}