{"id":4657,"date":"2026-01-12T15:32:36","date_gmt":"2026-01-12T15:32:36","guid":{"rendered":"https:\/\/mercadohogar.ca\/?post_type=product&#038;p=4657"},"modified":"2026-01-17T23:12:59","modified_gmt":"2026-01-17T23:12:59","slug":"arrocera-y-vaporera-antiadherente-black-decker","status":"publish","type":"product","link":"https:\/\/mercadohogar.ca\/es\/product\/arrocera-y-vaporera-antiadherente-black-decker\/","title":{"rendered":"Arrocera y vaporera antiadherente Black &amp; Decker"},"content":{"rendered":"<p>La arrocera BLACK+DECKER de 6 tazas prepara arroz perfecto en todo momento. Disfruta de un arroz delicioso y esponjoso en tan solo 20-30 minutos para facilitar la preparaci\u00f3n de la comida y obtener resultados que gusten a todos. La arrocera autom\u00e1tica incluye una funci\u00f3n de \u00abmantener caliente\u00bb para que el arroz est\u00e9 siempre a la temperatura adecuada.  <\/p>\n","protected":false},"excerpt":{"rendered":"<p>La arrocera BLACK+DECKER de 6 tazas prepara arroz perfecto en todo momento. Disfruta de un arroz delicioso y esponjoso en tan solo 20-30 minutos para facilitar la preparaci\u00f3n de la&hellip;<\/p>\n","protected":false},"featured_media":2328,"template":"","meta":[],"product_brand":[],"product_cat":[988],"product_tag":[],"class_list":{"0":"post-4657","1":"product","2":"type-product","3":"status-publish","4":"has-post-thumbnail","6":"product_cat-electrodomesticos","7":"product_shipping_class-aerovaradero-general","9":"first","10":"instock","11":"shipping-taxable","12":"purchasable","13":"product-type-simple"},"_links":{"self":[{"href":"https:\/\/mercadohogar.ca\/es\/wp-json\/wp\/v2\/product\/4657","targetHints":{"allow":["GET"]}}],"collection":[{"href":"https:\/\/mercadohogar.ca\/es\/wp-json\/wp\/v2\/product"}],"about":[{"href":"https:\/\/mercadohogar.ca\/es\/wp-json\/wp\/v2\/types\/product"}],"version-history":[{"count":1,"href":"https:\/\/mercadohogar.ca\/es\/wp-json\/wp\/v2\/product\/4657\/revisions"}],"predecessor-version":[{"id":4928,"href":"https:\/\/mercadohogar.ca\/es\/wp-json\/wp\/v2\/product\/4657\/revisions\/4928"}],"wp:featuredmedia":[{"embeddable":true,"href":"https:\/\/mercadohogar.ca\/es\/wp-json\/wp\/v2\/media\/2328"}],"wp:attachment":[{"href":"https:\/\/mercadohogar.ca\/es\/wp-json\/wp\/v2\/media?parent=4657"}],"wp:term":[{"taxonomy":"product_brand","embeddable":true,"href":"https:\/\/mercadohogar.ca\/es\/wp-json\/wp\/v2\/product_brand?post=4657"},{"taxonomy":"product_cat","embeddable":true,"href":"https:\/\/mercadohogar.ca\/es\/wp-json\/wp\/v2\/product_cat?post=4657"},{"taxonomy":"product_tag","embeddable":true,"href":"https:\/\/mercadohogar.ca\/es\/wp-json\/wp\/v2\/product_tag?post=4657"}],"curies":[{"name":"wp","href":"https:\/\/api.w.org\/{rel}","templated":true}]}}