{"id":4658,"date":"2026-01-12T15:32:35","date_gmt":"2026-01-12T15:32:35","guid":{"rendered":"https:\/\/mercadohogar.ca\/?post_type=product&#038;p=4658"},"modified":"2026-01-17T23:13:01","modified_gmt":"2026-01-17T23:13:01","slug":"kit-de-pesca-en-caja","status":"publish","type":"product","link":"https:\/\/mercadohogar.ca\/es\/product\/kit-de-pesca-en-caja\/","title":{"rendered":"Kit de pesca en caja"},"content":{"rendered":"<p>Los se\u00f1uelos de pesca realistas y con buen nado est\u00e1n dise\u00f1ados y producidos por pescadores profesionales. El cebo bi\u00f3nico de alta calidad tiene ojos 3D especiales, que pueden atraer mejor a los peces para que muerdan y no se rompan f\u00e1cilmente. Los gusanos de pl\u00e1stico son muy realistas para adaptarse a cualquier necesidad de pesca. Todas estas caracter\u00edsticas \u00fanicas hacen que este organizador de caja de aparejos atraiga a m\u00e1s peces, sin importar qu\u00e9 tipo de pez depredador est\u00e9s acechando. <\/p>\n<div>Potente adici\u00f3n para pescadores principiantes y profesionales. Se pueden ensamblar accesorios de pesca y se\u00f1uelos de pesca realistas en varios modos de juego. Este equipo de pesca es adecuado para la pesca r\u00e1pida y la pesca fina. No importa el clima, encontrar\u00e1s un cebo adecuado incluido aqu\u00ed. <\/div>\n<div>Materiales de primera calidad. Cada uno de los accesorios de pesca tiene un dise\u00f1o duradero y confiable hecho con pl\u00e1stico duro, pl\u00e1stico blando, acero, hierro o aluminio. Estos materiales son resistentes a la corrosi\u00f3n y te permiten capturar una amplia variedad de peces. Un kit completo de se\u00f1uelos de pesca para agua salada y agua dulce, perfecto para el oc\u00e9ano, el lago, el r\u00edo, el embalse, el estanque y el arroyo. <\/div>\n<div>Uso amplio. Los abundantes accesorios en la caja de aparejos con aparejos incluidos pueden proporcionar una variedad de aparejos de pesca, adapt\u00e1ndose perfectamente a las necesidades de pesca de diferentes aguas. Tambi\u00e9n se incluyen se\u00f1uelos de curric\u00e1n, plomos de peso, topes de l\u00ednea, l\u00edderes, eslabones giratorios y anzuelos para armar el mejor aparejo.<\/div>\n","protected":false},"excerpt":{"rendered":"<p>Los se\u00f1uelos de pesca realistas y con buen nado est\u00e1n dise\u00f1ados y producidos por pescadores profesionales. El cebo bi\u00f3nico de alta calidad tiene ojos 3D especiales, que pueden atraer mejor&hellip;<\/p>\n","protected":false},"featured_media":2345,"template":"","meta":[],"product_brand":[],"product_cat":[991],"product_tag":[],"class_list":{"0":"post-4658","1":"product","2":"type-product","3":"status-publish","4":"has-post-thumbnail","6":"product_cat-pasatiempo","7":"product_shipping_class-aerovaradero-general","9":"first","10":"instock","11":"shipping-taxable","12":"purchasable","13":"product-type-simple"},"_links":{"self":[{"href":"https:\/\/mercadohogar.ca\/es\/wp-json\/wp\/v2\/product\/4658","targetHints":{"allow":["GET"]}}],"collection":[{"href":"https:\/\/mercadohogar.ca\/es\/wp-json\/wp\/v2\/product"}],"about":[{"href":"https:\/\/mercadohogar.ca\/es\/wp-json\/wp\/v2\/types\/product"}],"version-history":[{"count":1,"href":"https:\/\/mercadohogar.ca\/es\/wp-json\/wp\/v2\/product\/4658\/revisions"}],"predecessor-version":[{"id":4926,"href":"https:\/\/mercadohogar.ca\/es\/wp-json\/wp\/v2\/product\/4658\/revisions\/4926"}],"wp:featuredmedia":[{"embeddable":true,"href":"https:\/\/mercadohogar.ca\/es\/wp-json\/wp\/v2\/media\/2345"}],"wp:attachment":[{"href":"https:\/\/mercadohogar.ca\/es\/wp-json\/wp\/v2\/media?parent=4658"}],"wp:term":[{"taxonomy":"product_brand","embeddable":true,"href":"https:\/\/mercadohogar.ca\/es\/wp-json\/wp\/v2\/product_brand?post=4658"},{"taxonomy":"product_cat","embeddable":true,"href":"https:\/\/mercadohogar.ca\/es\/wp-json\/wp\/v2\/product_cat?post=4658"},{"taxonomy":"product_tag","embeddable":true,"href":"https:\/\/mercadohogar.ca\/es\/wp-json\/wp\/v2\/product_tag?post=4658"}],"curies":[{"name":"wp","href":"https:\/\/api.w.org\/{rel}","templated":true}]}}