{"id":4659,"date":"2026-01-12T15:32:34","date_gmt":"2026-01-12T15:32:34","guid":{"rendered":"https:\/\/mercadohogar.ca\/?post_type=product&#038;p=4659"},"modified":"2026-01-17T23:13:02","modified_gmt":"2026-01-17T23:13:02","slug":"nevera-portatil-bougerv-de-23-quart-12v","status":"publish","type":"product","link":"https:\/\/mercadohogar.ca\/es\/product\/nevera-portatil-bougerv-de-23-quart-12v\/","title":{"rendered":"Nevera Port\u00e1til BougeRV de 23 Quart 12V"},"content":{"rendered":"<p>Qu\u00e9 Recibes: El frigor\u00edfico CR22 de 12V viene con 2 a\u00f1os de Soporte T\u00e9cnico. Si tienes alguna pregunta sobre el producto, CONTACTA CON BougeRV, ya que ofrecemos un Soporte T\u00e9cnico amigable. El paquete incluye: cable de alimentaci\u00f3n de CC de 3,3 m, cable de alimentaci\u00f3n de CA de 2 m y manual de usuario.<br \/>Enfriamiento R\u00e1pido hasta 0\u2103: Con tecnolog\u00eda de refrigeraci\u00f3n por compresor, este frigor\u00edfico para coche de 12V puede lograr un enfriamiento r\u00e1pido de 15 min desde 25\u2103 hasta 0\u2103 y 50 min desde 25\u2103 hasta -15\u2103, manteniendo tus alimentos frescos. No necesita hielo, no se estropea la comida, ahorrando dinero y espacio.    <\/p>\n<p>Bajo Consumo de Energ\u00eda de 45W: Con el modo de ahorro de energ\u00eda ECO, la potencia de funcionamiento de este frigor\u00edfico port\u00e1til de 23 Qt es inferior a 36W. Incluso funcionando en modo MAX (45W), consume mucho menos de 1 kWh\/d\u00eda gracias a su ciclo de trabajo inteligente. Puedes utilizar este frigor\u00edfico congelador port\u00e1til con alimentaci\u00f3n de 12\/24V CC en varios veh\u00edculos, como SUVs, camiones, RVs, campers, furgonetas, barcos, etc.  <\/p>\n<p>Bajo Nivel de Ruido de 45dB: El congelador para cami\u00f3n est\u00e1 dise\u00f1ado para funcionar con poco ruido para asegurar que tengas un buen descanso despu\u00e9s de un largo viaje. Este frigor\u00edfico de camping tambi\u00e9n tiene un dise\u00f1o a prueba de golpes para afrontar carreteras irregulares, funcionando sin problemas en caso de una inclinaci\u00f3n de 30\u00b0 cuando est\u00e1s fuera de la carretera.<br \/>Protecci\u00f3n de Bater\u00eda de Voltaje de 3 Niveles: El frigor\u00edfico\/congelador RV est\u00e1 equipado con un monitor de bater\u00eda de 3 niveles para evitar que el frigor\u00edfico descargue la bater\u00eda de tu veh\u00edculo. Puedes elegir a qu\u00e9 voltaje de la bater\u00eda se apaga el frigor\u00edfico para evitar la descarga completa de la bater\u00eda  <\/p>\n","protected":false},"excerpt":{"rendered":"<p>Qu\u00e9 Recibes: El frigor\u00edfico CR22 de 12V viene con 2 a\u00f1os de Soporte T\u00e9cnico. Si tienes alguna pregunta sobre el producto, CONTACTA CON BougeRV, ya que ofrecemos un Soporte T\u00e9cnico&hellip;<\/p>\n","protected":false},"featured_media":2342,"template":"","meta":[],"product_brand":[],"product_cat":[988],"product_tag":[],"class_list":{"0":"post-4659","1":"product","2":"type-product","3":"status-publish","4":"has-post-thumbnail","6":"product_cat-electrodomesticos","7":"product_shipping_class-aerovaradero-general","9":"first","10":"instock","11":"shipping-taxable","12":"purchasable","13":"product-type-simple"},"_links":{"self":[{"href":"https:\/\/mercadohogar.ca\/es\/wp-json\/wp\/v2\/product\/4659","targetHints":{"allow":["GET"]}}],"collection":[{"href":"https:\/\/mercadohogar.ca\/es\/wp-json\/wp\/v2\/product"}],"about":[{"href":"https:\/\/mercadohogar.ca\/es\/wp-json\/wp\/v2\/types\/product"}],"version-history":[{"count":1,"href":"https:\/\/mercadohogar.ca\/es\/wp-json\/wp\/v2\/product\/4659\/revisions"}],"predecessor-version":[{"id":4924,"href":"https:\/\/mercadohogar.ca\/es\/wp-json\/wp\/v2\/product\/4659\/revisions\/4924"}],"wp:featuredmedia":[{"embeddable":true,"href":"https:\/\/mercadohogar.ca\/es\/wp-json\/wp\/v2\/media\/2342"}],"wp:attachment":[{"href":"https:\/\/mercadohogar.ca\/es\/wp-json\/wp\/v2\/media?parent=4659"}],"wp:term":[{"taxonomy":"product_brand","embeddable":true,"href":"https:\/\/mercadohogar.ca\/es\/wp-json\/wp\/v2\/product_brand?post=4659"},{"taxonomy":"product_cat","embeddable":true,"href":"https:\/\/mercadohogar.ca\/es\/wp-json\/wp\/v2\/product_cat?post=4659"},{"taxonomy":"product_tag","embeddable":true,"href":"https:\/\/mercadohogar.ca\/es\/wp-json\/wp\/v2\/product_tag?post=4659"}],"curies":[{"name":"wp","href":"https:\/\/api.w.org\/{rel}","templated":true}]}}