{"id":4666,"date":"2026-01-12T15:33:02","date_gmt":"2026-01-12T15:33:02","guid":{"rendered":"https:\/\/mercadohogar.ca\/?post_type=product&#038;p=4666"},"modified":"2026-01-17T23:12:21","modified_gmt":"2026-01-17T23:12:21","slug":"bomba-sumergible-para-pozo-profundo-de-1-cv-bomba-de-acero-inoxidable-de-230-v-120-lpm-63-m","status":"publish","type":"product","link":"https:\/\/mercadohogar.ca\/es\/product\/bomba-sumergible-para-pozo-profundo-de-1-cv-bomba-de-acero-inoxidable-de-230-v-120-lpm-63-m\/","title":{"rendered":"Bomba sumergible para pozo profundo de 1 CV, bomba de acero inoxidable de 230 V, 120 lpm, 63 m"},"content":{"rendered":"<div>Gran caudal, gran elevaci\u00f3n: esta bomba sumergible para pozo profundo de 230 V ofrece una potencia de entrada de 1,8 CV y una potencia de salida de 1 CV, lo que proporciona una capacidad de caudal y elevaci\u00f3n excepcional. Con una elevaci\u00f3n m\u00e1xima de 63 m y un caudal de hasta 120 lpm, satisface una amplia gama de necesidades de suministro de agua. Disfrute de una fuerte presi\u00f3n de agua y un flujo continuo y fiable en m\u00faltiples aplicaciones.  <\/div>\n<div>Con caja de control externa: esta bomba para pozo profundo viene con una caja de control externa para facilitar el funcionamiento y el mantenimiento. Con un motor de cobre, proporciona un flujo de agua fuerte y estable, lo que garantiza un rendimiento fiable para todas sus necesidades de agua. <\/div>\n<div>Potente motor de cobre puro: Equipada con un motor de cable de cobre, esta bomba de agua sumergible para pozo profundo ofrece un flujo de agua fuerte y estable. El motor est\u00e1 dise\u00f1ado con protecci\u00f3n contra sobrecalentamiento para evitar el sobrecalentamiento, lo que garantiza un rendimiento \u00f3ptimo para un funcionamiento fiable y duradero. <\/div>\n<div>Construida para durar, resistente a la corrosi\u00f3n: Dise\u00f1ada para la durabilidad, nuestra bomba sumergible para pozo profundo cuenta con una clasificaci\u00f3n de impermeabilidad IP68 y est\u00e1 fabricada con conexi\u00f3n de acero inoxidable y malla de filtraci\u00f3n. Esta construcci\u00f3n resistente a la corrosi\u00f3n resiste el \u00f3xido y evita la entrada de residuos, protegiendo eficazmente el motor. <\/div>\n<p>Ideal para cualquier fuente de agua: Nuestra bomba para pozo profundo est\u00e1 construida para manejar una variedad de fuentes de agua, lo que la hace ideal para el riego agr\u00edcola, el riego del ganado, el suministro de agua residencial, la extracci\u00f3n de r\u00edos y el mantenimiento de estanques. Advertencia: Coloque una capa de gasa en la entrada para un pozo reci\u00e9n perforado. Aseg\u00farese de que el di\u00e1metro de la tuber\u00eda de su pozo exceda el di\u00e1metro de la bomba en al menos 10 mm para un ajuste \u00f3ptimo. No la utilice sin agua o con niveles bajos de agua para evitar que se queme.   <\/p>\n","protected":false},"excerpt":{"rendered":"<p>Gran caudal, gran elevaci\u00f3n: esta bomba sumergible para pozo profundo de 230 V ofrece una potencia de entrada de 1,8 CV y una potencia de salida de 1 CV, lo&hellip;<\/p>\n","protected":false},"featured_media":2178,"template":"","meta":[],"product_brand":[],"product_cat":[992],"product_tag":[],"class_list":{"0":"post-4666","1":"product","2":"type-product","3":"status-publish","4":"has-post-thumbnail","6":"product_cat-mejoras-en-el-hogar","7":"product_shipping_class-aerovaradero-general","9":"first","10":"instock","11":"shipping-taxable","12":"purchasable","13":"product-type-simple"},"_links":{"self":[{"href":"https:\/\/mercadohogar.ca\/es\/wp-json\/wp\/v2\/product\/4666","targetHints":{"allow":["GET"]}}],"collection":[{"href":"https:\/\/mercadohogar.ca\/es\/wp-json\/wp\/v2\/product"}],"about":[{"href":"https:\/\/mercadohogar.ca\/es\/wp-json\/wp\/v2\/types\/product"}],"version-history":[{"count":1,"href":"https:\/\/mercadohogar.ca\/es\/wp-json\/wp\/v2\/product\/4666\/revisions"}],"predecessor-version":[{"id":4968,"href":"https:\/\/mercadohogar.ca\/es\/wp-json\/wp\/v2\/product\/4666\/revisions\/4968"}],"wp:featuredmedia":[{"embeddable":true,"href":"https:\/\/mercadohogar.ca\/es\/wp-json\/wp\/v2\/media\/2178"}],"wp:attachment":[{"href":"https:\/\/mercadohogar.ca\/es\/wp-json\/wp\/v2\/media?parent=4666"}],"wp:term":[{"taxonomy":"product_brand","embeddable":true,"href":"https:\/\/mercadohogar.ca\/es\/wp-json\/wp\/v2\/product_brand?post=4666"},{"taxonomy":"product_cat","embeddable":true,"href":"https:\/\/mercadohogar.ca\/es\/wp-json\/wp\/v2\/product_cat?post=4666"},{"taxonomy":"product_tag","embeddable":true,"href":"https:\/\/mercadohogar.ca\/es\/wp-json\/wp\/v2\/product_tag?post=4666"}],"curies":[{"name":"wp","href":"https:\/\/api.w.org\/{rel}","templated":true}]}}