{"id":4668,"date":"2026-01-12T15:33:01","date_gmt":"2026-01-12T15:33:01","guid":{"rendered":"https:\/\/mercadohogar.ca\/?post_type=product&#038;p=4668"},"modified":"2026-01-17T23:12:23","modified_gmt":"2026-01-17T23:12:23","slug":"soldador-tig-lift-de-electrodo-revestido-de-195-a-con-soplete-tig-lift-110-v-220-v","status":"publish","type":"product","link":"https:\/\/mercadohogar.ca\/es\/producto\/soldador-tig-lift-de-electrodo-revestido-de-195-a-con-soplete-tig-lift-110-v-220-v\/","title":{"rendered":"Soldador TIG Lift\/de electrodo revestido de 195 A con soplete TIG Lift 110 V\/220 V"},"content":{"rendered":"<ul>\n<li>Viene con soplete TIG Lift, soldador 2 en 1, puede soldar con electrodo revestido o TIG Lift seg\u00fan necesite (m\u00e1s pr\u00e1ctico y rentable que comprar por separado). <\/li>\n<li><span class=\"a-list-item\">Buen rendimiento con electrodos E6010, 6013 y 7018. Hasta 195 A, puede utilizar varillas de soldadura de hasta 5\/32 pulgadas (4,0 mm). <\/span><\/li>\n<li><span class=\"a-list-item\">VRD opcional: Dispositivo de reducci\u00f3n de voltaje, \u00abON\u00bb puede prevenir descargas el\u00e9ctricas, \u00abOFF\u00bb facilita el cebado del arco con un excelente efecto de soldadura.<\/span><\/li>\n<li><span class=\"a-list-item\">Panel LCD inteligente que ayuda a leer con claridad y es f\u00e1cil de usar para principiantes.<\/span><\/li>\n<li><span class=\"a-list-item\">Arranque en caliente y fuerza del arco ajustables, es f\u00e1cil de encender, proporciona una soldadura m\u00e1s suave. El sistema antiadherente autom\u00e1tico evita que el electrodo se pegue en el charco de soldadura.<\/span><\/li>\n<\/ul>\n","protected":false},"excerpt":{"rendered":"<p>Viene con soplete TIG Lift, soldador 2 en 1, puede soldar con electrodo revestido o TIG Lift seg\u00fan necesite (m\u00e1s pr\u00e1ctico y rentable que comprar por separado). Buen rendimiento con electrodos E6010, 6013 y 7018. Hasta 195 A, puede utilizar varillas de soldadura de hasta 5\/32 pulgadas (4,0 mm). VRD opcional: Dispositivo de reducci\u00f3n de voltaje, \u00abON\u00bb puede prevenir descargas [&hellip;]<\/p>\n","protected":false},"featured_media":2170,"template":"","meta":{"_coblocks_attr":"","_coblocks_dimensions":"","_coblocks_responsive_height":"","_coblocks_accordion_ie_support":"","postBodyCss":"","postBodyMargin":[],"postBodyPadding":[],"postBodyBackground":{"backgroundType":"classic","gradient":""}},"product_brand":[],"product_cat":[1045],"product_tag":[],"class_list":{"0":"post-4668","1":"product","2":"type-product","3":"status-publish","4":"has-post-thumbnail","6":"product_cat-hardware-187906501","7":"product_shipping_class-aerovaradero-general","9":"first","10":"instock","11":"taxable","12":"shipping-taxable","13":"purchasable","14":"product-type-simple"},"yoast_head":"<!-- This site is optimized with the Yoast SEO plugin v27.4 - https:\/\/yoast.com\/product\/yoast-seo-wordpress\/ -->\n<title>Soldador TIG Lift\/de electrodo revestido de 195 A con soplete TIG Lift 110 V\/220 V - Mercado Hogar<\/title>\n<meta name=\"robots\" content=\"index, follow, max-snippet:-1, max-image-preview:large, max-video-preview:-1\" \/>\n<link rel=\"canonical\" href=\"https:\/\/mercadohogar.ca\/es\/producto\/soldador-tig-lift-de-electrodo-revestido-de-195-a-con-soplete-tig-lift-110-v-220-v\/\" \/>\n<meta property=\"og:locale\" content=\"es_ES\" \/>\n<meta property=\"og:type\" content=\"article\" \/>\n<meta property=\"og:title\" content=\"Soldador TIG Lift\/de electrodo revestido de 195 A con soplete TIG Lift 110 V\/220 V - Mercado Hogar\" \/>\n<meta property=\"og:description\" content=\"Viene con soplete TIG Lift, soldador 2 en 1, puede soldar con electrodo revestido o TIG Lift seg\u00fan necesite (m\u00e1s pr\u00e1ctico y rentable que comprar por separado). Buen rendimiento con electrodos E6010, 6013 y 7018. Hasta 195 A, puede utilizar varillas de soldadura de hasta 5\/32 pulgadas (4,0 mm). VRD opcional: Dispositivo de reducci\u00f3n de voltaje, \u00abON\u00bb puede prevenir descargas [&hellip;]\" \/>\n<meta property=\"og:url\" content=\"https:\/\/mercadohogar.ca\/es\/producto\/soldador-tig-lift-de-electrodo-revestido-de-195-a-con-soplete-tig-lift-110-v-220-v\/\" \/>\n<meta property=\"og:site_name\" content=\"Mercado Hogar\" \/>\n<meta property=\"article:modified_time\" content=\"2026-01-17T23:12:23+00:00\" \/>\n<meta property=\"og:image\" content=\"https:\/\/mercadohogar.ca\/wp-content\/uploads\/2026\/01\/wp-image-7789167510.jpg\" \/>\n\t<meta property=\"og:image:width\" content=\"1500\" \/>\n\t<meta property=\"og:image:height\" content=\"1500\" \/>\n\t<meta property=\"og:image:type\" content=\"image\/jpeg\" \/>\n<meta name=\"twitter:card\" content=\"summary_large_image\" \/>\n<meta name=\"twitter:label1\" content=\"Tiempo de lectura\" \/>\n\t<meta name=\"twitter:data1\" content=\"1 minuto\" \/>\n<script type=\"application\/ld+json\" class=\"yoast-schema-graph\">{\"@context\":\"https:\\\/\\\/schema.org\",\"@graph\":[{\"@type\":\"WebPage\",\"@id\":\"https:\\\/\\\/mercadohogar.ca\\\/es\\\/producto\\\/soldador-tig-lift-de-electrodo-revestido-de-195-a-con-soplete-tig-lift-110-v-220-v\\\/\",\"url\":\"https:\\\/\\\/mercadohogar.ca\\\/es\\\/producto\\\/soldador-tig-lift-de-electrodo-revestido-de-195-a-con-soplete-tig-lift-110-v-220-v\\\/\",\"name\":\"Soldador TIG Lift\\\/de electrodo revestido de 195 A con soplete TIG Lift 110 V\\\/220 V - Mercado Hogar\",\"isPartOf\":{\"@id\":\"https:\\\/\\\/mercadohogar.ca\\\/es\\\/#website\"},\"primaryImageOfPage\":{\"@id\":\"https:\\\/\\\/mercadohogar.ca\\\/es\\\/producto\\\/soldador-tig-lift-de-electrodo-revestido-de-195-a-con-soplete-tig-lift-110-v-220-v\\\/#primaryimage\"},\"image\":{\"@id\":\"https:\\\/\\\/mercadohogar.ca\\\/es\\\/producto\\\/soldador-tig-lift-de-electrodo-revestido-de-195-a-con-soplete-tig-lift-110-v-220-v\\\/#primaryimage\"},\"thumbnailUrl\":\"https:\\\/\\\/mercadohogar.ca\\\/wp-content\\\/uploads\\\/2026\\\/01\\\/wp-image-7789167510.jpg\",\"datePublished\":\"2026-01-12T15:33:01+00:00\",\"dateModified\":\"2026-01-17T23:12:23+00:00\",\"breadcrumb\":{\"@id\":\"https:\\\/\\\/mercadohogar.ca\\\/es\\\/producto\\\/soldador-tig-lift-de-electrodo-revestido-de-195-a-con-soplete-tig-lift-110-v-220-v\\\/#breadcrumb\"},\"inLanguage\":\"es\",\"potentialAction\":[{\"@type\":\"ReadAction\",\"target\":[\"https:\\\/\\\/mercadohogar.ca\\\/es\\\/producto\\\/soldador-tig-lift-de-electrodo-revestido-de-195-a-con-soplete-tig-lift-110-v-220-v\\\/\"]}]},{\"@type\":\"ImageObject\",\"inLanguage\":\"es\",\"@id\":\"https:\\\/\\\/mercadohogar.ca\\\/es\\\/producto\\\/soldador-tig-lift-de-electrodo-revestido-de-195-a-con-soplete-tig-lift-110-v-220-v\\\/#primaryimage\",\"url\":\"https:\\\/\\\/mercadohogar.ca\\\/wp-content\\\/uploads\\\/2026\\\/01\\\/wp-image-7789167510.jpg\",\"contentUrl\":\"https:\\\/\\\/mercadohogar.ca\\\/wp-content\\\/uploads\\\/2026\\\/01\\\/wp-image-7789167510.jpg\",\"width\":1500,\"height\":1500},{\"@type\":\"BreadcrumbList\",\"@id\":\"https:\\\/\\\/mercadohogar.ca\\\/es\\\/producto\\\/soldador-tig-lift-de-electrodo-revestido-de-195-a-con-soplete-tig-lift-110-v-220-v\\\/#breadcrumb\",\"itemListElement\":[{\"@type\":\"ListItem\",\"position\":1,\"name\":\"Home\",\"item\":\"https:\\\/\\\/mercadohogar.ca\\\/es\\\/\"},{\"@type\":\"ListItem\",\"position\":2,\"name\":\"Tienda\",\"item\":\"https:\\\/\\\/mercadohogar.ca\\\/es\\\/tienda-2\\\/\"},{\"@type\":\"ListItem\",\"position\":3,\"name\":\"Soldador TIG Lift\\\/de electrodo revestido de 195 A con soplete TIG Lift 110 V\\\/220 V\"}]},{\"@type\":\"WebSite\",\"@id\":\"https:\\\/\\\/mercadohogar.ca\\\/es\\\/#website\",\"url\":\"https:\\\/\\\/mercadohogar.ca\\\/es\\\/\",\"name\":\"Mercado Hogar\",\"description\":\"Mercado Hogar\",\"publisher\":{\"@id\":\"https:\\\/\\\/mercadohogar.ca\\\/es\\\/#organization\"},\"potentialAction\":[{\"@type\":\"SearchAction\",\"target\":{\"@type\":\"EntryPoint\",\"urlTemplate\":\"https:\\\/\\\/mercadohogar.ca\\\/es\\\/?s={search_term_string}\"},\"query-input\":{\"@type\":\"PropertyValueSpecification\",\"valueRequired\":true,\"valueName\":\"search_term_string\"}}],\"inLanguage\":\"es\"},{\"@type\":\"Organization\",\"@id\":\"https:\\\/\\\/mercadohogar.ca\\\/es\\\/#organization\",\"name\":\"Mercado Hogar\",\"url\":\"https:\\\/\\\/mercadohogar.ca\\\/es\\\/\",\"logo\":{\"@type\":\"ImageObject\",\"inLanguage\":\"es\",\"@id\":\"https:\\\/\\\/mercadohogar.ca\\\/es\\\/#\\\/schema\\\/logo\\\/image\\\/\",\"url\":\"https:\\\/\\\/mercadohogar.ca\\\/wp-content\\\/uploads\\\/2025\\\/12\\\/MH-LOGO.png\",\"contentUrl\":\"https:\\\/\\\/mercadohogar.ca\\\/wp-content\\\/uploads\\\/2025\\\/12\\\/MH-LOGO.png\",\"width\":1200,\"height\":1200,\"caption\":\"Mercado Hogar\"},\"image\":{\"@id\":\"https:\\\/\\\/mercadohogar.ca\\\/es\\\/#\\\/schema\\\/logo\\\/image\\\/\"}}]}<\/script>\n<!-- \/ Yoast SEO plugin. -->","yoast_head_json":{"title":"Soldador TIG Lift\/de electrodo revestido de 195 A con soplete TIG Lift 110 V\/220 V - Mercado Hogar","robots":{"index":"index","follow":"follow","max-snippet":"max-snippet:-1","max-image-preview":"max-image-preview:large","max-video-preview":"max-video-preview:-1"},"canonical":"https:\/\/mercadohogar.ca\/es\/producto\/soldador-tig-lift-de-electrodo-revestido-de-195-a-con-soplete-tig-lift-110-v-220-v\/","og_locale":"es_ES","og_type":"article","og_title":"Soldador TIG Lift\/de electrodo revestido de 195 A con soplete TIG Lift 110 V\/220 V - Mercado Hogar","og_description":"Viene con soplete TIG Lift, soldador 2 en 1, puede soldar con electrodo revestido o TIG Lift seg\u00fan necesite (m\u00e1s pr\u00e1ctico y rentable que comprar por separado). Buen rendimiento con electrodos E6010, 6013 y 7018. Hasta 195 A, puede utilizar varillas de soldadura de hasta 5\/32 pulgadas (4,0 mm). VRD opcional: Dispositivo de reducci\u00f3n de voltaje, \u00abON\u00bb puede prevenir descargas [&hellip;]","og_url":"https:\/\/mercadohogar.ca\/es\/producto\/soldador-tig-lift-de-electrodo-revestido-de-195-a-con-soplete-tig-lift-110-v-220-v\/","og_site_name":"Mercado Hogar","article_modified_time":"2026-01-17T23:12:23+00:00","og_image":[{"width":1500,"height":1500,"url":"https:\/\/mercadohogar.ca\/wp-content\/uploads\/2026\/01\/wp-image-7789167510.jpg","type":"image\/jpeg"}],"twitter_card":"summary_large_image","twitter_misc":{"Tiempo de lectura":"1 minuto"},"schema":{"@context":"https:\/\/schema.org","@graph":[{"@type":"WebPage","@id":"https:\/\/mercadohogar.ca\/es\/producto\/soldador-tig-lift-de-electrodo-revestido-de-195-a-con-soplete-tig-lift-110-v-220-v\/","url":"https:\/\/mercadohogar.ca\/es\/producto\/soldador-tig-lift-de-electrodo-revestido-de-195-a-con-soplete-tig-lift-110-v-220-v\/","name":"Soldador TIG Lift\/de electrodo revestido de 195 A con soplete TIG Lift 110 V\/220 V - Mercado Hogar","isPartOf":{"@id":"https:\/\/mercadohogar.ca\/es\/#website"},"primaryImageOfPage":{"@id":"https:\/\/mercadohogar.ca\/es\/producto\/soldador-tig-lift-de-electrodo-revestido-de-195-a-con-soplete-tig-lift-110-v-220-v\/#primaryimage"},"image":{"@id":"https:\/\/mercadohogar.ca\/es\/producto\/soldador-tig-lift-de-electrodo-revestido-de-195-a-con-soplete-tig-lift-110-v-220-v\/#primaryimage"},"thumbnailUrl":"https:\/\/mercadohogar.ca\/wp-content\/uploads\/2026\/01\/wp-image-7789167510.jpg","datePublished":"2026-01-12T15:33:01+00:00","dateModified":"2026-01-17T23:12:23+00:00","breadcrumb":{"@id":"https:\/\/mercadohogar.ca\/es\/producto\/soldador-tig-lift-de-electrodo-revestido-de-195-a-con-soplete-tig-lift-110-v-220-v\/#breadcrumb"},"inLanguage":"es","potentialAction":[{"@type":"ReadAction","target":["https:\/\/mercadohogar.ca\/es\/producto\/soldador-tig-lift-de-electrodo-revestido-de-195-a-con-soplete-tig-lift-110-v-220-v\/"]}]},{"@type":"ImageObject","inLanguage":"es","@id":"https:\/\/mercadohogar.ca\/es\/producto\/soldador-tig-lift-de-electrodo-revestido-de-195-a-con-soplete-tig-lift-110-v-220-v\/#primaryimage","url":"https:\/\/mercadohogar.ca\/wp-content\/uploads\/2026\/01\/wp-image-7789167510.jpg","contentUrl":"https:\/\/mercadohogar.ca\/wp-content\/uploads\/2026\/01\/wp-image-7789167510.jpg","width":1500,"height":1500},{"@type":"BreadcrumbList","@id":"https:\/\/mercadohogar.ca\/es\/producto\/soldador-tig-lift-de-electrodo-revestido-de-195-a-con-soplete-tig-lift-110-v-220-v\/#breadcrumb","itemListElement":[{"@type":"ListItem","position":1,"name":"Home","item":"https:\/\/mercadohogar.ca\/es\/"},{"@type":"ListItem","position":2,"name":"Tienda","item":"https:\/\/mercadohogar.ca\/es\/tienda-2\/"},{"@type":"ListItem","position":3,"name":"Soldador TIG Lift\/de electrodo revestido de 195 A con soplete TIG Lift 110 V\/220 V"}]},{"@type":"WebSite","@id":"https:\/\/mercadohogar.ca\/es\/#website","url":"https:\/\/mercadohogar.ca\/es\/","name":"Mercado Hogar","description":"Mercado Hogar","publisher":{"@id":"https:\/\/mercadohogar.ca\/es\/#organization"},"potentialAction":[{"@type":"SearchAction","target":{"@type":"EntryPoint","urlTemplate":"https:\/\/mercadohogar.ca\/es\/?s={search_term_string}"},"query-input":{"@type":"PropertyValueSpecification","valueRequired":true,"valueName":"search_term_string"}}],"inLanguage":"es"},{"@type":"Organization","@id":"https:\/\/mercadohogar.ca\/es\/#organization","name":"Mercado Hogar","url":"https:\/\/mercadohogar.ca\/es\/","logo":{"@type":"ImageObject","inLanguage":"es","@id":"https:\/\/mercadohogar.ca\/es\/#\/schema\/logo\/image\/","url":"https:\/\/mercadohogar.ca\/wp-content\/uploads\/2025\/12\/MH-LOGO.png","contentUrl":"https:\/\/mercadohogar.ca\/wp-content\/uploads\/2025\/12\/MH-LOGO.png","width":1200,"height":1200,"caption":"Mercado Hogar"},"image":{"@id":"https:\/\/mercadohogar.ca\/es\/#\/schema\/logo\/image\/"}}]}},"jetpack_sharing_enabled":true,"_links":{"self":[{"href":"https:\/\/mercadohogar.ca\/es\/wp-json\/wp\/v2\/product\/4668","targetHints":{"allow":["GET"]}}],"collection":[{"href":"https:\/\/mercadohogar.ca\/es\/wp-json\/wp\/v2\/product"}],"about":[{"href":"https:\/\/mercadohogar.ca\/es\/wp-json\/wp\/v2\/types\/product"}],"version-history":[{"count":1,"href":"https:\/\/mercadohogar.ca\/es\/wp-json\/wp\/v2\/product\/4668\/revisions"}],"predecessor-version":[{"id":4966,"href":"https:\/\/mercadohogar.ca\/es\/wp-json\/wp\/v2\/product\/4668\/revisions\/4966"}],"wp:featuredmedia":[{"embeddable":true,"href":"https:\/\/mercadohogar.ca\/es\/wp-json\/wp\/v2\/media\/2170"}],"wp:attachment":[{"href":"https:\/\/mercadohogar.ca\/es\/wp-json\/wp\/v2\/media?parent=4668"}],"wp:term":[{"taxonomy":"product_brand","embeddable":true,"href":"https:\/\/mercadohogar.ca\/es\/wp-json\/wp\/v2\/product_brand?post=4668"},{"taxonomy":"product_cat","embeddable":true,"href":"https:\/\/mercadohogar.ca\/es\/wp-json\/wp\/v2\/product_cat?post=4668"},{"taxonomy":"product_tag","embeddable":true,"href":"https:\/\/mercadohogar.ca\/es\/wp-json\/wp\/v2\/product_tag?post=4668"}],"curies":[{"name":"wp","href":"https:\/\/api.w.org\/{rel}","templated":true}]}}