{"id":4676,"date":"2026-01-12T15:32:53","date_gmt":"2026-01-12T15:32:53","guid":{"rendered":"https:\/\/mercadohogar.ca\/?post_type=product&#038;p=4676"},"modified":"2026-01-17T23:12:40","modified_gmt":"2026-01-17T23:12:40","slug":"lavadora-automatica-midea-de-37-pies-cubicos","status":"publish","type":"product","link":"https:\/\/mercadohogar.ca\/es\/product\/lavadora-automatica-midea-de-37-pies-cubicos\/","title":{"rendered":"Lavadora autom\u00e1tica Midea de 3,7 pies c\u00fabicos"},"content":{"rendered":"<ul>\n<li>Tapa transparente grande con cierre suave para una buena visi\u00f3n de la colada<\/li>\n<li>12 ciclos de lavado preestablecidos con m\u00faltiples ciclos din\u00e1micos dise\u00f1ados para una limpieza maximizada.<\/li>\n<li>Tecnolog\u00eda de detecci\u00f3n de carga: un sensor determina el volumen de la carga y ajusta autom\u00e1ticamente el nivel de agua y el tiempo de ciclo para una m\u00e1xima eficiencia de lavado.<\/li>\n<li>AGITADOR POWER BOOST: gira 360\u00b0 para generar un potente flujo de agua. El agitador elevado y el impulsor agrandado generan potentes flujos de agua giratorios para mejorar significativamente el rendimiento del lavado.<\/li>\n<li>Tratamiento DEEP CLEAN 360\u00b0: la ropa pesada y las mantas se tratar\u00e1n bien con potentes flujos de agua y una creativa tina Water Cube para que la ropa quede m\u00e1s que limpia.<\/li>\n<\/ul>\n","protected":false},"excerpt":{"rendered":"<p>Tiempo estimado de tr\u00e1nsito: 20 \u2013 35 d\u00edas. El tiempo de entrega puede variar debido a circunstancias fuera de nuestro control, tanto en el pa\u00eds de origen como en el de destino. Los aranceles aduaneros corren a cargo del destinatario en Cuba. <\/p>\n","protected":false},"featured_media":2227,"template":"","meta":[],"product_brand":[],"product_cat":[988,992],"product_tag":[],"class_list":{"0":"post-4676","1":"product","2":"type-product","3":"status-publish","4":"has-post-thumbnail","6":"product_cat-electrodomesticos","7":"product_cat-mejoras-en-el-hogar","8":"product_shipping_class-aerovaradero-general","10":"first","11":"instock","12":"shipping-taxable","13":"purchasable","14":"product-type-simple"},"_links":{"self":[{"href":"https:\/\/mercadohogar.ca\/es\/wp-json\/wp\/v2\/product\/4676","targetHints":{"allow":["GET"]}}],"collection":[{"href":"https:\/\/mercadohogar.ca\/es\/wp-json\/wp\/v2\/product"}],"about":[{"href":"https:\/\/mercadohogar.ca\/es\/wp-json\/wp\/v2\/types\/product"}],"version-history":[{"count":1,"href":"https:\/\/mercadohogar.ca\/es\/wp-json\/wp\/v2\/product\/4676\/revisions"}],"predecessor-version":[{"id":4954,"href":"https:\/\/mercadohogar.ca\/es\/wp-json\/wp\/v2\/product\/4676\/revisions\/4954"}],"wp:featuredmedia":[{"embeddable":true,"href":"https:\/\/mercadohogar.ca\/es\/wp-json\/wp\/v2\/media\/2227"}],"wp:attachment":[{"href":"https:\/\/mercadohogar.ca\/es\/wp-json\/wp\/v2\/media?parent=4676"}],"wp:term":[{"taxonomy":"product_brand","embeddable":true,"href":"https:\/\/mercadohogar.ca\/es\/wp-json\/wp\/v2\/product_brand?post=4676"},{"taxonomy":"product_cat","embeddable":true,"href":"https:\/\/mercadohogar.ca\/es\/wp-json\/wp\/v2\/product_cat?post=4676"},{"taxonomy":"product_tag","embeddable":true,"href":"https:\/\/mercadohogar.ca\/es\/wp-json\/wp\/v2\/product_tag?post=4676"}],"curies":[{"name":"wp","href":"https:\/\/api.w.org\/{rel}","templated":true}]}}