{"id":4681,"date":"2026-01-12T15:30:47","date_gmt":"2026-01-12T15:30:47","guid":{"rendered":"https:\/\/mercadohogar.ca\/?post_type=product&#038;p=4681"},"modified":"2026-01-17T22:07:43","modified_gmt":"2026-01-17T22:07:43","slug":"lavadora-automatica-samsung-de-1416-litros","status":"publish","type":"product","link":"https:\/\/mercadohogar.ca\/es\/producto\/lavadora-automatica-samsung-de-1416-litros\/","title":{"rendered":"Lavadora autom\u00e1tica Samsung de 141,6 litros"},"content":{"rendered":"<ul>\n<li>Ciclos de lavado para blancos<\/li>\n<li>Dispensador de suavizante S\u00ed<\/li>\n<li>Dispensador de prelavado S\u00ed<\/li>\n<li>Indicadores luminosos de estado del ciclo S\u00ed<\/li>\n<li>Color Blanco<\/li>\n<li>N\u00famero de ciclos de lavado 10<\/li>\n<li>Tipo de carga Carga superior<\/li>\n<li>Ubicaci\u00f3n del panel de control Panel trasero<\/li>\n<li>Capacidad (pies c\u00fabicos) 5.0<\/li>\n<li>Material del tambor + cuba interior Swirl<\/li>\n<li>Dispensador de lej\u00eda S\u00ed<\/li>\n<li>Tipo de control Rotatorio-electr\u00f3nico con LED<\/li>\n<li>Acabado Blanco<\/li>\n<li>Temperaturas del agua 5<\/li>\n<\/ul>\n","protected":false},"excerpt":{"rendered":"<p>Tiempo estimado de tr\u00e1nsito: 20 \u2013 35 d\u00edas. El tiempo de entrega puede variar debido a circunstancias fuera de nuestro control, tanto en el pa\u00eds de origen como en el de destino. Los aranceles aduaneros corren a cargo del destinatario en Cuba. <\/p>\n","protected":false},"featured_media":2909,"template":"","meta":{"_coblocks_attr":"","_coblocks_dimensions":"","_coblocks_responsive_height":"","_coblocks_accordion_ie_support":"","postBodyCss":"","postBodyMargin":[],"postBodyPadding":[],"postBodyBackground":{"backgroundType":"classic","gradient":""}},"product_brand":[],"product_cat":[898,905],"product_tag":[],"class_list":{"0":"post-4681","1":"product","2":"type-product","3":"status-publish","4":"has-post-thumbnail","6":"product_cat-appliances","7":"product_cat-home-improvements","8":"product_shipping_class-aerovaradero-general","10":"first","11":"instock","12":"taxable","13":"shipping-taxable","14":"purchasable","15":"product-type-simple"},"yoast_head":"<!-- This site is optimized with the Yoast SEO plugin v27.4 - https:\/\/yoast.com\/product\/yoast-seo-wordpress\/ -->\n<title>Lavadora autom\u00e1tica Samsung de 141,6 litros - Mercado Hogar<\/title>\n<meta name=\"robots\" content=\"index, follow, max-snippet:-1, max-image-preview:large, max-video-preview:-1\" \/>\n<link rel=\"canonical\" href=\"https:\/\/mercadohogar.ca\/es\/producto\/lavadora-automatica-samsung-de-1416-litros\/\" \/>\n<meta property=\"og:locale\" content=\"es_ES\" \/>\n<meta property=\"og:type\" content=\"article\" \/>\n<meta property=\"og:title\" content=\"Lavadora autom\u00e1tica Samsung de 141,6 litros - Mercado Hogar\" \/>\n<meta property=\"og:description\" content=\"Tiempo estimado de tr\u00e1nsito: 20 - 35 d\u00edas. El tiempo de entrega puede variar debido a circunstancias fuera de nuestro control, tanto en el pa\u00eds de origen como en el de destino. Los aranceles aduaneros corren a cargo del destinatario en Cuba.\" \/>\n<meta property=\"og:url\" content=\"https:\/\/mercadohogar.ca\/es\/producto\/lavadora-automatica-samsung-de-1416-litros\/\" \/>\n<meta property=\"og:site_name\" content=\"Mercado Hogar\" \/>\n<meta property=\"article:modified_time\" content=\"2026-01-17T22:07:43+00:00\" \/>\n<meta property=\"og:image\" content=\"https:\/\/mercadohogar.ca\/wp-content\/uploads\/2026\/01\/wp-image-7703193190.webp\" \/>\n\t<meta property=\"og:image:width\" content=\"1000\" \/>\n\t<meta property=\"og:image:height\" content=\"1000\" \/>\n\t<meta property=\"og:image:type\" content=\"image\/webp\" \/>\n<meta name=\"twitter:card\" content=\"summary_large_image\" \/>\n<script type=\"application\/ld+json\" class=\"yoast-schema-graph\">{\"@context\":\"https:\\\/\\\/schema.org\",\"@graph\":[{\"@type\":\"WebPage\",\"@id\":\"https:\\\/\\\/mercadohogar.ca\\\/es\\\/producto\\\/lavadora-automatica-samsung-de-1416-litros\\\/\",\"url\":\"https:\\\/\\\/mercadohogar.ca\\\/es\\\/producto\\\/lavadora-automatica-samsung-de-1416-litros\\\/\",\"name\":\"Lavadora autom\u00e1tica Samsung de 141,6 litros - Mercado Hogar\",\"isPartOf\":{\"@id\":\"https:\\\/\\\/mercadohogar.ca\\\/es\\\/#website\"},\"primaryImageOfPage\":{\"@id\":\"https:\\\/\\\/mercadohogar.ca\\\/es\\\/producto\\\/lavadora-automatica-samsung-de-1416-litros\\\/#primaryimage\"},\"image\":{\"@id\":\"https:\\\/\\\/mercadohogar.ca\\\/es\\\/producto\\\/lavadora-automatica-samsung-de-1416-litros\\\/#primaryimage\"},\"thumbnailUrl\":\"https:\\\/\\\/mercadohogar.ca\\\/wp-content\\\/uploads\\\/2026\\\/01\\\/wp-image-7703193190.webp\",\"datePublished\":\"2026-01-12T15:30:47+00:00\",\"dateModified\":\"2026-01-17T22:07:43+00:00\",\"breadcrumb\":{\"@id\":\"https:\\\/\\\/mercadohogar.ca\\\/es\\\/producto\\\/lavadora-automatica-samsung-de-1416-litros\\\/#breadcrumb\"},\"inLanguage\":\"es\",\"potentialAction\":[{\"@type\":\"ReadAction\",\"target\":[\"https:\\\/\\\/mercadohogar.ca\\\/es\\\/producto\\\/lavadora-automatica-samsung-de-1416-litros\\\/\"]}]},{\"@type\":\"ImageObject\",\"inLanguage\":\"es\",\"@id\":\"https:\\\/\\\/mercadohogar.ca\\\/es\\\/producto\\\/lavadora-automatica-samsung-de-1416-litros\\\/#primaryimage\",\"url\":\"https:\\\/\\\/mercadohogar.ca\\\/wp-content\\\/uploads\\\/2026\\\/01\\\/wp-image-7703193190.webp\",\"contentUrl\":\"https:\\\/\\\/mercadohogar.ca\\\/wp-content\\\/uploads\\\/2026\\\/01\\\/wp-image-7703193190.webp\",\"width\":1000,\"height\":1000},{\"@type\":\"BreadcrumbList\",\"@id\":\"https:\\\/\\\/mercadohogar.ca\\\/es\\\/producto\\\/lavadora-automatica-samsung-de-1416-litros\\\/#breadcrumb\",\"itemListElement\":[{\"@type\":\"ListItem\",\"position\":1,\"name\":\"Home\",\"item\":\"https:\\\/\\\/mercadohogar.ca\\\/es\\\/\"},{\"@type\":\"ListItem\",\"position\":2,\"name\":\"Tienda\",\"item\":\"https:\\\/\\\/mercadohogar.ca\\\/es\\\/tienda-2\\\/\"},{\"@type\":\"ListItem\",\"position\":3,\"name\":\"Lavadora autom\u00e1tica Samsung de 141,6 litros\"}]},{\"@type\":\"WebSite\",\"@id\":\"https:\\\/\\\/mercadohogar.ca\\\/es\\\/#website\",\"url\":\"https:\\\/\\\/mercadohogar.ca\\\/es\\\/\",\"name\":\"Mercado Hogar\",\"description\":\"Mercado Hogar\",\"publisher\":{\"@id\":\"https:\\\/\\\/mercadohogar.ca\\\/es\\\/#organization\"},\"potentialAction\":[{\"@type\":\"SearchAction\",\"target\":{\"@type\":\"EntryPoint\",\"urlTemplate\":\"https:\\\/\\\/mercadohogar.ca\\\/es\\\/?s={search_term_string}\"},\"query-input\":{\"@type\":\"PropertyValueSpecification\",\"valueRequired\":true,\"valueName\":\"search_term_string\"}}],\"inLanguage\":\"es\"},{\"@type\":\"Organization\",\"@id\":\"https:\\\/\\\/mercadohogar.ca\\\/es\\\/#organization\",\"name\":\"Mercado Hogar\",\"url\":\"https:\\\/\\\/mercadohogar.ca\\\/es\\\/\",\"logo\":{\"@type\":\"ImageObject\",\"inLanguage\":\"es\",\"@id\":\"https:\\\/\\\/mercadohogar.ca\\\/es\\\/#\\\/schema\\\/logo\\\/image\\\/\",\"url\":\"https:\\\/\\\/mercadohogar.ca\\\/wp-content\\\/uploads\\\/2025\\\/12\\\/MH-LOGO.png\",\"contentUrl\":\"https:\\\/\\\/mercadohogar.ca\\\/wp-content\\\/uploads\\\/2025\\\/12\\\/MH-LOGO.png\",\"width\":1200,\"height\":1200,\"caption\":\"Mercado Hogar\"},\"image\":{\"@id\":\"https:\\\/\\\/mercadohogar.ca\\\/es\\\/#\\\/schema\\\/logo\\\/image\\\/\"}}]}<\/script>\n<!-- \/ Yoast SEO plugin. -->","yoast_head_json":{"title":"Lavadora autom\u00e1tica Samsung de 141,6 litros - Mercado Hogar","robots":{"index":"index","follow":"follow","max-snippet":"max-snippet:-1","max-image-preview":"max-image-preview:large","max-video-preview":"max-video-preview:-1"},"canonical":"https:\/\/mercadohogar.ca\/es\/producto\/lavadora-automatica-samsung-de-1416-litros\/","og_locale":"es_ES","og_type":"article","og_title":"Lavadora autom\u00e1tica Samsung de 141,6 litros - Mercado Hogar","og_description":"Tiempo estimado de tr\u00e1nsito: 20 - 35 d\u00edas. El tiempo de entrega puede variar debido a circunstancias fuera de nuestro control, tanto en el pa\u00eds de origen como en el de destino. Los aranceles aduaneros corren a cargo del destinatario en Cuba.","og_url":"https:\/\/mercadohogar.ca\/es\/producto\/lavadora-automatica-samsung-de-1416-litros\/","og_site_name":"Mercado Hogar","article_modified_time":"2026-01-17T22:07:43+00:00","og_image":[{"width":1000,"height":1000,"url":"https:\/\/mercadohogar.ca\/wp-content\/uploads\/2026\/01\/wp-image-7703193190.webp","type":"image\/webp"}],"twitter_card":"summary_large_image","schema":{"@context":"https:\/\/schema.org","@graph":[{"@type":"WebPage","@id":"https:\/\/mercadohogar.ca\/es\/producto\/lavadora-automatica-samsung-de-1416-litros\/","url":"https:\/\/mercadohogar.ca\/es\/producto\/lavadora-automatica-samsung-de-1416-litros\/","name":"Lavadora autom\u00e1tica Samsung de 141,6 litros - Mercado Hogar","isPartOf":{"@id":"https:\/\/mercadohogar.ca\/es\/#website"},"primaryImageOfPage":{"@id":"https:\/\/mercadohogar.ca\/es\/producto\/lavadora-automatica-samsung-de-1416-litros\/#primaryimage"},"image":{"@id":"https:\/\/mercadohogar.ca\/es\/producto\/lavadora-automatica-samsung-de-1416-litros\/#primaryimage"},"thumbnailUrl":"https:\/\/mercadohogar.ca\/wp-content\/uploads\/2026\/01\/wp-image-7703193190.webp","datePublished":"2026-01-12T15:30:47+00:00","dateModified":"2026-01-17T22:07:43+00:00","breadcrumb":{"@id":"https:\/\/mercadohogar.ca\/es\/producto\/lavadora-automatica-samsung-de-1416-litros\/#breadcrumb"},"inLanguage":"es","potentialAction":[{"@type":"ReadAction","target":["https:\/\/mercadohogar.ca\/es\/producto\/lavadora-automatica-samsung-de-1416-litros\/"]}]},{"@type":"ImageObject","inLanguage":"es","@id":"https:\/\/mercadohogar.ca\/es\/producto\/lavadora-automatica-samsung-de-1416-litros\/#primaryimage","url":"https:\/\/mercadohogar.ca\/wp-content\/uploads\/2026\/01\/wp-image-7703193190.webp","contentUrl":"https:\/\/mercadohogar.ca\/wp-content\/uploads\/2026\/01\/wp-image-7703193190.webp","width":1000,"height":1000},{"@type":"BreadcrumbList","@id":"https:\/\/mercadohogar.ca\/es\/producto\/lavadora-automatica-samsung-de-1416-litros\/#breadcrumb","itemListElement":[{"@type":"ListItem","position":1,"name":"Home","item":"https:\/\/mercadohogar.ca\/es\/"},{"@type":"ListItem","position":2,"name":"Tienda","item":"https:\/\/mercadohogar.ca\/es\/tienda-2\/"},{"@type":"ListItem","position":3,"name":"Lavadora autom\u00e1tica Samsung de 141,6 litros"}]},{"@type":"WebSite","@id":"https:\/\/mercadohogar.ca\/es\/#website","url":"https:\/\/mercadohogar.ca\/es\/","name":"Mercado Hogar","description":"Mercado Hogar","publisher":{"@id":"https:\/\/mercadohogar.ca\/es\/#organization"},"potentialAction":[{"@type":"SearchAction","target":{"@type":"EntryPoint","urlTemplate":"https:\/\/mercadohogar.ca\/es\/?s={search_term_string}"},"query-input":{"@type":"PropertyValueSpecification","valueRequired":true,"valueName":"search_term_string"}}],"inLanguage":"es"},{"@type":"Organization","@id":"https:\/\/mercadohogar.ca\/es\/#organization","name":"Mercado Hogar","url":"https:\/\/mercadohogar.ca\/es\/","logo":{"@type":"ImageObject","inLanguage":"es","@id":"https:\/\/mercadohogar.ca\/es\/#\/schema\/logo\/image\/","url":"https:\/\/mercadohogar.ca\/wp-content\/uploads\/2025\/12\/MH-LOGO.png","contentUrl":"https:\/\/mercadohogar.ca\/wp-content\/uploads\/2025\/12\/MH-LOGO.png","width":1200,"height":1200,"caption":"Mercado Hogar"},"image":{"@id":"https:\/\/mercadohogar.ca\/es\/#\/schema\/logo\/image\/"}}]}},"jetpack_sharing_enabled":true,"_links":{"self":[{"href":"https:\/\/mercadohogar.ca\/es\/wp-json\/wp\/v2\/product\/4681","targetHints":{"allow":["GET"]}}],"collection":[{"href":"https:\/\/mercadohogar.ca\/es\/wp-json\/wp\/v2\/product"}],"about":[{"href":"https:\/\/mercadohogar.ca\/es\/wp-json\/wp\/v2\/types\/product"}],"version-history":[{"count":1,"href":"https:\/\/mercadohogar.ca\/es\/wp-json\/wp\/v2\/product\/4681\/revisions"}],"predecessor-version":[{"id":4773,"href":"https:\/\/mercadohogar.ca\/es\/wp-json\/wp\/v2\/product\/4681\/revisions\/4773"}],"wp:featuredmedia":[{"embeddable":true,"href":"https:\/\/mercadohogar.ca\/es\/wp-json\/wp\/v2\/media\/2909"}],"wp:attachment":[{"href":"https:\/\/mercadohogar.ca\/es\/wp-json\/wp\/v2\/media?parent=4681"}],"wp:term":[{"taxonomy":"product_brand","embeddable":true,"href":"https:\/\/mercadohogar.ca\/es\/wp-json\/wp\/v2\/product_brand?post=4681"},{"taxonomy":"product_cat","embeddable":true,"href":"https:\/\/mercadohogar.ca\/es\/wp-json\/wp\/v2\/product_cat?post=4681"},{"taxonomy":"product_tag","embeddable":true,"href":"https:\/\/mercadohogar.ca\/es\/wp-json\/wp\/v2\/product_tag?post=4681"}],"curies":[{"name":"wp","href":"https:\/\/api.w.org\/{rel}","templated":true}]}}