{"id":4682,"date":"2026-01-02T01:31:37","date_gmt":"2026-01-02T01:31:37","guid":{"rendered":"https:\/\/mercadohogar.ca\/producto\/puerta-de-garaje-de-acero-blanca-maciza-aislada-con-valor-r-de-63-de-27-m-x-21-m\/"},"modified":"2026-01-02T01:31:37","modified_gmt":"2026-01-02T01:31:37","slug":"puerta-de-garaje-de-acero-blanca-maciza-aislada-con-valor-r-de-63-de-27-m-x-21-m","status":"publish","type":"product","link":"https:\/\/mercadohogar.ca\/es\/producto\/puerta-de-garaje-de-acero-blanca-maciza-aislada-con-valor-r-de-63-de-27-m-x-21-m\/","title":{"rendered":"Puerta de garaje de acero blanca maciza aislada con valor R de 6,3 de 2,7 m x 2,1 m"},"content":{"rendered":"<p>Las puertas de garaje de acero combinan la simetr\u00eda tradicional de los dise\u00f1os de puertas de madera machihembrada con la durabilidad probada de la construcci\u00f3n de acero de Clopay. Esto proporciona mayor resistencia y eficiencia energ\u00e9tica, as\u00ed como un funcionamiento silencioso. <\/p>\n<section>\n<ul>\n<li>Construcci\u00f3n de acero de 2 capas (acero-aislamiento-acero)<\/li>\n<li>Mayor eficiencia energ\u00e9tica, resistencia a las abolladuras, resistencia y seguridad con un valor R de 6,3<\/li>\n<li>Acero con relieve de vetas de madera<\/li>\n<li>El acero exterior de alta resistencia garantiza durabilidad y seguridad.<\/li>\n<li>Se incluyen resortes de extensi\u00f3n est\u00e1ndar.<\/li>\n<\/ul>\n<ul>\n<li>La puerta tradicional es compatible con los automatismos de puertas de garaje<\/li>\n<\/ul>\n<\/section>\n","protected":false},"excerpt":{"rendered":"<p>Las puertas de garaje de acero combinan la simetr\u00eda tradicional de los dise\u00f1os de puertas de madera machihembrada con la durabilidad probada de la construcci\u00f3n de acero de Clopay. Esto proporciona mayor resistencia y eficiencia energ\u00e9tica, as\u00ed como un funcionamiento silencioso. Construcci\u00f3n de acero de 2 capas (acero-aislamiento-acero) Mayor eficiencia energ\u00e9tica, resistencia a las abolladuras, resistencia y seguridad con un [&hellip;]<\/p>\n","protected":false},"featured_media":3001,"template":"","meta":{"_coblocks_attr":"","_coblocks_dimensions":"","_coblocks_responsive_height":"","_coblocks_accordion_ie_support":"","postBodyCss":"","postBodyMargin":[],"postBodyPadding":[],"postBodyBackground":{"backgroundType":"classic","gradient":""}},"product_brand":[],"product_cat":[905],"product_tag":[],"class_list":{"0":"post-4682","1":"product","2":"type-product","3":"status-publish","4":"has-post-thumbnail","6":"product_cat-home-improvements","7":"product_shipping_class-aerovaradero-general","9":"first","10":"instock","11":"taxable","12":"shipping-taxable","13":"purchasable","14":"product-type-simple"},"yoast_head":"<!-- This site is optimized with the Yoast SEO plugin v27.4 - https:\/\/yoast.com\/product\/yoast-seo-wordpress\/ -->\n<title>Puerta de garaje de acero blanca maciza aislada con valor R de 6,3 de 2,7 m x 2,1 m - Mercado Hogar<\/title>\n<meta name=\"robots\" content=\"index, follow, max-snippet:-1, max-image-preview:large, max-video-preview:-1\" \/>\n<link rel=\"canonical\" href=\"https:\/\/mercadohogar.ca\/es\/producto\/puerta-de-garaje-de-acero-blanca-maciza-aislada-con-valor-r-de-63-de-27-m-x-21-m\/\" \/>\n<meta property=\"og:locale\" content=\"es_ES\" \/>\n<meta property=\"og:type\" content=\"article\" \/>\n<meta property=\"og:title\" content=\"Puerta de garaje de acero blanca maciza aislada con valor R de 6,3 de 2,7 m x 2,1 m - Mercado Hogar\" \/>\n<meta property=\"og:description\" content=\"Las puertas de garaje de acero combinan la simetr\u00eda tradicional de los dise\u00f1os de puertas de madera machihembrada con la durabilidad probada de la construcci\u00f3n de acero de Clopay. Esto proporciona mayor resistencia y eficiencia energ\u00e9tica, as\u00ed como un funcionamiento silencioso. Construcci\u00f3n de acero de 2 capas (acero-aislamiento-acero) Mayor eficiencia energ\u00e9tica, resistencia a las abolladuras, resistencia y seguridad con un [&hellip;]\" \/>\n<meta property=\"og:url\" content=\"https:\/\/mercadohogar.ca\/es\/producto\/puerta-de-garaje-de-acero-blanca-maciza-aislada-con-valor-r-de-63-de-27-m-x-21-m\/\" \/>\n<meta property=\"og:site_name\" content=\"Mercado Hogar\" \/>\n<meta property=\"og:image\" content=\"https:\/\/mercadohogar.ca\/wp-content\/uploads\/2026\/01\/wp-image-7989985180.png\" \/>\n\t<meta property=\"og:image:width\" content=\"944\" \/>\n\t<meta property=\"og:image:height\" content=\"750\" \/>\n\t<meta property=\"og:image:type\" content=\"image\/png\" \/>\n<meta name=\"twitter:card\" content=\"summary_large_image\" \/>\n<meta name=\"twitter:label1\" content=\"Tiempo de lectura\" \/>\n\t<meta name=\"twitter:data1\" content=\"1 minuto\" \/>\n<script type=\"application\/ld+json\" class=\"yoast-schema-graph\">{\"@context\":\"https:\\\/\\\/schema.org\",\"@graph\":[{\"@type\":\"WebPage\",\"@id\":\"https:\\\/\\\/mercadohogar.ca\\\/es\\\/producto\\\/puerta-de-garaje-de-acero-blanca-maciza-aislada-con-valor-r-de-63-de-27-m-x-21-m\\\/\",\"url\":\"https:\\\/\\\/mercadohogar.ca\\\/es\\\/producto\\\/puerta-de-garaje-de-acero-blanca-maciza-aislada-con-valor-r-de-63-de-27-m-x-21-m\\\/\",\"name\":\"Puerta de garaje de acero blanca maciza aislada con valor R de 6,3 de 2,7 m x 2,1 m - Mercado Hogar\",\"isPartOf\":{\"@id\":\"https:\\\/\\\/mercadohogar.ca\\\/es\\\/#website\"},\"primaryImageOfPage\":{\"@id\":\"https:\\\/\\\/mercadohogar.ca\\\/es\\\/producto\\\/puerta-de-garaje-de-acero-blanca-maciza-aislada-con-valor-r-de-63-de-27-m-x-21-m\\\/#primaryimage\"},\"image\":{\"@id\":\"https:\\\/\\\/mercadohogar.ca\\\/es\\\/producto\\\/puerta-de-garaje-de-acero-blanca-maciza-aislada-con-valor-r-de-63-de-27-m-x-21-m\\\/#primaryimage\"},\"thumbnailUrl\":\"https:\\\/\\\/mercadohogar.ca\\\/wp-content\\\/uploads\\\/2026\\\/01\\\/wp-image-7989985180.png\",\"datePublished\":\"2026-01-02T01:31:37+00:00\",\"breadcrumb\":{\"@id\":\"https:\\\/\\\/mercadohogar.ca\\\/es\\\/producto\\\/puerta-de-garaje-de-acero-blanca-maciza-aislada-con-valor-r-de-63-de-27-m-x-21-m\\\/#breadcrumb\"},\"inLanguage\":\"es\",\"potentialAction\":[{\"@type\":\"ReadAction\",\"target\":[\"https:\\\/\\\/mercadohogar.ca\\\/es\\\/producto\\\/puerta-de-garaje-de-acero-blanca-maciza-aislada-con-valor-r-de-63-de-27-m-x-21-m\\\/\"]}]},{\"@type\":\"ImageObject\",\"inLanguage\":\"es\",\"@id\":\"https:\\\/\\\/mercadohogar.ca\\\/es\\\/producto\\\/puerta-de-garaje-de-acero-blanca-maciza-aislada-con-valor-r-de-63-de-27-m-x-21-m\\\/#primaryimage\",\"url\":\"https:\\\/\\\/mercadohogar.ca\\\/wp-content\\\/uploads\\\/2026\\\/01\\\/wp-image-7989985180.png\",\"contentUrl\":\"https:\\\/\\\/mercadohogar.ca\\\/wp-content\\\/uploads\\\/2026\\\/01\\\/wp-image-7989985180.png\",\"width\":944,\"height\":750},{\"@type\":\"BreadcrumbList\",\"@id\":\"https:\\\/\\\/mercadohogar.ca\\\/es\\\/producto\\\/puerta-de-garaje-de-acero-blanca-maciza-aislada-con-valor-r-de-63-de-27-m-x-21-m\\\/#breadcrumb\",\"itemListElement\":[{\"@type\":\"ListItem\",\"position\":1,\"name\":\"Home\",\"item\":\"https:\\\/\\\/mercadohogar.ca\\\/es\\\/\"},{\"@type\":\"ListItem\",\"position\":2,\"name\":\"Tienda\",\"item\":\"https:\\\/\\\/mercadohogar.ca\\\/es\\\/tienda-2\\\/\"},{\"@type\":\"ListItem\",\"position\":3,\"name\":\"Puerta de garaje de acero blanca maciza aislada con valor R de 6,3 de 2,7 m x 2,1 m\"}]},{\"@type\":\"WebSite\",\"@id\":\"https:\\\/\\\/mercadohogar.ca\\\/es\\\/#website\",\"url\":\"https:\\\/\\\/mercadohogar.ca\\\/es\\\/\",\"name\":\"Mercado Hogar\",\"description\":\"Mercado Hogar\",\"publisher\":{\"@id\":\"https:\\\/\\\/mercadohogar.ca\\\/es\\\/#organization\"},\"potentialAction\":[{\"@type\":\"SearchAction\",\"target\":{\"@type\":\"EntryPoint\",\"urlTemplate\":\"https:\\\/\\\/mercadohogar.ca\\\/es\\\/?s={search_term_string}\"},\"query-input\":{\"@type\":\"PropertyValueSpecification\",\"valueRequired\":true,\"valueName\":\"search_term_string\"}}],\"inLanguage\":\"es\"},{\"@type\":\"Organization\",\"@id\":\"https:\\\/\\\/mercadohogar.ca\\\/es\\\/#organization\",\"name\":\"Mercado Hogar\",\"url\":\"https:\\\/\\\/mercadohogar.ca\\\/es\\\/\",\"logo\":{\"@type\":\"ImageObject\",\"inLanguage\":\"es\",\"@id\":\"https:\\\/\\\/mercadohogar.ca\\\/es\\\/#\\\/schema\\\/logo\\\/image\\\/\",\"url\":\"https:\\\/\\\/mercadohogar.ca\\\/wp-content\\\/uploads\\\/2025\\\/12\\\/MH-LOGO.png\",\"contentUrl\":\"https:\\\/\\\/mercadohogar.ca\\\/wp-content\\\/uploads\\\/2025\\\/12\\\/MH-LOGO.png\",\"width\":1200,\"height\":1200,\"caption\":\"Mercado Hogar\"},\"image\":{\"@id\":\"https:\\\/\\\/mercadohogar.ca\\\/es\\\/#\\\/schema\\\/logo\\\/image\\\/\"}}]}<\/script>\n<!-- \/ Yoast SEO plugin. -->","yoast_head_json":{"title":"Puerta de garaje de acero blanca maciza aislada con valor R de 6,3 de 2,7 m x 2,1 m - Mercado Hogar","robots":{"index":"index","follow":"follow","max-snippet":"max-snippet:-1","max-image-preview":"max-image-preview:large","max-video-preview":"max-video-preview:-1"},"canonical":"https:\/\/mercadohogar.ca\/es\/producto\/puerta-de-garaje-de-acero-blanca-maciza-aislada-con-valor-r-de-63-de-27-m-x-21-m\/","og_locale":"es_ES","og_type":"article","og_title":"Puerta de garaje de acero blanca maciza aislada con valor R de 6,3 de 2,7 m x 2,1 m - Mercado Hogar","og_description":"Las puertas de garaje de acero combinan la simetr\u00eda tradicional de los dise\u00f1os de puertas de madera machihembrada con la durabilidad probada de la construcci\u00f3n de acero de Clopay. Esto proporciona mayor resistencia y eficiencia energ\u00e9tica, as\u00ed como un funcionamiento silencioso. Construcci\u00f3n de acero de 2 capas (acero-aislamiento-acero) Mayor eficiencia energ\u00e9tica, resistencia a las abolladuras, resistencia y seguridad con un [&hellip;]","og_url":"https:\/\/mercadohogar.ca\/es\/producto\/puerta-de-garaje-de-acero-blanca-maciza-aislada-con-valor-r-de-63-de-27-m-x-21-m\/","og_site_name":"Mercado Hogar","og_image":[{"width":944,"height":750,"url":"https:\/\/mercadohogar.ca\/wp-content\/uploads\/2026\/01\/wp-image-7989985180.png","type":"image\/png"}],"twitter_card":"summary_large_image","twitter_misc":{"Tiempo de lectura":"1 minuto"},"schema":{"@context":"https:\/\/schema.org","@graph":[{"@type":"WebPage","@id":"https:\/\/mercadohogar.ca\/es\/producto\/puerta-de-garaje-de-acero-blanca-maciza-aislada-con-valor-r-de-63-de-27-m-x-21-m\/","url":"https:\/\/mercadohogar.ca\/es\/producto\/puerta-de-garaje-de-acero-blanca-maciza-aislada-con-valor-r-de-63-de-27-m-x-21-m\/","name":"Puerta de garaje de acero blanca maciza aislada con valor R de 6,3 de 2,7 m x 2,1 m - Mercado Hogar","isPartOf":{"@id":"https:\/\/mercadohogar.ca\/es\/#website"},"primaryImageOfPage":{"@id":"https:\/\/mercadohogar.ca\/es\/producto\/puerta-de-garaje-de-acero-blanca-maciza-aislada-con-valor-r-de-63-de-27-m-x-21-m\/#primaryimage"},"image":{"@id":"https:\/\/mercadohogar.ca\/es\/producto\/puerta-de-garaje-de-acero-blanca-maciza-aislada-con-valor-r-de-63-de-27-m-x-21-m\/#primaryimage"},"thumbnailUrl":"https:\/\/mercadohogar.ca\/wp-content\/uploads\/2026\/01\/wp-image-7989985180.png","datePublished":"2026-01-02T01:31:37+00:00","breadcrumb":{"@id":"https:\/\/mercadohogar.ca\/es\/producto\/puerta-de-garaje-de-acero-blanca-maciza-aislada-con-valor-r-de-63-de-27-m-x-21-m\/#breadcrumb"},"inLanguage":"es","potentialAction":[{"@type":"ReadAction","target":["https:\/\/mercadohogar.ca\/es\/producto\/puerta-de-garaje-de-acero-blanca-maciza-aislada-con-valor-r-de-63-de-27-m-x-21-m\/"]}]},{"@type":"ImageObject","inLanguage":"es","@id":"https:\/\/mercadohogar.ca\/es\/producto\/puerta-de-garaje-de-acero-blanca-maciza-aislada-con-valor-r-de-63-de-27-m-x-21-m\/#primaryimage","url":"https:\/\/mercadohogar.ca\/wp-content\/uploads\/2026\/01\/wp-image-7989985180.png","contentUrl":"https:\/\/mercadohogar.ca\/wp-content\/uploads\/2026\/01\/wp-image-7989985180.png","width":944,"height":750},{"@type":"BreadcrumbList","@id":"https:\/\/mercadohogar.ca\/es\/producto\/puerta-de-garaje-de-acero-blanca-maciza-aislada-con-valor-r-de-63-de-27-m-x-21-m\/#breadcrumb","itemListElement":[{"@type":"ListItem","position":1,"name":"Home","item":"https:\/\/mercadohogar.ca\/es\/"},{"@type":"ListItem","position":2,"name":"Tienda","item":"https:\/\/mercadohogar.ca\/es\/tienda-2\/"},{"@type":"ListItem","position":3,"name":"Puerta de garaje de acero blanca maciza aislada con valor R de 6,3 de 2,7 m x 2,1 m"}]},{"@type":"WebSite","@id":"https:\/\/mercadohogar.ca\/es\/#website","url":"https:\/\/mercadohogar.ca\/es\/","name":"Mercado Hogar","description":"Mercado Hogar","publisher":{"@id":"https:\/\/mercadohogar.ca\/es\/#organization"},"potentialAction":[{"@type":"SearchAction","target":{"@type":"EntryPoint","urlTemplate":"https:\/\/mercadohogar.ca\/es\/?s={search_term_string}"},"query-input":{"@type":"PropertyValueSpecification","valueRequired":true,"valueName":"search_term_string"}}],"inLanguage":"es"},{"@type":"Organization","@id":"https:\/\/mercadohogar.ca\/es\/#organization","name":"Mercado Hogar","url":"https:\/\/mercadohogar.ca\/es\/","logo":{"@type":"ImageObject","inLanguage":"es","@id":"https:\/\/mercadohogar.ca\/es\/#\/schema\/logo\/image\/","url":"https:\/\/mercadohogar.ca\/wp-content\/uploads\/2025\/12\/MH-LOGO.png","contentUrl":"https:\/\/mercadohogar.ca\/wp-content\/uploads\/2025\/12\/MH-LOGO.png","width":1200,"height":1200,"caption":"Mercado Hogar"},"image":{"@id":"https:\/\/mercadohogar.ca\/es\/#\/schema\/logo\/image\/"}}]}},"jetpack_sharing_enabled":true,"_links":{"self":[{"href":"https:\/\/mercadohogar.ca\/es\/wp-json\/wp\/v2\/product\/4682","targetHints":{"allow":["GET"]}}],"collection":[{"href":"https:\/\/mercadohogar.ca\/es\/wp-json\/wp\/v2\/product"}],"about":[{"href":"https:\/\/mercadohogar.ca\/es\/wp-json\/wp\/v2\/types\/product"}],"version-history":[{"count":0,"href":"https:\/\/mercadohogar.ca\/es\/wp-json\/wp\/v2\/product\/4682\/revisions"}],"wp:featuredmedia":[{"embeddable":true,"href":"https:\/\/mercadohogar.ca\/es\/wp-json\/wp\/v2\/media\/3001"}],"wp:attachment":[{"href":"https:\/\/mercadohogar.ca\/es\/wp-json\/wp\/v2\/media?parent=4682"}],"wp:term":[{"taxonomy":"product_brand","embeddable":true,"href":"https:\/\/mercadohogar.ca\/es\/wp-json\/wp\/v2\/product_brand?post=4682"},{"taxonomy":"product_cat","embeddable":true,"href":"https:\/\/mercadohogar.ca\/es\/wp-json\/wp\/v2\/product_cat?post=4682"},{"taxonomy":"product_tag","embeddable":true,"href":"https:\/\/mercadohogar.ca\/es\/wp-json\/wp\/v2\/product_tag?post=4682"}],"curies":[{"name":"wp","href":"https:\/\/api.w.org\/{rel}","templated":true}]}}