{"id":4687,"date":"2026-01-02T01:31:36","date_gmt":"2026-01-02T01:31:36","guid":{"rendered":"https:\/\/mercadohogar.ca\/producto\/cable-de-carga-de-bateria-de-plomo-acido-de-12-v-para-automovil-tonton-conector-para-encendedor-de-cigarrillos\/"},"modified":"2026-01-17T22:23:19","modified_gmt":"2026-01-17T22:23:19","slug":"cable-de-carga-de-bateria-de-plomo-acido-de-12-v-para-automovil-tonton-conector-para-encendedor-de-cigarrillos","status":"publish","type":"product","link":"https:\/\/mercadohogar.ca\/es\/producto\/cable-de-carga-de-bateria-de-plomo-acido-de-12-v-para-automovil-tonton-conector-para-encendedor-de-cigarrillos\/","title":{"rendered":"Cable de carga de bater\u00eda de plomo-\u00e1cido de 12 V para autom\u00f3vil Tonton, conector para encendedor de cigarrillos"},"content":{"rendered":"<ul>\n<li>Cargue sus bater\u00edas de 12 V: este cable de extensi\u00f3n con pinzas de cocodrilo a conector macho para encendedor de cigarrillos es ideal para cargar bater\u00edas de 12 V en coches, veh\u00edculos recreativos, motocicletas, barcos, equipos marinos, remolques, tractores, veh\u00edculos todo terreno, camiones y m\u00e1s<\/li>\n<li>Amplia compatibilidad: equipado con un conector para encendedor de cigarrillos de 12 V, este cable de carga para autom\u00f3vil es compatible con la mayor\u00eda de las marcas de estaciones de energ\u00eda port\u00e1tiles. Es compatible con Anker (521, SOLIX C300), Jacker Explorer (500, 300, 240 V2), BLUETTI (AC180, AC70, EB3A), EF ECOFLOW (RIVER 2 Pro 700, DELTA 2, RIVER 2 240) y todas las estaciones de energ\u00eda o generadores solares con salida para encendedor de cigarrillos <\/li>\n<li>Carga r\u00e1pida y eficiente: dise\u00f1ado para una carga r\u00e1pida, nuestro cable ofrece una recarga veloz, requiriendo aproximadamente entre 15 y 20 minutos para bater\u00edas de 40-60 Ah y entre 30 y 40 minutos para bater\u00edas de 60-100 Ah para alcanzar la capacidad total, lo que le permite reanudar r\u00e1pidamente su viaje. Ampliable para respaldo dom\u00e9stico, emergencias, campamentos al aire libre, viajes en RV <\/li>\n<li>NOTA: Aseg\u00farese de conectar correctamente el conector del encendedor de cigarrillos a los terminales positivo y negativo para la carga. Una vez finalizada la carga, recuerde desconectar antes de arrancar el motor. Este proceso difiere del arranque con cable de arranque forzado. Solo apto para bater\u00edas de plomo-\u00e1cido de 12 V, NO APLICABLE A COCHES EL\u00c9CTRICOS   <\/li>\n<\/ul>\n","protected":false},"excerpt":{"rendered":"<p>Cargue sus bater\u00edas de 12 V: este cable de extensi\u00f3n con pinzas de cocodrilo a conector macho para encendedor de cigarrillos es ideal para cargar bater\u00edas de 12 V en coches, veh\u00edculos recreativos, motocicletas, barcos, equipos marinos, remolques, tractores, veh\u00edculos todo terreno, camiones y m\u00e1s Amplia compatibilidad: equipado con un conector para encendedor de cigarrillos de 12 V, este cable [&hellip;]<\/p>\n","protected":false},"featured_media":3022,"template":"","meta":{"_coblocks_attr":"","_coblocks_dimensions":"","_coblocks_responsive_height":"","_coblocks_accordion_ie_support":"","postBodyCss":"","postBodyMargin":[],"postBodyPadding":[],"postBodyBackground":{"backgroundType":"classic","gradient":""}},"product_brand":[],"product_cat":[997],"product_tag":[],"class_list":{"0":"post-4687","1":"product","2":"type-product","3":"status-publish","4":"has-post-thumbnail","6":"product_cat-generadores-y-soluciones-de-energia-alternativa","7":"product_shipping_class-aerovaradero-general","9":"first","10":"instock","11":"taxable","12":"shipping-taxable","13":"purchasable","14":"product-type-simple"},"yoast_head":"<!-- This site is optimized with the Yoast SEO plugin v27.4 - https:\/\/yoast.com\/product\/yoast-seo-wordpress\/ -->\n<title>Cable de carga de bater\u00eda de plomo-\u00e1cido de 12 V para autom\u00f3vil Tonton, conector para encendedor de cigarrillos - Mercado Hogar<\/title>\n<meta name=\"robots\" content=\"index, follow, max-snippet:-1, max-image-preview:large, max-video-preview:-1\" \/>\n<link rel=\"canonical\" href=\"https:\/\/mercadohogar.ca\/es\/producto\/cable-de-carga-de-bateria-de-plomo-acido-de-12-v-para-automovil-tonton-conector-para-encendedor-de-cigarrillos\/\" \/>\n<meta property=\"og:locale\" content=\"es_ES\" \/>\n<meta property=\"og:type\" content=\"article\" \/>\n<meta property=\"og:title\" content=\"Cable de carga de bater\u00eda de plomo-\u00e1cido de 12 V para autom\u00f3vil Tonton, conector para encendedor de cigarrillos - Mercado Hogar\" \/>\n<meta property=\"og:description\" content=\"Cargue sus bater\u00edas de 12 V: este cable de extensi\u00f3n con pinzas de cocodrilo a conector macho para encendedor de cigarrillos es ideal para cargar bater\u00edas de 12 V en coches, veh\u00edculos recreativos, motocicletas, barcos, equipos marinos, remolques, tractores, veh\u00edculos todo terreno, camiones y m\u00e1s Amplia compatibilidad: equipado con un conector para encendedor de cigarrillos de 12 V, este cable [&hellip;]\" \/>\n<meta property=\"og:url\" content=\"https:\/\/mercadohogar.ca\/es\/producto\/cable-de-carga-de-bateria-de-plomo-acido-de-12-v-para-automovil-tonton-conector-para-encendedor-de-cigarrillos\/\" \/>\n<meta property=\"og:site_name\" content=\"Mercado Hogar\" \/>\n<meta property=\"article:modified_time\" content=\"2026-01-17T22:23:19+00:00\" \/>\n<meta property=\"og:image\" content=\"https:\/\/mercadohogar.ca\/wp-content\/uploads\/2026\/01\/wp-image-7818671680.png\" \/>\n\t<meta property=\"og:image:width\" content=\"785\" \/>\n\t<meta property=\"og:image:height\" content=\"845\" \/>\n\t<meta property=\"og:image:type\" content=\"image\/png\" \/>\n<meta name=\"twitter:card\" content=\"summary_large_image\" \/>\n<meta name=\"twitter:label1\" content=\"Tiempo de lectura\" \/>\n\t<meta name=\"twitter:data1\" content=\"1 minuto\" \/>\n<script type=\"application\/ld+json\" class=\"yoast-schema-graph\">{\"@context\":\"https:\\\/\\\/schema.org\",\"@graph\":[{\"@type\":\"WebPage\",\"@id\":\"https:\\\/\\\/mercadohogar.ca\\\/es\\\/producto\\\/cable-de-carga-de-bateria-de-plomo-acido-de-12-v-para-automovil-tonton-conector-para-encendedor-de-cigarrillos\\\/\",\"url\":\"https:\\\/\\\/mercadohogar.ca\\\/es\\\/producto\\\/cable-de-carga-de-bateria-de-plomo-acido-de-12-v-para-automovil-tonton-conector-para-encendedor-de-cigarrillos\\\/\",\"name\":\"Cable de carga de bater\u00eda de plomo-\u00e1cido de 12 V para autom\u00f3vil Tonton, conector para encendedor de cigarrillos - Mercado Hogar\",\"isPartOf\":{\"@id\":\"https:\\\/\\\/mercadohogar.ca\\\/es\\\/#website\"},\"primaryImageOfPage\":{\"@id\":\"https:\\\/\\\/mercadohogar.ca\\\/es\\\/producto\\\/cable-de-carga-de-bateria-de-plomo-acido-de-12-v-para-automovil-tonton-conector-para-encendedor-de-cigarrillos\\\/#primaryimage\"},\"image\":{\"@id\":\"https:\\\/\\\/mercadohogar.ca\\\/es\\\/producto\\\/cable-de-carga-de-bateria-de-plomo-acido-de-12-v-para-automovil-tonton-conector-para-encendedor-de-cigarrillos\\\/#primaryimage\"},\"thumbnailUrl\":\"https:\\\/\\\/mercadohogar.ca\\\/wp-content\\\/uploads\\\/2026\\\/01\\\/wp-image-7818671680.png\",\"datePublished\":\"2026-01-02T01:31:36+00:00\",\"dateModified\":\"2026-01-17T22:23:19+00:00\",\"breadcrumb\":{\"@id\":\"https:\\\/\\\/mercadohogar.ca\\\/es\\\/producto\\\/cable-de-carga-de-bateria-de-plomo-acido-de-12-v-para-automovil-tonton-conector-para-encendedor-de-cigarrillos\\\/#breadcrumb\"},\"inLanguage\":\"es\",\"potentialAction\":[{\"@type\":\"ReadAction\",\"target\":[\"https:\\\/\\\/mercadohogar.ca\\\/es\\\/producto\\\/cable-de-carga-de-bateria-de-plomo-acido-de-12-v-para-automovil-tonton-conector-para-encendedor-de-cigarrillos\\\/\"]}]},{\"@type\":\"ImageObject\",\"inLanguage\":\"es\",\"@id\":\"https:\\\/\\\/mercadohogar.ca\\\/es\\\/producto\\\/cable-de-carga-de-bateria-de-plomo-acido-de-12-v-para-automovil-tonton-conector-para-encendedor-de-cigarrillos\\\/#primaryimage\",\"url\":\"https:\\\/\\\/mercadohogar.ca\\\/wp-content\\\/uploads\\\/2026\\\/01\\\/wp-image-7818671680.png\",\"contentUrl\":\"https:\\\/\\\/mercadohogar.ca\\\/wp-content\\\/uploads\\\/2026\\\/01\\\/wp-image-7818671680.png\",\"width\":785,\"height\":845},{\"@type\":\"BreadcrumbList\",\"@id\":\"https:\\\/\\\/mercadohogar.ca\\\/es\\\/producto\\\/cable-de-carga-de-bateria-de-plomo-acido-de-12-v-para-automovil-tonton-conector-para-encendedor-de-cigarrillos\\\/#breadcrumb\",\"itemListElement\":[{\"@type\":\"ListItem\",\"position\":1,\"name\":\"Home\",\"item\":\"https:\\\/\\\/mercadohogar.ca\\\/es\\\/\"},{\"@type\":\"ListItem\",\"position\":2,\"name\":\"Tienda\",\"item\":\"https:\\\/\\\/mercadohogar.ca\\\/es\\\/tienda-2\\\/\"},{\"@type\":\"ListItem\",\"position\":3,\"name\":\"Cable de carga de bater\u00eda de plomo-\u00e1cido de 12 V para autom\u00f3vil Tonton, conector para encendedor de cigarrillos\"}]},{\"@type\":\"WebSite\",\"@id\":\"https:\\\/\\\/mercadohogar.ca\\\/es\\\/#website\",\"url\":\"https:\\\/\\\/mercadohogar.ca\\\/es\\\/\",\"name\":\"Mercado Hogar\",\"description\":\"Mercado Hogar\",\"publisher\":{\"@id\":\"https:\\\/\\\/mercadohogar.ca\\\/es\\\/#organization\"},\"potentialAction\":[{\"@type\":\"SearchAction\",\"target\":{\"@type\":\"EntryPoint\",\"urlTemplate\":\"https:\\\/\\\/mercadohogar.ca\\\/es\\\/?s={search_term_string}\"},\"query-input\":{\"@type\":\"PropertyValueSpecification\",\"valueRequired\":true,\"valueName\":\"search_term_string\"}}],\"inLanguage\":\"es\"},{\"@type\":\"Organization\",\"@id\":\"https:\\\/\\\/mercadohogar.ca\\\/es\\\/#organization\",\"name\":\"Mercado Hogar\",\"url\":\"https:\\\/\\\/mercadohogar.ca\\\/es\\\/\",\"logo\":{\"@type\":\"ImageObject\",\"inLanguage\":\"es\",\"@id\":\"https:\\\/\\\/mercadohogar.ca\\\/es\\\/#\\\/schema\\\/logo\\\/image\\\/\",\"url\":\"https:\\\/\\\/mercadohogar.ca\\\/wp-content\\\/uploads\\\/2025\\\/12\\\/MH-LOGO.png\",\"contentUrl\":\"https:\\\/\\\/mercadohogar.ca\\\/wp-content\\\/uploads\\\/2025\\\/12\\\/MH-LOGO.png\",\"width\":1200,\"height\":1200,\"caption\":\"Mercado Hogar\"},\"image\":{\"@id\":\"https:\\\/\\\/mercadohogar.ca\\\/es\\\/#\\\/schema\\\/logo\\\/image\\\/\"}}]}<\/script>\n<!-- \/ Yoast SEO plugin. -->","yoast_head_json":{"title":"Cable de carga de bater\u00eda de plomo-\u00e1cido de 12 V para autom\u00f3vil Tonton, conector para encendedor de cigarrillos - Mercado Hogar","robots":{"index":"index","follow":"follow","max-snippet":"max-snippet:-1","max-image-preview":"max-image-preview:large","max-video-preview":"max-video-preview:-1"},"canonical":"https:\/\/mercadohogar.ca\/es\/producto\/cable-de-carga-de-bateria-de-plomo-acido-de-12-v-para-automovil-tonton-conector-para-encendedor-de-cigarrillos\/","og_locale":"es_ES","og_type":"article","og_title":"Cable de carga de bater\u00eda de plomo-\u00e1cido de 12 V para autom\u00f3vil Tonton, conector para encendedor de cigarrillos - Mercado Hogar","og_description":"Cargue sus bater\u00edas de 12 V: este cable de extensi\u00f3n con pinzas de cocodrilo a conector macho para encendedor de cigarrillos es ideal para cargar bater\u00edas de 12 V en coches, veh\u00edculos recreativos, motocicletas, barcos, equipos marinos, remolques, tractores, veh\u00edculos todo terreno, camiones y m\u00e1s Amplia compatibilidad: equipado con un conector para encendedor de cigarrillos de 12 V, este cable [&hellip;]","og_url":"https:\/\/mercadohogar.ca\/es\/producto\/cable-de-carga-de-bateria-de-plomo-acido-de-12-v-para-automovil-tonton-conector-para-encendedor-de-cigarrillos\/","og_site_name":"Mercado Hogar","article_modified_time":"2026-01-17T22:23:19+00:00","og_image":[{"width":785,"height":845,"url":"https:\/\/mercadohogar.ca\/wp-content\/uploads\/2026\/01\/wp-image-7818671680.png","type":"image\/png"}],"twitter_card":"summary_large_image","twitter_misc":{"Tiempo de lectura":"1 minuto"},"schema":{"@context":"https:\/\/schema.org","@graph":[{"@type":"WebPage","@id":"https:\/\/mercadohogar.ca\/es\/producto\/cable-de-carga-de-bateria-de-plomo-acido-de-12-v-para-automovil-tonton-conector-para-encendedor-de-cigarrillos\/","url":"https:\/\/mercadohogar.ca\/es\/producto\/cable-de-carga-de-bateria-de-plomo-acido-de-12-v-para-automovil-tonton-conector-para-encendedor-de-cigarrillos\/","name":"Cable de carga de bater\u00eda de plomo-\u00e1cido de 12 V para autom\u00f3vil Tonton, conector para encendedor de cigarrillos - Mercado Hogar","isPartOf":{"@id":"https:\/\/mercadohogar.ca\/es\/#website"},"primaryImageOfPage":{"@id":"https:\/\/mercadohogar.ca\/es\/producto\/cable-de-carga-de-bateria-de-plomo-acido-de-12-v-para-automovil-tonton-conector-para-encendedor-de-cigarrillos\/#primaryimage"},"image":{"@id":"https:\/\/mercadohogar.ca\/es\/producto\/cable-de-carga-de-bateria-de-plomo-acido-de-12-v-para-automovil-tonton-conector-para-encendedor-de-cigarrillos\/#primaryimage"},"thumbnailUrl":"https:\/\/mercadohogar.ca\/wp-content\/uploads\/2026\/01\/wp-image-7818671680.png","datePublished":"2026-01-02T01:31:36+00:00","dateModified":"2026-01-17T22:23:19+00:00","breadcrumb":{"@id":"https:\/\/mercadohogar.ca\/es\/producto\/cable-de-carga-de-bateria-de-plomo-acido-de-12-v-para-automovil-tonton-conector-para-encendedor-de-cigarrillos\/#breadcrumb"},"inLanguage":"es","potentialAction":[{"@type":"ReadAction","target":["https:\/\/mercadohogar.ca\/es\/producto\/cable-de-carga-de-bateria-de-plomo-acido-de-12-v-para-automovil-tonton-conector-para-encendedor-de-cigarrillos\/"]}]},{"@type":"ImageObject","inLanguage":"es","@id":"https:\/\/mercadohogar.ca\/es\/producto\/cable-de-carga-de-bateria-de-plomo-acido-de-12-v-para-automovil-tonton-conector-para-encendedor-de-cigarrillos\/#primaryimage","url":"https:\/\/mercadohogar.ca\/wp-content\/uploads\/2026\/01\/wp-image-7818671680.png","contentUrl":"https:\/\/mercadohogar.ca\/wp-content\/uploads\/2026\/01\/wp-image-7818671680.png","width":785,"height":845},{"@type":"BreadcrumbList","@id":"https:\/\/mercadohogar.ca\/es\/producto\/cable-de-carga-de-bateria-de-plomo-acido-de-12-v-para-automovil-tonton-conector-para-encendedor-de-cigarrillos\/#breadcrumb","itemListElement":[{"@type":"ListItem","position":1,"name":"Home","item":"https:\/\/mercadohogar.ca\/es\/"},{"@type":"ListItem","position":2,"name":"Tienda","item":"https:\/\/mercadohogar.ca\/es\/tienda-2\/"},{"@type":"ListItem","position":3,"name":"Cable de carga de bater\u00eda de plomo-\u00e1cido de 12 V para autom\u00f3vil Tonton, conector para encendedor de cigarrillos"}]},{"@type":"WebSite","@id":"https:\/\/mercadohogar.ca\/es\/#website","url":"https:\/\/mercadohogar.ca\/es\/","name":"Mercado Hogar","description":"Mercado Hogar","publisher":{"@id":"https:\/\/mercadohogar.ca\/es\/#organization"},"potentialAction":[{"@type":"SearchAction","target":{"@type":"EntryPoint","urlTemplate":"https:\/\/mercadohogar.ca\/es\/?s={search_term_string}"},"query-input":{"@type":"PropertyValueSpecification","valueRequired":true,"valueName":"search_term_string"}}],"inLanguage":"es"},{"@type":"Organization","@id":"https:\/\/mercadohogar.ca\/es\/#organization","name":"Mercado Hogar","url":"https:\/\/mercadohogar.ca\/es\/","logo":{"@type":"ImageObject","inLanguage":"es","@id":"https:\/\/mercadohogar.ca\/es\/#\/schema\/logo\/image\/","url":"https:\/\/mercadohogar.ca\/wp-content\/uploads\/2025\/12\/MH-LOGO.png","contentUrl":"https:\/\/mercadohogar.ca\/wp-content\/uploads\/2025\/12\/MH-LOGO.png","width":1200,"height":1200,"caption":"Mercado Hogar"},"image":{"@id":"https:\/\/mercadohogar.ca\/es\/#\/schema\/logo\/image\/"}}]}},"jetpack_sharing_enabled":true,"_links":{"self":[{"href":"https:\/\/mercadohogar.ca\/es\/wp-json\/wp\/v2\/product\/4687","targetHints":{"allow":["GET"]}}],"collection":[{"href":"https:\/\/mercadohogar.ca\/es\/wp-json\/wp\/v2\/product"}],"about":[{"href":"https:\/\/mercadohogar.ca\/es\/wp-json\/wp\/v2\/types\/product"}],"version-history":[{"count":1,"href":"https:\/\/mercadohogar.ca\/es\/wp-json\/wp\/v2\/product\/4687\/revisions"}],"predecessor-version":[{"id":5458,"href":"https:\/\/mercadohogar.ca\/es\/wp-json\/wp\/v2\/product\/4687\/revisions\/5458"}],"wp:featuredmedia":[{"embeddable":true,"href":"https:\/\/mercadohogar.ca\/es\/wp-json\/wp\/v2\/media\/3022"}],"wp:attachment":[{"href":"https:\/\/mercadohogar.ca\/es\/wp-json\/wp\/v2\/media?parent=4687"}],"wp:term":[{"taxonomy":"product_brand","embeddable":true,"href":"https:\/\/mercadohogar.ca\/es\/wp-json\/wp\/v2\/product_brand?post=4687"},{"taxonomy":"product_cat","embeddable":true,"href":"https:\/\/mercadohogar.ca\/es\/wp-json\/wp\/v2\/product_cat?post=4687"},{"taxonomy":"product_tag","embeddable":true,"href":"https:\/\/mercadohogar.ca\/es\/wp-json\/wp\/v2\/product_tag?post=4687"}],"curies":[{"name":"wp","href":"https:\/\/api.w.org\/{rel}","templated":true}]}}