{"id":5982,"date":"2026-03-27T02:59:07","date_gmt":"2026-03-27T02:59:07","guid":{"rendered":"https:\/\/mercadohogar.ca\/producto\/paquete-de-4-interruptor-de-luz-de-pared-decorativo-de-3-vias-bestten-con-placa-de-pared-15-a-120-277-v-interruptor-basculante-de-encendido-apagado-certificado-cul-blanco\/"},"modified":"2026-03-28T21:58:19","modified_gmt":"2026-03-28T21:58:19","slug":"paquete-de-4-interruptor-de-luz-de-pared-decorativo-de-3-vias-bestten-con-placa-de-pared-15-a-120-277-v-interruptor-basculante-de-encendido-apagado-certificado-cul-blanco","status":"publish","type":"product","link":"https:\/\/mercadohogar.ca\/es\/producto\/paquete-de-4-interruptor-de-luz-de-pared-decorativo-de-3-vias-bestten-con-placa-de-pared-15-a-120-277-v-interruptor-basculante-de-encendido-apagado-certificado-cul-blanco\/","title":{"rendered":"[Paquete de 4] Interruptor de luz de pared decorativo de 3 v\u00edas BESTTEN con placa de pared, 15 A, 120\/277 V, interruptor basculante de encendido\/apagado, certificado cUL, blanco"},"content":{"rendered":"<p>Interruptor de luz el\u00e9ctrico de 3 v\u00edas, 15 A, 120-277 V, placa decorativa incluida, acabado brillante, certificado cUL. Este interruptor de 3 v\u00edas se puede usar en circuitos unipolares y de 3 v\u00edas, permitiendo controlar la iluminaci\u00f3n desde dos ubicaciones. Recordatorio: Para que el color del interruptor BESTTEN coincida, seleccione la placa de pared de la serie USWP4.<br \/>\nEl mecanismo de encendido\/apagado, suave y silencioso, le permite apreciar la calidad de fabricaci\u00f3n de cada interruptor BESTTEN.<br \/>\nOpciones de cableado r\u00e1pido por inserci\u00f3n y lateral disponibles. Los tornillos de los terminales admiten cables de hasta 12 AWG y el cableado r\u00e1pido por inserci\u00f3n solo admite cable de cobre s\u00f3lido de 14 AWG.<br \/>\nCapacidad de corriente nominal completa con cargas LED, de tungsteno, fluorescentes o resistivas. La capacidad del motor es el 80 % de la capacidad del interruptor.<br \/>\nEl dise\u00f1o moderno de este interruptor decorativo realza el estilo de cualquier espacio donde se necesite un interruptor.    <\/p>\n","protected":false},"excerpt":{"rendered":"<p>Interruptor de luz el\u00e9ctrico de 3 v\u00edas, 15 A, 120-277 V, placa decorativa incluida, acabado brillante, certificado cUL. Este interruptor de 3 v\u00edas se puede usar en circuitos unipolares y de 3 v\u00edas, permitiendo controlar la iluminaci\u00f3n desde dos ubicaciones. Recordatorio: Para que el color del interruptor BESTTEN coincida, seleccione la placa de pared de la serie USWP4. El mecanismo [&hellip;]<\/p>\n","protected":false},"featured_media":5983,"template":"","meta":{"_coblocks_attr":"","_coblocks_dimensions":"","_coblocks_responsive_height":"","_coblocks_accordion_ie_support":"","postBodyCss":"","postBodyMargin":[],"postBodyPadding":[],"postBodyBackground":{"backgroundType":"classic","gradient":""}},"product_brand":[],"product_cat":[905],"product_tag":[],"class_list":{"0":"post-5982","1":"product","2":"type-product","3":"status-publish","4":"has-post-thumbnail","6":"product_cat-home-improvements","7":"product_shipping_class-aerovaradero-general","9":"first","10":"instock","11":"taxable","12":"shipping-taxable","13":"purchasable","14":"product-type-simple"},"yoast_head":"<!-- This site is optimized with the Yoast SEO plugin v27.4 - https:\/\/yoast.com\/product\/yoast-seo-wordpress\/ -->\n<title>[Paquete de 4] Interruptor de luz de pared decorativo de 3 v\u00edas BESTTEN con placa de pared, 15 A, 120\/277 V, interruptor basculante de encendido\/apagado, certificado cUL, blanco - Mercado Hogar<\/title>\n<meta name=\"robots\" content=\"index, follow, max-snippet:-1, max-image-preview:large, max-video-preview:-1\" \/>\n<link rel=\"canonical\" href=\"https:\/\/mercadohogar.ca\/es\/producto\/paquete-de-4-interruptor-de-luz-de-pared-decorativo-de-3-vias-bestten-con-placa-de-pared-15-a-120-277-v-interruptor-basculante-de-encendido-apagado-certificado-cul-blanco\/\" \/>\n<meta property=\"og:locale\" content=\"es_ES\" \/>\n<meta property=\"og:type\" content=\"article\" \/>\n<meta property=\"og:title\" content=\"[Paquete de 4] Interruptor de luz de pared decorativo de 3 v\u00edas BESTTEN con placa de pared, 15 A, 120\/277 V, interruptor basculante de encendido\/apagado, certificado cUL, blanco - Mercado Hogar\" \/>\n<meta property=\"og:description\" content=\"Interruptor de luz el\u00e9ctrico de 3 v\u00edas, 15 A, 120-277 V, placa decorativa incluida, acabado brillante, certificado cUL. Este interruptor de 3 v\u00edas se puede usar en circuitos unipolares y de 3 v\u00edas, permitiendo controlar la iluminaci\u00f3n desde dos ubicaciones. Recordatorio: Para que el color del interruptor BESTTEN coincida, seleccione la placa de pared de la serie USWP4. El mecanismo [&hellip;]\" \/>\n<meta property=\"og:url\" content=\"https:\/\/mercadohogar.ca\/es\/producto\/paquete-de-4-interruptor-de-luz-de-pared-decorativo-de-3-vias-bestten-con-placa-de-pared-15-a-120-277-v-interruptor-basculante-de-encendido-apagado-certificado-cul-blanco\/\" \/>\n<meta property=\"og:site_name\" content=\"Mercado Hogar\" \/>\n<meta property=\"article:modified_time\" content=\"2026-03-28T21:58:19+00:00\" \/>\n<meta property=\"og:image\" content=\"https:\/\/mercadohogar.ca\/wp-content\/uploads\/2026\/03\/1.jpg\" \/>\n\t<meta property=\"og:image:width\" content=\"921\" \/>\n\t<meta property=\"og:image:height\" content=\"1452\" \/>\n\t<meta property=\"og:image:type\" content=\"image\/jpeg\" \/>\n<meta name=\"twitter:card\" content=\"summary_large_image\" \/>\n<meta name=\"twitter:label1\" content=\"Tiempo de lectura\" \/>\n\t<meta name=\"twitter:data1\" content=\"1 minuto\" \/>\n<script type=\"application\/ld+json\" class=\"yoast-schema-graph\">{\"@context\":\"https:\\\/\\\/schema.org\",\"@graph\":[{\"@type\":\"WebPage\",\"@id\":\"https:\\\/\\\/mercadohogar.ca\\\/es\\\/producto\\\/paquete-de-4-interruptor-de-luz-de-pared-decorativo-de-3-vias-bestten-con-placa-de-pared-15-a-120-277-v-interruptor-basculante-de-encendido-apagado-certificado-cul-blanco\\\/\",\"url\":\"https:\\\/\\\/mercadohogar.ca\\\/es\\\/producto\\\/paquete-de-4-interruptor-de-luz-de-pared-decorativo-de-3-vias-bestten-con-placa-de-pared-15-a-120-277-v-interruptor-basculante-de-encendido-apagado-certificado-cul-blanco\\\/\",\"name\":\"[Paquete de 4] Interruptor de luz de pared decorativo de 3 v\u00edas BESTTEN con placa de pared, 15 A, 120\\\/277 V, interruptor basculante de encendido\\\/apagado, certificado cUL, blanco - Mercado Hogar\",\"isPartOf\":{\"@id\":\"https:\\\/\\\/mercadohogar.ca\\\/es\\\/#website\"},\"primaryImageOfPage\":{\"@id\":\"https:\\\/\\\/mercadohogar.ca\\\/es\\\/producto\\\/paquete-de-4-interruptor-de-luz-de-pared-decorativo-de-3-vias-bestten-con-placa-de-pared-15-a-120-277-v-interruptor-basculante-de-encendido-apagado-certificado-cul-blanco\\\/#primaryimage\"},\"image\":{\"@id\":\"https:\\\/\\\/mercadohogar.ca\\\/es\\\/producto\\\/paquete-de-4-interruptor-de-luz-de-pared-decorativo-de-3-vias-bestten-con-placa-de-pared-15-a-120-277-v-interruptor-basculante-de-encendido-apagado-certificado-cul-blanco\\\/#primaryimage\"},\"thumbnailUrl\":\"https:\\\/\\\/mercadohogar.ca\\\/wp-content\\\/uploads\\\/2026\\\/03\\\/1.jpg\",\"datePublished\":\"2026-03-27T02:59:07+00:00\",\"dateModified\":\"2026-03-28T21:58:19+00:00\",\"breadcrumb\":{\"@id\":\"https:\\\/\\\/mercadohogar.ca\\\/es\\\/producto\\\/paquete-de-4-interruptor-de-luz-de-pared-decorativo-de-3-vias-bestten-con-placa-de-pared-15-a-120-277-v-interruptor-basculante-de-encendido-apagado-certificado-cul-blanco\\\/#breadcrumb\"},\"inLanguage\":\"es\",\"potentialAction\":[{\"@type\":\"ReadAction\",\"target\":[\"https:\\\/\\\/mercadohogar.ca\\\/es\\\/producto\\\/paquete-de-4-interruptor-de-luz-de-pared-decorativo-de-3-vias-bestten-con-placa-de-pared-15-a-120-277-v-interruptor-basculante-de-encendido-apagado-certificado-cul-blanco\\\/\"]}]},{\"@type\":\"ImageObject\",\"inLanguage\":\"es\",\"@id\":\"https:\\\/\\\/mercadohogar.ca\\\/es\\\/producto\\\/paquete-de-4-interruptor-de-luz-de-pared-decorativo-de-3-vias-bestten-con-placa-de-pared-15-a-120-277-v-interruptor-basculante-de-encendido-apagado-certificado-cul-blanco\\\/#primaryimage\",\"url\":\"https:\\\/\\\/mercadohogar.ca\\\/wp-content\\\/uploads\\\/2026\\\/03\\\/1.jpg\",\"contentUrl\":\"https:\\\/\\\/mercadohogar.ca\\\/wp-content\\\/uploads\\\/2026\\\/03\\\/1.jpg\",\"width\":921,\"height\":1452},{\"@type\":\"BreadcrumbList\",\"@id\":\"https:\\\/\\\/mercadohogar.ca\\\/es\\\/producto\\\/paquete-de-4-interruptor-de-luz-de-pared-decorativo-de-3-vias-bestten-con-placa-de-pared-15-a-120-277-v-interruptor-basculante-de-encendido-apagado-certificado-cul-blanco\\\/#breadcrumb\",\"itemListElement\":[{\"@type\":\"ListItem\",\"position\":1,\"name\":\"Home\",\"item\":\"https:\\\/\\\/mercadohogar.ca\\\/es\\\/\"},{\"@type\":\"ListItem\",\"position\":2,\"name\":\"Tienda\",\"item\":\"https:\\\/\\\/mercadohogar.ca\\\/es\\\/tienda-2\\\/\"},{\"@type\":\"ListItem\",\"position\":3,\"name\":\"[Paquete de 4] Interruptor de luz de pared decorativo de 3 v\u00edas BESTTEN con placa de pared, 15 A, 120\\\/277 V, interruptor basculante de encendido\\\/apagado, certificado cUL, blanco\"}]},{\"@type\":\"WebSite\",\"@id\":\"https:\\\/\\\/mercadohogar.ca\\\/es\\\/#website\",\"url\":\"https:\\\/\\\/mercadohogar.ca\\\/es\\\/\",\"name\":\"Mercado Hogar\",\"description\":\"Mercado Hogar\",\"publisher\":{\"@id\":\"https:\\\/\\\/mercadohogar.ca\\\/es\\\/#organization\"},\"potentialAction\":[{\"@type\":\"SearchAction\",\"target\":{\"@type\":\"EntryPoint\",\"urlTemplate\":\"https:\\\/\\\/mercadohogar.ca\\\/es\\\/?s={search_term_string}\"},\"query-input\":{\"@type\":\"PropertyValueSpecification\",\"valueRequired\":true,\"valueName\":\"search_term_string\"}}],\"inLanguage\":\"es\"},{\"@type\":\"Organization\",\"@id\":\"https:\\\/\\\/mercadohogar.ca\\\/es\\\/#organization\",\"name\":\"Mercado Hogar\",\"url\":\"https:\\\/\\\/mercadohogar.ca\\\/es\\\/\",\"logo\":{\"@type\":\"ImageObject\",\"inLanguage\":\"es\",\"@id\":\"https:\\\/\\\/mercadohogar.ca\\\/es\\\/#\\\/schema\\\/logo\\\/image\\\/\",\"url\":\"https:\\\/\\\/mercadohogar.ca\\\/wp-content\\\/uploads\\\/2025\\\/12\\\/MH-LOGO.png\",\"contentUrl\":\"https:\\\/\\\/mercadohogar.ca\\\/wp-content\\\/uploads\\\/2025\\\/12\\\/MH-LOGO.png\",\"width\":1200,\"height\":1200,\"caption\":\"Mercado Hogar\"},\"image\":{\"@id\":\"https:\\\/\\\/mercadohogar.ca\\\/es\\\/#\\\/schema\\\/logo\\\/image\\\/\"}}]}<\/script>\n<!-- \/ Yoast SEO plugin. -->","yoast_head_json":{"title":"[Paquete de 4] Interruptor de luz de pared decorativo de 3 v\u00edas BESTTEN con placa de pared, 15 A, 120\/277 V, interruptor basculante de encendido\/apagado, certificado cUL, blanco - Mercado Hogar","robots":{"index":"index","follow":"follow","max-snippet":"max-snippet:-1","max-image-preview":"max-image-preview:large","max-video-preview":"max-video-preview:-1"},"canonical":"https:\/\/mercadohogar.ca\/es\/producto\/paquete-de-4-interruptor-de-luz-de-pared-decorativo-de-3-vias-bestten-con-placa-de-pared-15-a-120-277-v-interruptor-basculante-de-encendido-apagado-certificado-cul-blanco\/","og_locale":"es_ES","og_type":"article","og_title":"[Paquete de 4] Interruptor de luz de pared decorativo de 3 v\u00edas BESTTEN con placa de pared, 15 A, 120\/277 V, interruptor basculante de encendido\/apagado, certificado cUL, blanco - Mercado Hogar","og_description":"Interruptor de luz el\u00e9ctrico de 3 v\u00edas, 15 A, 120-277 V, placa decorativa incluida, acabado brillante, certificado cUL. Este interruptor de 3 v\u00edas se puede usar en circuitos unipolares y de 3 v\u00edas, permitiendo controlar la iluminaci\u00f3n desde dos ubicaciones. Recordatorio: Para que el color del interruptor BESTTEN coincida, seleccione la placa de pared de la serie USWP4. El mecanismo [&hellip;]","og_url":"https:\/\/mercadohogar.ca\/es\/producto\/paquete-de-4-interruptor-de-luz-de-pared-decorativo-de-3-vias-bestten-con-placa-de-pared-15-a-120-277-v-interruptor-basculante-de-encendido-apagado-certificado-cul-blanco\/","og_site_name":"Mercado Hogar","article_modified_time":"2026-03-28T21:58:19+00:00","og_image":[{"width":921,"height":1452,"url":"https:\/\/mercadohogar.ca\/wp-content\/uploads\/2026\/03\/1.jpg","type":"image\/jpeg"}],"twitter_card":"summary_large_image","twitter_misc":{"Tiempo de lectura":"1 minuto"},"schema":{"@context":"https:\/\/schema.org","@graph":[{"@type":"WebPage","@id":"https:\/\/mercadohogar.ca\/es\/producto\/paquete-de-4-interruptor-de-luz-de-pared-decorativo-de-3-vias-bestten-con-placa-de-pared-15-a-120-277-v-interruptor-basculante-de-encendido-apagado-certificado-cul-blanco\/","url":"https:\/\/mercadohogar.ca\/es\/producto\/paquete-de-4-interruptor-de-luz-de-pared-decorativo-de-3-vias-bestten-con-placa-de-pared-15-a-120-277-v-interruptor-basculante-de-encendido-apagado-certificado-cul-blanco\/","name":"[Paquete de 4] Interruptor de luz de pared decorativo de 3 v\u00edas BESTTEN con placa de pared, 15 A, 120\/277 V, interruptor basculante de encendido\/apagado, certificado cUL, blanco - Mercado Hogar","isPartOf":{"@id":"https:\/\/mercadohogar.ca\/es\/#website"},"primaryImageOfPage":{"@id":"https:\/\/mercadohogar.ca\/es\/producto\/paquete-de-4-interruptor-de-luz-de-pared-decorativo-de-3-vias-bestten-con-placa-de-pared-15-a-120-277-v-interruptor-basculante-de-encendido-apagado-certificado-cul-blanco\/#primaryimage"},"image":{"@id":"https:\/\/mercadohogar.ca\/es\/producto\/paquete-de-4-interruptor-de-luz-de-pared-decorativo-de-3-vias-bestten-con-placa-de-pared-15-a-120-277-v-interruptor-basculante-de-encendido-apagado-certificado-cul-blanco\/#primaryimage"},"thumbnailUrl":"https:\/\/mercadohogar.ca\/wp-content\/uploads\/2026\/03\/1.jpg","datePublished":"2026-03-27T02:59:07+00:00","dateModified":"2026-03-28T21:58:19+00:00","breadcrumb":{"@id":"https:\/\/mercadohogar.ca\/es\/producto\/paquete-de-4-interruptor-de-luz-de-pared-decorativo-de-3-vias-bestten-con-placa-de-pared-15-a-120-277-v-interruptor-basculante-de-encendido-apagado-certificado-cul-blanco\/#breadcrumb"},"inLanguage":"es","potentialAction":[{"@type":"ReadAction","target":["https:\/\/mercadohogar.ca\/es\/producto\/paquete-de-4-interruptor-de-luz-de-pared-decorativo-de-3-vias-bestten-con-placa-de-pared-15-a-120-277-v-interruptor-basculante-de-encendido-apagado-certificado-cul-blanco\/"]}]},{"@type":"ImageObject","inLanguage":"es","@id":"https:\/\/mercadohogar.ca\/es\/producto\/paquete-de-4-interruptor-de-luz-de-pared-decorativo-de-3-vias-bestten-con-placa-de-pared-15-a-120-277-v-interruptor-basculante-de-encendido-apagado-certificado-cul-blanco\/#primaryimage","url":"https:\/\/mercadohogar.ca\/wp-content\/uploads\/2026\/03\/1.jpg","contentUrl":"https:\/\/mercadohogar.ca\/wp-content\/uploads\/2026\/03\/1.jpg","width":921,"height":1452},{"@type":"BreadcrumbList","@id":"https:\/\/mercadohogar.ca\/es\/producto\/paquete-de-4-interruptor-de-luz-de-pared-decorativo-de-3-vias-bestten-con-placa-de-pared-15-a-120-277-v-interruptor-basculante-de-encendido-apagado-certificado-cul-blanco\/#breadcrumb","itemListElement":[{"@type":"ListItem","position":1,"name":"Home","item":"https:\/\/mercadohogar.ca\/es\/"},{"@type":"ListItem","position":2,"name":"Tienda","item":"https:\/\/mercadohogar.ca\/es\/tienda-2\/"},{"@type":"ListItem","position":3,"name":"[Paquete de 4] Interruptor de luz de pared decorativo de 3 v\u00edas BESTTEN con placa de pared, 15 A, 120\/277 V, interruptor basculante de encendido\/apagado, certificado cUL, blanco"}]},{"@type":"WebSite","@id":"https:\/\/mercadohogar.ca\/es\/#website","url":"https:\/\/mercadohogar.ca\/es\/","name":"Mercado Hogar","description":"Mercado Hogar","publisher":{"@id":"https:\/\/mercadohogar.ca\/es\/#organization"},"potentialAction":[{"@type":"SearchAction","target":{"@type":"EntryPoint","urlTemplate":"https:\/\/mercadohogar.ca\/es\/?s={search_term_string}"},"query-input":{"@type":"PropertyValueSpecification","valueRequired":true,"valueName":"search_term_string"}}],"inLanguage":"es"},{"@type":"Organization","@id":"https:\/\/mercadohogar.ca\/es\/#organization","name":"Mercado Hogar","url":"https:\/\/mercadohogar.ca\/es\/","logo":{"@type":"ImageObject","inLanguage":"es","@id":"https:\/\/mercadohogar.ca\/es\/#\/schema\/logo\/image\/","url":"https:\/\/mercadohogar.ca\/wp-content\/uploads\/2025\/12\/MH-LOGO.png","contentUrl":"https:\/\/mercadohogar.ca\/wp-content\/uploads\/2025\/12\/MH-LOGO.png","width":1200,"height":1200,"caption":"Mercado Hogar"},"image":{"@id":"https:\/\/mercadohogar.ca\/es\/#\/schema\/logo\/image\/"}}]}},"jetpack_sharing_enabled":true,"_links":{"self":[{"href":"https:\/\/mercadohogar.ca\/es\/wp-json\/wp\/v2\/product\/5982","targetHints":{"allow":["GET"]}}],"collection":[{"href":"https:\/\/mercadohogar.ca\/es\/wp-json\/wp\/v2\/product"}],"about":[{"href":"https:\/\/mercadohogar.ca\/es\/wp-json\/wp\/v2\/types\/product"}],"version-history":[{"count":1,"href":"https:\/\/mercadohogar.ca\/es\/wp-json\/wp\/v2\/product\/5982\/revisions"}],"predecessor-version":[{"id":6050,"href":"https:\/\/mercadohogar.ca\/es\/wp-json\/wp\/v2\/product\/5982\/revisions\/6050"}],"wp:featuredmedia":[{"embeddable":true,"href":"https:\/\/mercadohogar.ca\/es\/wp-json\/wp\/v2\/media\/5983"}],"wp:attachment":[{"href":"https:\/\/mercadohogar.ca\/es\/wp-json\/wp\/v2\/media?parent=5982"}],"wp:term":[{"taxonomy":"product_brand","embeddable":true,"href":"https:\/\/mercadohogar.ca\/es\/wp-json\/wp\/v2\/product_brand?post=5982"},{"taxonomy":"product_cat","embeddable":true,"href":"https:\/\/mercadohogar.ca\/es\/wp-json\/wp\/v2\/product_cat?post=5982"},{"taxonomy":"product_tag","embeddable":true,"href":"https:\/\/mercadohogar.ca\/es\/wp-json\/wp\/v2\/product_tag?post=5982"}],"curies":[{"name":"wp","href":"https:\/\/api.w.org\/{rel}","templated":true}]}}