{"id":6007,"date":"2026-03-27T03:35:23","date_gmt":"2026-03-27T03:35:23","guid":{"rendered":"https:\/\/mercadohogar.ca\/producto\/neumatico-dunlop-d404-130-90-15-66h-neumatico-trasero\/"},"modified":"2026-04-19T04:05:01","modified_gmt":"2026-04-19T04:05:01","slug":"neumatico-dunlop-d404-130-90-15-66h-neumatico-trasero","status":"publish","type":"product","link":"https:\/\/mercadohogar.ca\/es\/producto\/neumatico-dunlop-d404-130-90-15-66h-neumatico-trasero\/","title":{"rendered":"Neum\u00e1tico Dunlop D404 \u2013 130\/90-15 \u2013 66h NEUM\u00c1TICO TRASERO"},"content":{"rendered":"<p><strong>Caracter\u00edsticas:<\/strong><\/p>\n<ul>\n<li>El compuesto de la banda de rodadura ayuda a proporcionar un impresionante equilibrio entre kilometraje y agarre.<\/li>\n<li>Los dise\u00f1os de la banda de rodadura delantera y trasera mejoran la evacuaci\u00f3n del agua y el agarre en mojado.<\/li>\n<li>La construcci\u00f3n de capas diagonales ayuda a proporcionar una conducci\u00f3n suave para una mayor comodidad.<\/li>\n<li>Ranura central desplazada para una mayor estabilidad en l\u00ednea recta.<\/li>\n<li>Rendimiento Dunlop en un paquete de gran valor.<\/li>\n<li>El D404 no est\u00e1 dise\u00f1ado para usarse en motocicletas Harley-Davidson.<\/li>\n<li>Pared negra<\/li>\n<li>Clasificaci\u00f3n H para velocidades de hasta 210 km\/h.<\/li>\n<\/ul>\n","protected":false},"excerpt":{"rendered":"<p>Caracter\u00edsticas: El compuesto de la banda de rodadura ayuda a proporcionar un impresionante equilibrio entre kilometraje y agarre. Los dise\u00f1os de la banda de rodadura delantera y trasera mejoran la evacuaci\u00f3n del agua y el agarre en mojado. La construcci\u00f3n de capas diagonales ayuda a proporcionar una conducci\u00f3n suave para una mayor comodidad. Ranura central desplazada para una mayor estabilidad [&hellip;]<\/p>\n","protected":false},"featured_media":6006,"template":"","meta":{"_coblocks_attr":"","_coblocks_dimensions":"","_coblocks_responsive_height":"","_coblocks_accordion_ie_support":"","postBodyCss":"","postBodyMargin":[],"postBodyPadding":[],"postBodyBackground":{"backgroundType":"classic","gradient":""}},"product_brand":[],"product_cat":[908],"product_tag":[],"class_list":{"0":"post-6007","1":"product","2":"type-product","3":"status-publish","4":"has-post-thumbnail","6":"product_cat-electric-gas-motorcycles-accessories","7":"product_shipping_class-aerovaradero-general","9":"first","10":"instock","11":"taxable","12":"shipping-taxable","13":"purchasable","14":"product-type-simple"},"yoast_head":"<!-- This site is optimized with the Yoast SEO plugin v27.4 - https:\/\/yoast.com\/product\/yoast-seo-wordpress\/ -->\n<title>Neum\u00e1tico Dunlop D404 - 130\/90-15 - 66h NEUM\u00c1TICO TRASERO - Mercado Hogar<\/title>\n<meta name=\"robots\" content=\"index, follow, max-snippet:-1, max-image-preview:large, max-video-preview:-1\" \/>\n<link rel=\"canonical\" href=\"https:\/\/mercadohogar.ca\/es\/producto\/neumatico-dunlop-d404-130-90-15-66h-neumatico-trasero\/\" \/>\n<meta property=\"og:locale\" content=\"es_ES\" \/>\n<meta property=\"og:type\" content=\"article\" \/>\n<meta property=\"og:title\" content=\"Neum\u00e1tico Dunlop D404 - 130\/90-15 - 66h NEUM\u00c1TICO TRASERO - Mercado Hogar\" \/>\n<meta property=\"og:description\" content=\"Caracter\u00edsticas: El compuesto de la banda de rodadura ayuda a proporcionar un impresionante equilibrio entre kilometraje y agarre. Los dise\u00f1os de la banda de rodadura delantera y trasera mejoran la evacuaci\u00f3n del agua y el agarre en mojado. La construcci\u00f3n de capas diagonales ayuda a proporcionar una conducci\u00f3n suave para una mayor comodidad. Ranura central desplazada para una mayor estabilidad [&hellip;]\" \/>\n<meta property=\"og:url\" content=\"https:\/\/mercadohogar.ca\/es\/producto\/neumatico-dunlop-d404-130-90-15-66h-neumatico-trasero\/\" \/>\n<meta property=\"og:site_name\" content=\"Mercado Hogar\" \/>\n<meta property=\"article:modified_time\" content=\"2026-04-19T04:05:01+00:00\" \/>\n<meta property=\"og:image\" content=\"https:\/\/mercadohogar.ca\/wp-content\/uploads\/2026\/03\/5.jpg\" \/>\n\t<meta property=\"og:image:width\" content=\"600\" \/>\n\t<meta property=\"og:image:height\" content=\"600\" \/>\n\t<meta property=\"og:image:type\" content=\"image\/jpeg\" \/>\n<meta name=\"twitter:card\" content=\"summary_large_image\" \/>\n<script type=\"application\/ld+json\" class=\"yoast-schema-graph\">{\"@context\":\"https:\\\/\\\/schema.org\",\"@graph\":[{\"@type\":\"WebPage\",\"@id\":\"https:\\\/\\\/mercadohogar.ca\\\/es\\\/producto\\\/neumatico-dunlop-d404-130-90-15-66h-neumatico-trasero\\\/\",\"url\":\"https:\\\/\\\/mercadohogar.ca\\\/es\\\/producto\\\/neumatico-dunlop-d404-130-90-15-66h-neumatico-trasero\\\/\",\"name\":\"Neum\u00e1tico Dunlop D404 - 130\\\/90-15 - 66h NEUM\u00c1TICO TRASERO - Mercado Hogar\",\"isPartOf\":{\"@id\":\"https:\\\/\\\/mercadohogar.ca\\\/es\\\/#website\"},\"primaryImageOfPage\":{\"@id\":\"https:\\\/\\\/mercadohogar.ca\\\/es\\\/producto\\\/neumatico-dunlop-d404-130-90-15-66h-neumatico-trasero\\\/#primaryimage\"},\"image\":{\"@id\":\"https:\\\/\\\/mercadohogar.ca\\\/es\\\/producto\\\/neumatico-dunlop-d404-130-90-15-66h-neumatico-trasero\\\/#primaryimage\"},\"thumbnailUrl\":\"https:\\\/\\\/mercadohogar.ca\\\/wp-content\\\/uploads\\\/2026\\\/03\\\/5.jpg\",\"datePublished\":\"2026-03-27T03:35:23+00:00\",\"dateModified\":\"2026-04-19T04:05:01+00:00\",\"breadcrumb\":{\"@id\":\"https:\\\/\\\/mercadohogar.ca\\\/es\\\/producto\\\/neumatico-dunlop-d404-130-90-15-66h-neumatico-trasero\\\/#breadcrumb\"},\"inLanguage\":\"es\",\"potentialAction\":[{\"@type\":\"ReadAction\",\"target\":[\"https:\\\/\\\/mercadohogar.ca\\\/es\\\/producto\\\/neumatico-dunlop-d404-130-90-15-66h-neumatico-trasero\\\/\"]}]},{\"@type\":\"ImageObject\",\"inLanguage\":\"es\",\"@id\":\"https:\\\/\\\/mercadohogar.ca\\\/es\\\/producto\\\/neumatico-dunlop-d404-130-90-15-66h-neumatico-trasero\\\/#primaryimage\",\"url\":\"https:\\\/\\\/mercadohogar.ca\\\/wp-content\\\/uploads\\\/2026\\\/03\\\/5.jpg\",\"contentUrl\":\"https:\\\/\\\/mercadohogar.ca\\\/wp-content\\\/uploads\\\/2026\\\/03\\\/5.jpg\",\"width\":600,\"height\":600},{\"@type\":\"BreadcrumbList\",\"@id\":\"https:\\\/\\\/mercadohogar.ca\\\/es\\\/producto\\\/neumatico-dunlop-d404-130-90-15-66h-neumatico-trasero\\\/#breadcrumb\",\"itemListElement\":[{\"@type\":\"ListItem\",\"position\":1,\"name\":\"Home\",\"item\":\"https:\\\/\\\/mercadohogar.ca\\\/es\\\/\"},{\"@type\":\"ListItem\",\"position\":2,\"name\":\"Tienda\",\"item\":\"https:\\\/\\\/mercadohogar.ca\\\/es\\\/tienda-2\\\/\"},{\"@type\":\"ListItem\",\"position\":3,\"name\":\"Neum\u00e1tico Dunlop D404 &#8211; 130\\\/90-15 &#8211; 66h NEUM\u00c1TICO TRASERO\"}]},{\"@type\":\"WebSite\",\"@id\":\"https:\\\/\\\/mercadohogar.ca\\\/es\\\/#website\",\"url\":\"https:\\\/\\\/mercadohogar.ca\\\/es\\\/\",\"name\":\"Mercado Hogar\",\"description\":\"Mercado Hogar\",\"publisher\":{\"@id\":\"https:\\\/\\\/mercadohogar.ca\\\/es\\\/#organization\"},\"potentialAction\":[{\"@type\":\"SearchAction\",\"target\":{\"@type\":\"EntryPoint\",\"urlTemplate\":\"https:\\\/\\\/mercadohogar.ca\\\/es\\\/?s={search_term_string}\"},\"query-input\":{\"@type\":\"PropertyValueSpecification\",\"valueRequired\":true,\"valueName\":\"search_term_string\"}}],\"inLanguage\":\"es\"},{\"@type\":\"Organization\",\"@id\":\"https:\\\/\\\/mercadohogar.ca\\\/es\\\/#organization\",\"name\":\"Mercado Hogar\",\"url\":\"https:\\\/\\\/mercadohogar.ca\\\/es\\\/\",\"logo\":{\"@type\":\"ImageObject\",\"inLanguage\":\"es\",\"@id\":\"https:\\\/\\\/mercadohogar.ca\\\/es\\\/#\\\/schema\\\/logo\\\/image\\\/\",\"url\":\"https:\\\/\\\/mercadohogar.ca\\\/wp-content\\\/uploads\\\/2025\\\/12\\\/MH-LOGO.png\",\"contentUrl\":\"https:\\\/\\\/mercadohogar.ca\\\/wp-content\\\/uploads\\\/2025\\\/12\\\/MH-LOGO.png\",\"width\":1200,\"height\":1200,\"caption\":\"Mercado Hogar\"},\"image\":{\"@id\":\"https:\\\/\\\/mercadohogar.ca\\\/es\\\/#\\\/schema\\\/logo\\\/image\\\/\"}}]}<\/script>\n<!-- \/ Yoast SEO plugin. -->","yoast_head_json":{"title":"Neum\u00e1tico Dunlop D404 - 130\/90-15 - 66h NEUM\u00c1TICO TRASERO - Mercado Hogar","robots":{"index":"index","follow":"follow","max-snippet":"max-snippet:-1","max-image-preview":"max-image-preview:large","max-video-preview":"max-video-preview:-1"},"canonical":"https:\/\/mercadohogar.ca\/es\/producto\/neumatico-dunlop-d404-130-90-15-66h-neumatico-trasero\/","og_locale":"es_ES","og_type":"article","og_title":"Neum\u00e1tico Dunlop D404 - 130\/90-15 - 66h NEUM\u00c1TICO TRASERO - Mercado Hogar","og_description":"Caracter\u00edsticas: El compuesto de la banda de rodadura ayuda a proporcionar un impresionante equilibrio entre kilometraje y agarre. Los dise\u00f1os de la banda de rodadura delantera y trasera mejoran la evacuaci\u00f3n del agua y el agarre en mojado. La construcci\u00f3n de capas diagonales ayuda a proporcionar una conducci\u00f3n suave para una mayor comodidad. Ranura central desplazada para una mayor estabilidad [&hellip;]","og_url":"https:\/\/mercadohogar.ca\/es\/producto\/neumatico-dunlop-d404-130-90-15-66h-neumatico-trasero\/","og_site_name":"Mercado Hogar","article_modified_time":"2026-04-19T04:05:01+00:00","og_image":[{"width":600,"height":600,"url":"https:\/\/mercadohogar.ca\/wp-content\/uploads\/2026\/03\/5.jpg","type":"image\/jpeg"}],"twitter_card":"summary_large_image","schema":{"@context":"https:\/\/schema.org","@graph":[{"@type":"WebPage","@id":"https:\/\/mercadohogar.ca\/es\/producto\/neumatico-dunlop-d404-130-90-15-66h-neumatico-trasero\/","url":"https:\/\/mercadohogar.ca\/es\/producto\/neumatico-dunlop-d404-130-90-15-66h-neumatico-trasero\/","name":"Neum\u00e1tico Dunlop D404 - 130\/90-15 - 66h NEUM\u00c1TICO TRASERO - Mercado Hogar","isPartOf":{"@id":"https:\/\/mercadohogar.ca\/es\/#website"},"primaryImageOfPage":{"@id":"https:\/\/mercadohogar.ca\/es\/producto\/neumatico-dunlop-d404-130-90-15-66h-neumatico-trasero\/#primaryimage"},"image":{"@id":"https:\/\/mercadohogar.ca\/es\/producto\/neumatico-dunlop-d404-130-90-15-66h-neumatico-trasero\/#primaryimage"},"thumbnailUrl":"https:\/\/mercadohogar.ca\/wp-content\/uploads\/2026\/03\/5.jpg","datePublished":"2026-03-27T03:35:23+00:00","dateModified":"2026-04-19T04:05:01+00:00","breadcrumb":{"@id":"https:\/\/mercadohogar.ca\/es\/producto\/neumatico-dunlop-d404-130-90-15-66h-neumatico-trasero\/#breadcrumb"},"inLanguage":"es","potentialAction":[{"@type":"ReadAction","target":["https:\/\/mercadohogar.ca\/es\/producto\/neumatico-dunlop-d404-130-90-15-66h-neumatico-trasero\/"]}]},{"@type":"ImageObject","inLanguage":"es","@id":"https:\/\/mercadohogar.ca\/es\/producto\/neumatico-dunlop-d404-130-90-15-66h-neumatico-trasero\/#primaryimage","url":"https:\/\/mercadohogar.ca\/wp-content\/uploads\/2026\/03\/5.jpg","contentUrl":"https:\/\/mercadohogar.ca\/wp-content\/uploads\/2026\/03\/5.jpg","width":600,"height":600},{"@type":"BreadcrumbList","@id":"https:\/\/mercadohogar.ca\/es\/producto\/neumatico-dunlop-d404-130-90-15-66h-neumatico-trasero\/#breadcrumb","itemListElement":[{"@type":"ListItem","position":1,"name":"Home","item":"https:\/\/mercadohogar.ca\/es\/"},{"@type":"ListItem","position":2,"name":"Tienda","item":"https:\/\/mercadohogar.ca\/es\/tienda-2\/"},{"@type":"ListItem","position":3,"name":"Neum\u00e1tico Dunlop D404 &#8211; 130\/90-15 &#8211; 66h NEUM\u00c1TICO TRASERO"}]},{"@type":"WebSite","@id":"https:\/\/mercadohogar.ca\/es\/#website","url":"https:\/\/mercadohogar.ca\/es\/","name":"Mercado Hogar","description":"Mercado Hogar","publisher":{"@id":"https:\/\/mercadohogar.ca\/es\/#organization"},"potentialAction":[{"@type":"SearchAction","target":{"@type":"EntryPoint","urlTemplate":"https:\/\/mercadohogar.ca\/es\/?s={search_term_string}"},"query-input":{"@type":"PropertyValueSpecification","valueRequired":true,"valueName":"search_term_string"}}],"inLanguage":"es"},{"@type":"Organization","@id":"https:\/\/mercadohogar.ca\/es\/#organization","name":"Mercado Hogar","url":"https:\/\/mercadohogar.ca\/es\/","logo":{"@type":"ImageObject","inLanguage":"es","@id":"https:\/\/mercadohogar.ca\/es\/#\/schema\/logo\/image\/","url":"https:\/\/mercadohogar.ca\/wp-content\/uploads\/2025\/12\/MH-LOGO.png","contentUrl":"https:\/\/mercadohogar.ca\/wp-content\/uploads\/2025\/12\/MH-LOGO.png","width":1200,"height":1200,"caption":"Mercado Hogar"},"image":{"@id":"https:\/\/mercadohogar.ca\/es\/#\/schema\/logo\/image\/"}}]}},"jetpack_sharing_enabled":true,"_links":{"self":[{"href":"https:\/\/mercadohogar.ca\/es\/wp-json\/wp\/v2\/product\/6007","targetHints":{"allow":["GET"]}}],"collection":[{"href":"https:\/\/mercadohogar.ca\/es\/wp-json\/wp\/v2\/product"}],"about":[{"href":"https:\/\/mercadohogar.ca\/es\/wp-json\/wp\/v2\/types\/product"}],"version-history":[{"count":0,"href":"https:\/\/mercadohogar.ca\/es\/wp-json\/wp\/v2\/product\/6007\/revisions"}],"wp:featuredmedia":[{"embeddable":true,"href":"https:\/\/mercadohogar.ca\/es\/wp-json\/wp\/v2\/media\/6006"}],"wp:attachment":[{"href":"https:\/\/mercadohogar.ca\/es\/wp-json\/wp\/v2\/media?parent=6007"}],"wp:term":[{"taxonomy":"product_brand","embeddable":true,"href":"https:\/\/mercadohogar.ca\/es\/wp-json\/wp\/v2\/product_brand?post=6007"},{"taxonomy":"product_cat","embeddable":true,"href":"https:\/\/mercadohogar.ca\/es\/wp-json\/wp\/v2\/product_cat?post=6007"},{"taxonomy":"product_tag","embeddable":true,"href":"https:\/\/mercadohogar.ca\/es\/wp-json\/wp\/v2\/product_tag?post=6007"}],"curies":[{"name":"wp","href":"https:\/\/api.w.org\/{rel}","templated":true}]}}