{"id":6022,"date":"2026-03-28T18:24:52","date_gmt":"2026-03-28T18:24:52","guid":{"rendered":"https:\/\/mercadohogar.ca\/producto\/estacion-de-energia-portatil-anker-solix-c2000-gen-2\/"},"modified":"2026-04-19T04:05:02","modified_gmt":"2026-04-19T04:05:02","slug":"estacion-de-energia-portatil-anker-solix-c2000-gen-2","status":"publish","type":"product","link":"https:\/\/mercadohogar.ca\/es\/producto\/estacion-de-energia-portatil-anker-solix-c2000-gen-2\/","title":{"rendered":"Estaci\u00f3n de energ\u00eda port\u00e1til Anker SOLIX C2000 Gen 2"},"content":{"rendered":"<p>Energ\u00eda ultraeficiente para mayor autonom\u00eda: Con un consumo de energ\u00eda en reposo de tan solo 9 W, reduce las p\u00e9rdidas por conversi\u00f3n, tanto en funcionamiento como en modo de espera, alimentando un refrigerador de doble puerta hasta por 32 horas.<br \/>Capacidad ampliable hasta 4 kWh: Comience con una capacidad de 2048 Wh (2 kWh) y ampl\u00edela hasta 4 kWh con una sola bater\u00eda de expansi\u00f3n. Esta energ\u00eda adicional permite que un refrigerador de doble puerta funcione hasta por 64 horas.<br \/>Seis formas de recargar, 100 % en 58 minutos: Recargar nunca ha sido tan vers\u00e1til. Experimente una recarga ultrarr\u00e1pida con energ\u00eda CA y solar: 80 % en 45 minutos, 100 % en 58 minutos.<br \/>\nPotencia m\u00e1xima de 4000 W: Alimente electrodom\u00e9sticos con una potencia nominal de 2400 W y hasta 4000 W de pico. Alimente sin esfuerzo varios electrodom\u00e9sticos al mismo tiempo, incluyendo la mayor\u00eda de los aires acondicionados de ventana y de veh\u00edculos recreativos.<br \/>\nRecarga sobre la marcha con la carga ultrarr\u00e1pida del alternador de 800 W: Con 3 modos de carga en 1, puedes cargar hasta 8 veces m\u00e1s r\u00e1pido que una toma de corriente est\u00e1ndar para coche: 100 % en 3 horas.<br \/>S\u00faper ligero y compacto: Con solo 18,9 kg, el C2000 Gen 2 es un 25 % m\u00e1s ligero que la media del sector. Adem\u00e1s, es un 29 % m\u00e1s peque\u00f1o que productos similares, con unas dimensiones compactas de 46 \u00d7 25 \u00d7 25,7 cm.<br \/>\nContenido de la caja: Estaci\u00f3n de energ\u00eda port\u00e1til Anker SOLIX C2000 Gen 2, cable de carga de CA, cable de carga para autom\u00f3vil, gu\u00eda de inicio r\u00e1pido,<\/p>\n","protected":false},"excerpt":{"rendered":"<p>Energ\u00eda ultraeficiente para mayor autonom\u00eda: Con un consumo de energ\u00eda en reposo de tan solo 9 W, reduce las p\u00e9rdidas por conversi\u00f3n, tanto en funcionamiento como en modo de espera, alimentando un refrigerador de doble puerta hasta por 32 horas.Capacidad ampliable hasta 4 kWh: Comience con una capacidad de 2048 Wh (2 kWh) y ampl\u00edela hasta 4 kWh con una [&hellip;]<\/p>\n","protected":false},"featured_media":6019,"template":"","meta":{"_coblocks_attr":"","_coblocks_dimensions":"","_coblocks_responsive_height":"","_coblocks_accordion_ie_support":"","postBodyCss":"","postBodyMargin":[],"postBodyPadding":[],"postBodyBackground":{"backgroundType":"classic","gradient":""}},"product_brand":[],"product_cat":[899],"product_tag":[],"class_list":{"0":"post-6022","1":"product","2":"type-product","3":"status-publish","4":"has-post-thumbnail","6":"product_cat-generators-alternative-power-solutions","7":"product_shipping_class-aerovaradero-dg-grande","9":"first","10":"instock","11":"taxable","12":"shipping-taxable","13":"purchasable","14":"product-type-simple"},"yoast_head":"<!-- This site is optimized with the Yoast SEO plugin v27.4 - https:\/\/yoast.com\/product\/yoast-seo-wordpress\/ -->\n<title>Estaci\u00f3n de energ\u00eda port\u00e1til Anker SOLIX C2000 Gen 2 - Mercado Hogar<\/title>\n<meta name=\"robots\" content=\"index, follow, max-snippet:-1, max-image-preview:large, max-video-preview:-1\" \/>\n<link rel=\"canonical\" href=\"https:\/\/mercadohogar.ca\/es\/producto\/estacion-de-energia-portatil-anker-solix-c2000-gen-2\/\" \/>\n<meta property=\"og:locale\" content=\"es_ES\" \/>\n<meta property=\"og:type\" content=\"article\" \/>\n<meta property=\"og:title\" content=\"Estaci\u00f3n de energ\u00eda port\u00e1til Anker SOLIX C2000 Gen 2 - Mercado Hogar\" \/>\n<meta property=\"og:description\" content=\"Energ\u00eda ultraeficiente para mayor autonom\u00eda: Con un consumo de energ\u00eda en reposo de tan solo 9 W, reduce las p\u00e9rdidas por conversi\u00f3n, tanto en funcionamiento como en modo de espera, alimentando un refrigerador de doble puerta hasta por 32 horas.Capacidad ampliable hasta 4 kWh: Comience con una capacidad de 2048 Wh (2 kWh) y ampl\u00edela hasta 4 kWh con una [&hellip;]\" \/>\n<meta property=\"og:url\" content=\"https:\/\/mercadohogar.ca\/es\/producto\/estacion-de-energia-portatil-anker-solix-c2000-gen-2\/\" \/>\n<meta property=\"og:site_name\" content=\"Mercado Hogar\" \/>\n<meta property=\"article:modified_time\" content=\"2026-04-19T04:05:02+00:00\" \/>\n<meta property=\"og:image\" content=\"https:\/\/mercadohogar.ca\/wp-content\/uploads\/2026\/03\/1-1.jpg\" \/>\n\t<meta property=\"og:image:width\" content=\"1500\" \/>\n\t<meta property=\"og:image:height\" content=\"1500\" \/>\n\t<meta property=\"og:image:type\" content=\"image\/jpeg\" \/>\n<meta name=\"twitter:card\" content=\"summary_large_image\" \/>\n<meta name=\"twitter:label1\" content=\"Tiempo de lectura\" \/>\n\t<meta name=\"twitter:data1\" content=\"1 minuto\" \/>\n<script type=\"application\/ld+json\" class=\"yoast-schema-graph\">{\"@context\":\"https:\\\/\\\/schema.org\",\"@graph\":[{\"@type\":\"WebPage\",\"@id\":\"https:\\\/\\\/mercadohogar.ca\\\/es\\\/producto\\\/estacion-de-energia-portatil-anker-solix-c2000-gen-2\\\/\",\"url\":\"https:\\\/\\\/mercadohogar.ca\\\/es\\\/producto\\\/estacion-de-energia-portatil-anker-solix-c2000-gen-2\\\/\",\"name\":\"Estaci\u00f3n de energ\u00eda port\u00e1til Anker SOLIX C2000 Gen 2 - Mercado Hogar\",\"isPartOf\":{\"@id\":\"https:\\\/\\\/mercadohogar.ca\\\/es\\\/#website\"},\"primaryImageOfPage\":{\"@id\":\"https:\\\/\\\/mercadohogar.ca\\\/es\\\/producto\\\/estacion-de-energia-portatil-anker-solix-c2000-gen-2\\\/#primaryimage\"},\"image\":{\"@id\":\"https:\\\/\\\/mercadohogar.ca\\\/es\\\/producto\\\/estacion-de-energia-portatil-anker-solix-c2000-gen-2\\\/#primaryimage\"},\"thumbnailUrl\":\"https:\\\/\\\/mercadohogar.ca\\\/wp-content\\\/uploads\\\/2026\\\/03\\\/1-1.jpg\",\"datePublished\":\"2026-03-28T18:24:52+00:00\",\"dateModified\":\"2026-04-19T04:05:02+00:00\",\"breadcrumb\":{\"@id\":\"https:\\\/\\\/mercadohogar.ca\\\/es\\\/producto\\\/estacion-de-energia-portatil-anker-solix-c2000-gen-2\\\/#breadcrumb\"},\"inLanguage\":\"es\",\"potentialAction\":[{\"@type\":\"ReadAction\",\"target\":[\"https:\\\/\\\/mercadohogar.ca\\\/es\\\/producto\\\/estacion-de-energia-portatil-anker-solix-c2000-gen-2\\\/\"]}]},{\"@type\":\"ImageObject\",\"inLanguage\":\"es\",\"@id\":\"https:\\\/\\\/mercadohogar.ca\\\/es\\\/producto\\\/estacion-de-energia-portatil-anker-solix-c2000-gen-2\\\/#primaryimage\",\"url\":\"https:\\\/\\\/mercadohogar.ca\\\/wp-content\\\/uploads\\\/2026\\\/03\\\/1-1.jpg\",\"contentUrl\":\"https:\\\/\\\/mercadohogar.ca\\\/wp-content\\\/uploads\\\/2026\\\/03\\\/1-1.jpg\",\"width\":1500,\"height\":1500},{\"@type\":\"BreadcrumbList\",\"@id\":\"https:\\\/\\\/mercadohogar.ca\\\/es\\\/producto\\\/estacion-de-energia-portatil-anker-solix-c2000-gen-2\\\/#breadcrumb\",\"itemListElement\":[{\"@type\":\"ListItem\",\"position\":1,\"name\":\"Home\",\"item\":\"https:\\\/\\\/mercadohogar.ca\\\/es\\\/\"},{\"@type\":\"ListItem\",\"position\":2,\"name\":\"Tienda\",\"item\":\"https:\\\/\\\/mercadohogar.ca\\\/es\\\/tienda-2\\\/\"},{\"@type\":\"ListItem\",\"position\":3,\"name\":\"Estaci\u00f3n de energ\u00eda port\u00e1til Anker SOLIX C2000 Gen 2\"}]},{\"@type\":\"WebSite\",\"@id\":\"https:\\\/\\\/mercadohogar.ca\\\/es\\\/#website\",\"url\":\"https:\\\/\\\/mercadohogar.ca\\\/es\\\/\",\"name\":\"Mercado Hogar\",\"description\":\"Mercado Hogar\",\"publisher\":{\"@id\":\"https:\\\/\\\/mercadohogar.ca\\\/es\\\/#organization\"},\"potentialAction\":[{\"@type\":\"SearchAction\",\"target\":{\"@type\":\"EntryPoint\",\"urlTemplate\":\"https:\\\/\\\/mercadohogar.ca\\\/es\\\/?s={search_term_string}\"},\"query-input\":{\"@type\":\"PropertyValueSpecification\",\"valueRequired\":true,\"valueName\":\"search_term_string\"}}],\"inLanguage\":\"es\"},{\"@type\":\"Organization\",\"@id\":\"https:\\\/\\\/mercadohogar.ca\\\/es\\\/#organization\",\"name\":\"Mercado Hogar\",\"url\":\"https:\\\/\\\/mercadohogar.ca\\\/es\\\/\",\"logo\":{\"@type\":\"ImageObject\",\"inLanguage\":\"es\",\"@id\":\"https:\\\/\\\/mercadohogar.ca\\\/es\\\/#\\\/schema\\\/logo\\\/image\\\/\",\"url\":\"https:\\\/\\\/mercadohogar.ca\\\/wp-content\\\/uploads\\\/2025\\\/12\\\/MH-LOGO.png\",\"contentUrl\":\"https:\\\/\\\/mercadohogar.ca\\\/wp-content\\\/uploads\\\/2025\\\/12\\\/MH-LOGO.png\",\"width\":1200,\"height\":1200,\"caption\":\"Mercado Hogar\"},\"image\":{\"@id\":\"https:\\\/\\\/mercadohogar.ca\\\/es\\\/#\\\/schema\\\/logo\\\/image\\\/\"}}]}<\/script>\n<!-- \/ Yoast SEO plugin. -->","yoast_head_json":{"title":"Estaci\u00f3n de energ\u00eda port\u00e1til Anker SOLIX C2000 Gen 2 - Mercado Hogar","robots":{"index":"index","follow":"follow","max-snippet":"max-snippet:-1","max-image-preview":"max-image-preview:large","max-video-preview":"max-video-preview:-1"},"canonical":"https:\/\/mercadohogar.ca\/es\/producto\/estacion-de-energia-portatil-anker-solix-c2000-gen-2\/","og_locale":"es_ES","og_type":"article","og_title":"Estaci\u00f3n de energ\u00eda port\u00e1til Anker SOLIX C2000 Gen 2 - Mercado Hogar","og_description":"Energ\u00eda ultraeficiente para mayor autonom\u00eda: Con un consumo de energ\u00eda en reposo de tan solo 9 W, reduce las p\u00e9rdidas por conversi\u00f3n, tanto en funcionamiento como en modo de espera, alimentando un refrigerador de doble puerta hasta por 32 horas.Capacidad ampliable hasta 4 kWh: Comience con una capacidad de 2048 Wh (2 kWh) y ampl\u00edela hasta 4 kWh con una [&hellip;]","og_url":"https:\/\/mercadohogar.ca\/es\/producto\/estacion-de-energia-portatil-anker-solix-c2000-gen-2\/","og_site_name":"Mercado Hogar","article_modified_time":"2026-04-19T04:05:02+00:00","og_image":[{"width":1500,"height":1500,"url":"https:\/\/mercadohogar.ca\/wp-content\/uploads\/2026\/03\/1-1.jpg","type":"image\/jpeg"}],"twitter_card":"summary_large_image","twitter_misc":{"Tiempo de lectura":"1 minuto"},"schema":{"@context":"https:\/\/schema.org","@graph":[{"@type":"WebPage","@id":"https:\/\/mercadohogar.ca\/es\/producto\/estacion-de-energia-portatil-anker-solix-c2000-gen-2\/","url":"https:\/\/mercadohogar.ca\/es\/producto\/estacion-de-energia-portatil-anker-solix-c2000-gen-2\/","name":"Estaci\u00f3n de energ\u00eda port\u00e1til Anker SOLIX C2000 Gen 2 - Mercado Hogar","isPartOf":{"@id":"https:\/\/mercadohogar.ca\/es\/#website"},"primaryImageOfPage":{"@id":"https:\/\/mercadohogar.ca\/es\/producto\/estacion-de-energia-portatil-anker-solix-c2000-gen-2\/#primaryimage"},"image":{"@id":"https:\/\/mercadohogar.ca\/es\/producto\/estacion-de-energia-portatil-anker-solix-c2000-gen-2\/#primaryimage"},"thumbnailUrl":"https:\/\/mercadohogar.ca\/wp-content\/uploads\/2026\/03\/1-1.jpg","datePublished":"2026-03-28T18:24:52+00:00","dateModified":"2026-04-19T04:05:02+00:00","breadcrumb":{"@id":"https:\/\/mercadohogar.ca\/es\/producto\/estacion-de-energia-portatil-anker-solix-c2000-gen-2\/#breadcrumb"},"inLanguage":"es","potentialAction":[{"@type":"ReadAction","target":["https:\/\/mercadohogar.ca\/es\/producto\/estacion-de-energia-portatil-anker-solix-c2000-gen-2\/"]}]},{"@type":"ImageObject","inLanguage":"es","@id":"https:\/\/mercadohogar.ca\/es\/producto\/estacion-de-energia-portatil-anker-solix-c2000-gen-2\/#primaryimage","url":"https:\/\/mercadohogar.ca\/wp-content\/uploads\/2026\/03\/1-1.jpg","contentUrl":"https:\/\/mercadohogar.ca\/wp-content\/uploads\/2026\/03\/1-1.jpg","width":1500,"height":1500},{"@type":"BreadcrumbList","@id":"https:\/\/mercadohogar.ca\/es\/producto\/estacion-de-energia-portatil-anker-solix-c2000-gen-2\/#breadcrumb","itemListElement":[{"@type":"ListItem","position":1,"name":"Home","item":"https:\/\/mercadohogar.ca\/es\/"},{"@type":"ListItem","position":2,"name":"Tienda","item":"https:\/\/mercadohogar.ca\/es\/tienda-2\/"},{"@type":"ListItem","position":3,"name":"Estaci\u00f3n de energ\u00eda port\u00e1til Anker SOLIX C2000 Gen 2"}]},{"@type":"WebSite","@id":"https:\/\/mercadohogar.ca\/es\/#website","url":"https:\/\/mercadohogar.ca\/es\/","name":"Mercado Hogar","description":"Mercado Hogar","publisher":{"@id":"https:\/\/mercadohogar.ca\/es\/#organization"},"potentialAction":[{"@type":"SearchAction","target":{"@type":"EntryPoint","urlTemplate":"https:\/\/mercadohogar.ca\/es\/?s={search_term_string}"},"query-input":{"@type":"PropertyValueSpecification","valueRequired":true,"valueName":"search_term_string"}}],"inLanguage":"es"},{"@type":"Organization","@id":"https:\/\/mercadohogar.ca\/es\/#organization","name":"Mercado Hogar","url":"https:\/\/mercadohogar.ca\/es\/","logo":{"@type":"ImageObject","inLanguage":"es","@id":"https:\/\/mercadohogar.ca\/es\/#\/schema\/logo\/image\/","url":"https:\/\/mercadohogar.ca\/wp-content\/uploads\/2025\/12\/MH-LOGO.png","contentUrl":"https:\/\/mercadohogar.ca\/wp-content\/uploads\/2025\/12\/MH-LOGO.png","width":1200,"height":1200,"caption":"Mercado Hogar"},"image":{"@id":"https:\/\/mercadohogar.ca\/es\/#\/schema\/logo\/image\/"}}]}},"jetpack_sharing_enabled":true,"_links":{"self":[{"href":"https:\/\/mercadohogar.ca\/es\/wp-json\/wp\/v2\/product\/6022","targetHints":{"allow":["GET"]}}],"collection":[{"href":"https:\/\/mercadohogar.ca\/es\/wp-json\/wp\/v2\/product"}],"about":[{"href":"https:\/\/mercadohogar.ca\/es\/wp-json\/wp\/v2\/types\/product"}],"version-history":[{"count":0,"href":"https:\/\/mercadohogar.ca\/es\/wp-json\/wp\/v2\/product\/6022\/revisions"}],"wp:featuredmedia":[{"embeddable":true,"href":"https:\/\/mercadohogar.ca\/es\/wp-json\/wp\/v2\/media\/6019"}],"wp:attachment":[{"href":"https:\/\/mercadohogar.ca\/es\/wp-json\/wp\/v2\/media?parent=6022"}],"wp:term":[{"taxonomy":"product_brand","embeddable":true,"href":"https:\/\/mercadohogar.ca\/es\/wp-json\/wp\/v2\/product_brand?post=6022"},{"taxonomy":"product_cat","embeddable":true,"href":"https:\/\/mercadohogar.ca\/es\/wp-json\/wp\/v2\/product_cat?post=6022"},{"taxonomy":"product_tag","embeddable":true,"href":"https:\/\/mercadohogar.ca\/es\/wp-json\/wp\/v2\/product_tag?post=6022"}],"curies":[{"name":"wp","href":"https:\/\/api.w.org\/{rel}","templated":true}]}}