{"id":6078,"date":"2026-03-29T03:04:39","date_gmt":"2026-03-29T03:04:39","guid":{"rendered":"https:\/\/mercadohogar.ca\/producto\/bicicleta-electrica-para-adultos-motor-de-1000-w-de-potencia-maxima-bicicleta-electrica-con-velocidad-maxima-de-45-km-h-y-autonomia-de-169-km-con-asistencia-al-pedaleo-bateria-integrada-de-48-v-y-1\/"},"modified":"2026-03-29T03:04:39","modified_gmt":"2026-03-29T03:04:39","slug":"bicicleta-electrica-para-adultos-motor-de-1000-w-de-potencia-maxima-bicicleta-electrica-con-velocidad-maxima-de-45-km-h-y-autonomia-de-169-km-con-asistencia-al-pedaleo-bateria-integrada-de-48-v-y-1","status":"publish","type":"product","link":"https:\/\/mercadohogar.ca\/es\/producto\/bicicleta-electrica-para-adultos-motor-de-1000-w-de-potencia-maxima-bicicleta-electrica-con-velocidad-maxima-de-45-km-h-y-autonomia-de-169-km-con-asistencia-al-pedaleo-bateria-integrada-de-48-v-y-1\/","title":{"rendered":"Bicicleta el\u00e9ctrica para adultos, motor de 1000 W de potencia m\u00e1xima, bicicleta el\u00e9ctrica con velocidad m\u00e1xima de 45 km\/h y autonom\u00eda de 169 km con asistencia al pedaleo, bater\u00eda integrada de 48 V y 18 Ah, bicicleta el\u00e9ctrica de 20&#8243; con cuadro bajo y neum\u00e1ticos anchos para adultos."},"content":{"rendered":"<p>\u3010Autonom\u00eda inigualable\u3011- Imagina aventuras de fin de semana sin preocuparte por la bater\u00eda con la bicicleta el\u00e9ctrica CycHunter. Su bater\u00eda extra\u00edble de 48 V y 13 Ah ofrece 80 km de autonom\u00eda en modo acelerador y 120 km en modo asistencia al pedaleo. Despl\u00e1zate, explora o recorre senderos sin esfuerzo. Las bater\u00edas extra\u00edbles garantizan flexibilidad y, con un tiempo de carga de 3 a 4 horas, siempre estar\u00e1s listo para tu pr\u00f3xima aventura.<br \/>\n\u3010Rendimiento potente\u3011: Experimenta una potencia inigualable con la bicicleta el\u00e9ctrica todoterreno CycHunter. Su motor de 1500 W ofrece una aceleraci\u00f3n emocionante, alcanzando los 45 km\/h en 3,8 segundos. Recorre las calles de la ciudad, incorp\u00f3rate al tr\u00e1fico o conquista pendientes de 30\u00b0 sin esfuerzo. Ideal para desplazamientos urbanos o terrenos dif\u00edciles, la bicicleta el\u00e9ctrica para adultos CycHunter garantiza viajes seguros y r\u00e1pidos.<br \/>\n\u3010Experiencia de conducci\u00f3n suave\u3011: Disfruta de una conducci\u00f3n suave como la seda con la bicicleta el\u00e9ctrica CycHunter. La suspensi\u00f3n delantera y trasera absorbe sin esfuerzo los baches y los terrenos irregulares. Desl\u00edzate sobre los baches de la ciudad o los caminos rurales irregulares, sintiendo la comodidad del sill\u00edn ancho y suave. Ya sea para ir al trabajo a diario o para aventuras de fin de semana, esta bicicleta el\u00e9ctrica para adultos garantiza una conducci\u00f3n c\u00f3moda y placentera.<br \/>\n\u3010Visibilidad mejorada\u3011: Conduce con seguridad gracias al faro delantero de estilo retro y la luz trasera con intermitentes integrados. Navega con confianza por las calles de la ciudad o en condiciones de poca luz, garantizando visibilidad y se\u00f1alizaci\u00f3n clara para que disfrutes de un paseo seguro en bicicleta el\u00e9ctrica en todo momento.<br \/>\n\u3010Frenado seguro y fiable\u3011- Conduce con confianza en la bicicleta el\u00e9ctrica CycHunter para adultos, equipada con frenos de disco delanteros y traseros que ofrecen una frenada eficaz en cualquier situaci\u00f3n. Tanto en el tr\u00e1fico urbano como en descensos, estos frenos garantizan un control preciso y una seguridad total.        <\/p>\n","protected":false},"excerpt":{"rendered":"<p>\u3010Autonom\u00eda inigualable\u3011- Imagina aventuras de fin de semana sin preocuparte por la bater\u00eda con la bicicleta el\u00e9ctrica CycHunter. Su bater\u00eda extra\u00edble de 48 V y 13 Ah ofrece 80 km de autonom\u00eda en modo acelerador y 120 km en modo asistencia al pedaleo. Despl\u00e1zate, explora o recorre senderos sin esfuerzo. Las bater\u00edas extra\u00edbles garantizan flexibilidad y, con un tiempo de [&hellip;]<\/p>\n","protected":false},"featured_media":6074,"template":"","meta":{"_coblocks_attr":"","_coblocks_dimensions":"","_coblocks_responsive_height":"","_coblocks_accordion_ie_support":"","postBodyCss":"","postBodyMargin":[],"postBodyPadding":[],"postBodyBackground":{"backgroundType":"classic","gradient":""}},"product_brand":[],"product_cat":[990],"product_tag":[],"class_list":{"0":"post-6078","1":"product","2":"type-product","3":"status-publish","4":"has-post-thumbnail","6":"product_cat-motocicletas-electricas-y-de-gasolina-accesorios","7":"product_shipping_class-aerovaradero-dg-pequeno","9":"first","10":"instock","11":"taxable","12":"shipping-taxable","13":"purchasable","14":"product-type-simple"},"yoast_head":"<!-- This site is optimized with the Yoast SEO plugin v27.4 - https:\/\/yoast.com\/product\/yoast-seo-wordpress\/ -->\n<title>Bicicleta el\u00e9ctrica para adultos, motor de 1000 W de potencia m\u00e1xima, bicicleta el\u00e9ctrica con velocidad m\u00e1xima de 45 km\/h y autonom\u00eda de 169 km con asistencia al pedaleo, bater\u00eda integrada de 48 V y 18 Ah, bicicleta el\u00e9ctrica de 20&quot; con cuadro bajo y neum\u00e1ticos anchos para adultos. - Mercado Hogar<\/title>\n<meta name=\"robots\" content=\"index, follow, max-snippet:-1, max-image-preview:large, max-video-preview:-1\" \/>\n<link rel=\"canonical\" href=\"https:\/\/mercadohogar.ca\/es\/producto\/bicicleta-electrica-para-adultos-motor-de-1000-w-de-potencia-maxima-bicicleta-electrica-con-velocidad-maxima-de-45-km-h-y-autonomia-de-169-km-con-asistencia-al-pedaleo-bateria-integrada-de-48-v-y-1\/\" \/>\n<meta property=\"og:locale\" content=\"es_ES\" \/>\n<meta property=\"og:type\" content=\"article\" \/>\n<meta property=\"og:title\" content=\"Bicicleta el\u00e9ctrica para adultos, motor de 1000 W de potencia m\u00e1xima, bicicleta el\u00e9ctrica con velocidad m\u00e1xima de 45 km\/h y autonom\u00eda de 169 km con asistencia al pedaleo, bater\u00eda integrada de 48 V y 18 Ah, bicicleta el\u00e9ctrica de 20&quot; con cuadro bajo y neum\u00e1ticos anchos para adultos. - Mercado Hogar\" \/>\n<meta property=\"og:description\" content=\"\u3010Autonom\u00eda inigualable\u3011- Imagina aventuras de fin de semana sin preocuparte por la bater\u00eda con la bicicleta el\u00e9ctrica CycHunter. Su bater\u00eda extra\u00edble de 48 V y 13 Ah ofrece 80 km de autonom\u00eda en modo acelerador y 120 km en modo asistencia al pedaleo. Despl\u00e1zate, explora o recorre senderos sin esfuerzo. Las bater\u00edas extra\u00edbles garantizan flexibilidad y, con un tiempo de [&hellip;]\" \/>\n<meta property=\"og:url\" content=\"https:\/\/mercadohogar.ca\/es\/producto\/bicicleta-electrica-para-adultos-motor-de-1000-w-de-potencia-maxima-bicicleta-electrica-con-velocidad-maxima-de-45-km-h-y-autonomia-de-169-km-con-asistencia-al-pedaleo-bateria-integrada-de-48-v-y-1\/\" \/>\n<meta property=\"og:site_name\" content=\"Mercado Hogar\" \/>\n<meta property=\"og:image\" content=\"https:\/\/mercadohogar.ca\/wp-content\/uploads\/2026\/03\/bike.jpg\" \/>\n\t<meta property=\"og:image:width\" content=\"1479\" \/>\n\t<meta property=\"og:image:height\" content=\"1476\" \/>\n\t<meta property=\"og:image:type\" content=\"image\/jpeg\" \/>\n<meta name=\"twitter:card\" content=\"summary_large_image\" \/>\n<meta name=\"twitter:label1\" content=\"Tiempo de lectura\" \/>\n\t<meta name=\"twitter:data1\" content=\"2 minutos\" \/>\n<script type=\"application\/ld+json\" class=\"yoast-schema-graph\">{\"@context\":\"https:\\\/\\\/schema.org\",\"@graph\":[{\"@type\":\"WebPage\",\"@id\":\"https:\\\/\\\/mercadohogar.ca\\\/es\\\/producto\\\/bicicleta-electrica-para-adultos-motor-de-1000-w-de-potencia-maxima-bicicleta-electrica-con-velocidad-maxima-de-45-km-h-y-autonomia-de-169-km-con-asistencia-al-pedaleo-bateria-integrada-de-48-v-y-1\\\/\",\"url\":\"https:\\\/\\\/mercadohogar.ca\\\/es\\\/producto\\\/bicicleta-electrica-para-adultos-motor-de-1000-w-de-potencia-maxima-bicicleta-electrica-con-velocidad-maxima-de-45-km-h-y-autonomia-de-169-km-con-asistencia-al-pedaleo-bateria-integrada-de-48-v-y-1\\\/\",\"name\":\"Bicicleta el\u00e9ctrica para adultos, motor de 1000 W de potencia m\u00e1xima, bicicleta el\u00e9ctrica con velocidad m\u00e1xima de 45 km\\\/h y autonom\u00eda de 169 km con asistencia al pedaleo, bater\u00eda integrada de 48 V y 18 Ah, bicicleta el\u00e9ctrica de 20\\\" con cuadro bajo y neum\u00e1ticos anchos para adultos. - Mercado Hogar\",\"isPartOf\":{\"@id\":\"https:\\\/\\\/mercadohogar.ca\\\/es\\\/#website\"},\"primaryImageOfPage\":{\"@id\":\"https:\\\/\\\/mercadohogar.ca\\\/es\\\/producto\\\/bicicleta-electrica-para-adultos-motor-de-1000-w-de-potencia-maxima-bicicleta-electrica-con-velocidad-maxima-de-45-km-h-y-autonomia-de-169-km-con-asistencia-al-pedaleo-bateria-integrada-de-48-v-y-1\\\/#primaryimage\"},\"image\":{\"@id\":\"https:\\\/\\\/mercadohogar.ca\\\/es\\\/producto\\\/bicicleta-electrica-para-adultos-motor-de-1000-w-de-potencia-maxima-bicicleta-electrica-con-velocidad-maxima-de-45-km-h-y-autonomia-de-169-km-con-asistencia-al-pedaleo-bateria-integrada-de-48-v-y-1\\\/#primaryimage\"},\"thumbnailUrl\":\"https:\\\/\\\/mercadohogar.ca\\\/wp-content\\\/uploads\\\/2026\\\/03\\\/bike.jpg\",\"datePublished\":\"2026-03-29T03:04:39+00:00\",\"breadcrumb\":{\"@id\":\"https:\\\/\\\/mercadohogar.ca\\\/es\\\/producto\\\/bicicleta-electrica-para-adultos-motor-de-1000-w-de-potencia-maxima-bicicleta-electrica-con-velocidad-maxima-de-45-km-h-y-autonomia-de-169-km-con-asistencia-al-pedaleo-bateria-integrada-de-48-v-y-1\\\/#breadcrumb\"},\"inLanguage\":\"es\",\"potentialAction\":[{\"@type\":\"ReadAction\",\"target\":[\"https:\\\/\\\/mercadohogar.ca\\\/es\\\/producto\\\/bicicleta-electrica-para-adultos-motor-de-1000-w-de-potencia-maxima-bicicleta-electrica-con-velocidad-maxima-de-45-km-h-y-autonomia-de-169-km-con-asistencia-al-pedaleo-bateria-integrada-de-48-v-y-1\\\/\"]}]},{\"@type\":\"ImageObject\",\"inLanguage\":\"es\",\"@id\":\"https:\\\/\\\/mercadohogar.ca\\\/es\\\/producto\\\/bicicleta-electrica-para-adultos-motor-de-1000-w-de-potencia-maxima-bicicleta-electrica-con-velocidad-maxima-de-45-km-h-y-autonomia-de-169-km-con-asistencia-al-pedaleo-bateria-integrada-de-48-v-y-1\\\/#primaryimage\",\"url\":\"https:\\\/\\\/mercadohogar.ca\\\/wp-content\\\/uploads\\\/2026\\\/03\\\/bike.jpg\",\"contentUrl\":\"https:\\\/\\\/mercadohogar.ca\\\/wp-content\\\/uploads\\\/2026\\\/03\\\/bike.jpg\",\"width\":1479,\"height\":1476},{\"@type\":\"BreadcrumbList\",\"@id\":\"https:\\\/\\\/mercadohogar.ca\\\/es\\\/producto\\\/bicicleta-electrica-para-adultos-motor-de-1000-w-de-potencia-maxima-bicicleta-electrica-con-velocidad-maxima-de-45-km-h-y-autonomia-de-169-km-con-asistencia-al-pedaleo-bateria-integrada-de-48-v-y-1\\\/#breadcrumb\",\"itemListElement\":[{\"@type\":\"ListItem\",\"position\":1,\"name\":\"Home\",\"item\":\"https:\\\/\\\/mercadohogar.ca\\\/es\\\/\"},{\"@type\":\"ListItem\",\"position\":2,\"name\":\"Tienda\",\"item\":\"https:\\\/\\\/mercadohogar.ca\\\/es\\\/tienda-2\\\/\"},{\"@type\":\"ListItem\",\"position\":3,\"name\":\"Bicicleta el\u00e9ctrica para adultos, motor de 1000 W de potencia m\u00e1xima, bicicleta el\u00e9ctrica con velocidad m\u00e1xima de 45 km\\\/h y autonom\u00eda de 169 km con asistencia al pedaleo, bater\u00eda integrada de 48 V y 18 Ah, bicicleta el\u00e9ctrica de 20&#8243; con cuadro bajo y neum\u00e1ticos anchos para adultos.\"}]},{\"@type\":\"WebSite\",\"@id\":\"https:\\\/\\\/mercadohogar.ca\\\/es\\\/#website\",\"url\":\"https:\\\/\\\/mercadohogar.ca\\\/es\\\/\",\"name\":\"Mercado Hogar\",\"description\":\"Mercado Hogar\",\"publisher\":{\"@id\":\"https:\\\/\\\/mercadohogar.ca\\\/es\\\/#organization\"},\"potentialAction\":[{\"@type\":\"SearchAction\",\"target\":{\"@type\":\"EntryPoint\",\"urlTemplate\":\"https:\\\/\\\/mercadohogar.ca\\\/es\\\/?s={search_term_string}\"},\"query-input\":{\"@type\":\"PropertyValueSpecification\",\"valueRequired\":true,\"valueName\":\"search_term_string\"}}],\"inLanguage\":\"es\"},{\"@type\":\"Organization\",\"@id\":\"https:\\\/\\\/mercadohogar.ca\\\/es\\\/#organization\",\"name\":\"Mercado Hogar\",\"url\":\"https:\\\/\\\/mercadohogar.ca\\\/es\\\/\",\"logo\":{\"@type\":\"ImageObject\",\"inLanguage\":\"es\",\"@id\":\"https:\\\/\\\/mercadohogar.ca\\\/es\\\/#\\\/schema\\\/logo\\\/image\\\/\",\"url\":\"https:\\\/\\\/mercadohogar.ca\\\/wp-content\\\/uploads\\\/2025\\\/12\\\/MH-LOGO.png\",\"contentUrl\":\"https:\\\/\\\/mercadohogar.ca\\\/wp-content\\\/uploads\\\/2025\\\/12\\\/MH-LOGO.png\",\"width\":1200,\"height\":1200,\"caption\":\"Mercado Hogar\"},\"image\":{\"@id\":\"https:\\\/\\\/mercadohogar.ca\\\/es\\\/#\\\/schema\\\/logo\\\/image\\\/\"}}]}<\/script>\n<!-- \/ Yoast SEO plugin. -->","yoast_head_json":{"title":"Bicicleta el\u00e9ctrica para adultos, motor de 1000 W de potencia m\u00e1xima, bicicleta el\u00e9ctrica con velocidad m\u00e1xima de 45 km\/h y autonom\u00eda de 169 km con asistencia al pedaleo, bater\u00eda integrada de 48 V y 18 Ah, bicicleta el\u00e9ctrica de 20\" con cuadro bajo y neum\u00e1ticos anchos para adultos. - Mercado Hogar","robots":{"index":"index","follow":"follow","max-snippet":"max-snippet:-1","max-image-preview":"max-image-preview:large","max-video-preview":"max-video-preview:-1"},"canonical":"https:\/\/mercadohogar.ca\/es\/producto\/bicicleta-electrica-para-adultos-motor-de-1000-w-de-potencia-maxima-bicicleta-electrica-con-velocidad-maxima-de-45-km-h-y-autonomia-de-169-km-con-asistencia-al-pedaleo-bateria-integrada-de-48-v-y-1\/","og_locale":"es_ES","og_type":"article","og_title":"Bicicleta el\u00e9ctrica para adultos, motor de 1000 W de potencia m\u00e1xima, bicicleta el\u00e9ctrica con velocidad m\u00e1xima de 45 km\/h y autonom\u00eda de 169 km con asistencia al pedaleo, bater\u00eda integrada de 48 V y 18 Ah, bicicleta el\u00e9ctrica de 20\" con cuadro bajo y neum\u00e1ticos anchos para adultos. - Mercado Hogar","og_description":"\u3010Autonom\u00eda inigualable\u3011- Imagina aventuras de fin de semana sin preocuparte por la bater\u00eda con la bicicleta el\u00e9ctrica CycHunter. Su bater\u00eda extra\u00edble de 48 V y 13 Ah ofrece 80 km de autonom\u00eda en modo acelerador y 120 km en modo asistencia al pedaleo. Despl\u00e1zate, explora o recorre senderos sin esfuerzo. Las bater\u00edas extra\u00edbles garantizan flexibilidad y, con un tiempo de [&hellip;]","og_url":"https:\/\/mercadohogar.ca\/es\/producto\/bicicleta-electrica-para-adultos-motor-de-1000-w-de-potencia-maxima-bicicleta-electrica-con-velocidad-maxima-de-45-km-h-y-autonomia-de-169-km-con-asistencia-al-pedaleo-bateria-integrada-de-48-v-y-1\/","og_site_name":"Mercado Hogar","og_image":[{"width":1479,"height":1476,"url":"https:\/\/mercadohogar.ca\/wp-content\/uploads\/2026\/03\/bike.jpg","type":"image\/jpeg"}],"twitter_card":"summary_large_image","twitter_misc":{"Tiempo de lectura":"2 minutos"},"schema":{"@context":"https:\/\/schema.org","@graph":[{"@type":"WebPage","@id":"https:\/\/mercadohogar.ca\/es\/producto\/bicicleta-electrica-para-adultos-motor-de-1000-w-de-potencia-maxima-bicicleta-electrica-con-velocidad-maxima-de-45-km-h-y-autonomia-de-169-km-con-asistencia-al-pedaleo-bateria-integrada-de-48-v-y-1\/","url":"https:\/\/mercadohogar.ca\/es\/producto\/bicicleta-electrica-para-adultos-motor-de-1000-w-de-potencia-maxima-bicicleta-electrica-con-velocidad-maxima-de-45-km-h-y-autonomia-de-169-km-con-asistencia-al-pedaleo-bateria-integrada-de-48-v-y-1\/","name":"Bicicleta el\u00e9ctrica para adultos, motor de 1000 W de potencia m\u00e1xima, bicicleta el\u00e9ctrica con velocidad m\u00e1xima de 45 km\/h y autonom\u00eda de 169 km con asistencia al pedaleo, bater\u00eda integrada de 48 V y 18 Ah, bicicleta el\u00e9ctrica de 20\" con cuadro bajo y neum\u00e1ticos anchos para adultos. - Mercado Hogar","isPartOf":{"@id":"https:\/\/mercadohogar.ca\/es\/#website"},"primaryImageOfPage":{"@id":"https:\/\/mercadohogar.ca\/es\/producto\/bicicleta-electrica-para-adultos-motor-de-1000-w-de-potencia-maxima-bicicleta-electrica-con-velocidad-maxima-de-45-km-h-y-autonomia-de-169-km-con-asistencia-al-pedaleo-bateria-integrada-de-48-v-y-1\/#primaryimage"},"image":{"@id":"https:\/\/mercadohogar.ca\/es\/producto\/bicicleta-electrica-para-adultos-motor-de-1000-w-de-potencia-maxima-bicicleta-electrica-con-velocidad-maxima-de-45-km-h-y-autonomia-de-169-km-con-asistencia-al-pedaleo-bateria-integrada-de-48-v-y-1\/#primaryimage"},"thumbnailUrl":"https:\/\/mercadohogar.ca\/wp-content\/uploads\/2026\/03\/bike.jpg","datePublished":"2026-03-29T03:04:39+00:00","breadcrumb":{"@id":"https:\/\/mercadohogar.ca\/es\/producto\/bicicleta-electrica-para-adultos-motor-de-1000-w-de-potencia-maxima-bicicleta-electrica-con-velocidad-maxima-de-45-km-h-y-autonomia-de-169-km-con-asistencia-al-pedaleo-bateria-integrada-de-48-v-y-1\/#breadcrumb"},"inLanguage":"es","potentialAction":[{"@type":"ReadAction","target":["https:\/\/mercadohogar.ca\/es\/producto\/bicicleta-electrica-para-adultos-motor-de-1000-w-de-potencia-maxima-bicicleta-electrica-con-velocidad-maxima-de-45-km-h-y-autonomia-de-169-km-con-asistencia-al-pedaleo-bateria-integrada-de-48-v-y-1\/"]}]},{"@type":"ImageObject","inLanguage":"es","@id":"https:\/\/mercadohogar.ca\/es\/producto\/bicicleta-electrica-para-adultos-motor-de-1000-w-de-potencia-maxima-bicicleta-electrica-con-velocidad-maxima-de-45-km-h-y-autonomia-de-169-km-con-asistencia-al-pedaleo-bateria-integrada-de-48-v-y-1\/#primaryimage","url":"https:\/\/mercadohogar.ca\/wp-content\/uploads\/2026\/03\/bike.jpg","contentUrl":"https:\/\/mercadohogar.ca\/wp-content\/uploads\/2026\/03\/bike.jpg","width":1479,"height":1476},{"@type":"BreadcrumbList","@id":"https:\/\/mercadohogar.ca\/es\/producto\/bicicleta-electrica-para-adultos-motor-de-1000-w-de-potencia-maxima-bicicleta-electrica-con-velocidad-maxima-de-45-km-h-y-autonomia-de-169-km-con-asistencia-al-pedaleo-bateria-integrada-de-48-v-y-1\/#breadcrumb","itemListElement":[{"@type":"ListItem","position":1,"name":"Home","item":"https:\/\/mercadohogar.ca\/es\/"},{"@type":"ListItem","position":2,"name":"Tienda","item":"https:\/\/mercadohogar.ca\/es\/tienda-2\/"},{"@type":"ListItem","position":3,"name":"Bicicleta el\u00e9ctrica para adultos, motor de 1000 W de potencia m\u00e1xima, bicicleta el\u00e9ctrica con velocidad m\u00e1xima de 45 km\/h y autonom\u00eda de 169 km con asistencia al pedaleo, bater\u00eda integrada de 48 V y 18 Ah, bicicleta el\u00e9ctrica de 20&#8243; con cuadro bajo y neum\u00e1ticos anchos para adultos."}]},{"@type":"WebSite","@id":"https:\/\/mercadohogar.ca\/es\/#website","url":"https:\/\/mercadohogar.ca\/es\/","name":"Mercado Hogar","description":"Mercado Hogar","publisher":{"@id":"https:\/\/mercadohogar.ca\/es\/#organization"},"potentialAction":[{"@type":"SearchAction","target":{"@type":"EntryPoint","urlTemplate":"https:\/\/mercadohogar.ca\/es\/?s={search_term_string}"},"query-input":{"@type":"PropertyValueSpecification","valueRequired":true,"valueName":"search_term_string"}}],"inLanguage":"es"},{"@type":"Organization","@id":"https:\/\/mercadohogar.ca\/es\/#organization","name":"Mercado Hogar","url":"https:\/\/mercadohogar.ca\/es\/","logo":{"@type":"ImageObject","inLanguage":"es","@id":"https:\/\/mercadohogar.ca\/es\/#\/schema\/logo\/image\/","url":"https:\/\/mercadohogar.ca\/wp-content\/uploads\/2025\/12\/MH-LOGO.png","contentUrl":"https:\/\/mercadohogar.ca\/wp-content\/uploads\/2025\/12\/MH-LOGO.png","width":1200,"height":1200,"caption":"Mercado Hogar"},"image":{"@id":"https:\/\/mercadohogar.ca\/es\/#\/schema\/logo\/image\/"}}]}},"jetpack_sharing_enabled":true,"_links":{"self":[{"href":"https:\/\/mercadohogar.ca\/es\/wp-json\/wp\/v2\/product\/6078","targetHints":{"allow":["GET"]}}],"collection":[{"href":"https:\/\/mercadohogar.ca\/es\/wp-json\/wp\/v2\/product"}],"about":[{"href":"https:\/\/mercadohogar.ca\/es\/wp-json\/wp\/v2\/types\/product"}],"version-history":[{"count":0,"href":"https:\/\/mercadohogar.ca\/es\/wp-json\/wp\/v2\/product\/6078\/revisions"}],"wp:featuredmedia":[{"embeddable":true,"href":"https:\/\/mercadohogar.ca\/es\/wp-json\/wp\/v2\/media\/6074"}],"wp:attachment":[{"href":"https:\/\/mercadohogar.ca\/es\/wp-json\/wp\/v2\/media?parent=6078"}],"wp:term":[{"taxonomy":"product_brand","embeddable":true,"href":"https:\/\/mercadohogar.ca\/es\/wp-json\/wp\/v2\/product_brand?post=6078"},{"taxonomy":"product_cat","embeddable":true,"href":"https:\/\/mercadohogar.ca\/es\/wp-json\/wp\/v2\/product_cat?post=6078"},{"taxonomy":"product_tag","embeddable":true,"href":"https:\/\/mercadohogar.ca\/es\/wp-json\/wp\/v2\/product_tag?post=6078"}],"curies":[{"name":"wp","href":"https:\/\/api.w.org\/{rel}","templated":true}]}}