{"id":6092,"date":"2026-03-29T03:25:31","date_gmt":"2026-03-29T03:25:31","guid":{"rendered":"https:\/\/mercadohogar.ca\/producto\/bicicleta-electrica-heybike-para-adultos-bicicleta-de-montana-electrica-de-45-km-h-motor-de-1200-w-de-potencia-maxima-hasta-80-km-de-autonomia-bateria-extraible-de-480-wh-neumaticos-de-70-cm-7-v\/"},"modified":"2026-03-29T03:25:31","modified_gmt":"2026-03-29T03:25:31","slug":"bicicleta-electrica-heybike-para-adultos-bicicleta-de-montana-electrica-de-45-km-h-motor-de-1200-w-de-potencia-maxima-hasta-80-km-de-autonomia-bateria-extraible-de-480-wh-neumaticos-de-70-cm-7-v","status":"publish","type":"product","link":"https:\/\/mercadohogar.ca\/es\/producto\/bicicleta-electrica-heybike-para-adultos-bicicleta-de-montana-electrica-de-45-km-h-motor-de-1200-w-de-potencia-maxima-hasta-80-km-de-autonomia-bateria-extraible-de-480-wh-neumaticos-de-70-cm-7-v\/","title":{"rendered":"Bicicleta el\u00e9ctrica Heybike para adultos, bicicleta de monta\u00f1a el\u00e9ctrica de 45 km\/h, motor de 1200 W de potencia m\u00e1xima, hasta 80 km de autonom\u00eda, bater\u00eda extra\u00edble de 480 Wh, neum\u00e1ticos de 70 cm, 7 velocidades y suspensi\u00f3n delantera."},"content":{"rendered":"<p>[[Bater\u00eda extra\u00edble de 48 V y 10 Ah] \u2013 La bicicleta el\u00e9ctrica cuenta con una potente bater\u00eda de alta capacidad de 480 Wh, que permite recorridos prolongados con una autonom\u00eda de 50 a 80 km por carga (5-6 horas para una carga completa). Adem\u00e1s de su bater\u00eda extra\u00edble de carga r\u00e1pida, la bicicleta el\u00e9ctrica incluye protecci\u00f3n contra sobrecarga, lo que brinda mayor seguridad en cada viaje.<br \/>\n[Motor sin escobillas de alto rendimiento] \u2013 Esta bicicleta el\u00e9ctrica para adultos est\u00e1 equipada con un potente motor de 1200 W de potencia m\u00e1xima, que ofrece un rendimiento fiable y alcanza velocidades de hasta 45 km\/h. Perfecta para ir al trabajo, hacer ejercicio o explorar al aire libre, esta bicicleta de monta\u00f1a el\u00e9ctrica est\u00e1 dise\u00f1ada para satisfacer todas tus necesidades. Adem\u00e1s, con su transmisi\u00f3n de 7 velocidades y potencia ajustable, desplazarse nunca ha sido tan f\u00e1cil ni tan c\u00f3modo.<br \/>\n[Seguridad y durabilidad] \u2013 La bicicleta el\u00e9ctrica cuenta con neum\u00e1ticos antipinchazos de 27,5&#8243;, un asiento ergon\u00f3mico ajustable, una horquilla de suspensi\u00f3n delantera de alta resistencia, un faro LED brillante, una pantalla LCD inteligente, guardabarros robustos y frenos de disco dobles. Estas caracter\u00edsticas mejoran la comodidad al conducir, adaptan la bicicleta el\u00e9ctrica para adultos a diferentes situaciones de conducci\u00f3n y brindan tranquilidad en cada viaje.<br \/>\n[Cuatro modos de funcionamiento] \u2013 Con el acelerador de pu\u00f1o mejorado, puedes controlar f\u00e1cilmente tu recorrido y elegir entre cuatro modos. En el modo PAS, recibes asistencia moderada al pedalear, con opciones para seleccionar los niveles 1 a 3 de asistencia al pedaleo. El modo el\u00e9ctrico puro te permite girar el acelerador para obtener potencia en cualquier incremento. El modo combinado PAS y el\u00e9ctrico te permite recorrer distancias m\u00e1s largas sin fatigarte, mientras que el modo de pedaleo te permite pedalear como en una bicicleta convencional.<br \/>\n[Montaje sin complicaciones y asistencia profesional] \u2013 Esta bicicleta el\u00e9ctrica para adultos est\u00e1 fabricada con acero de alto contenido en carbono de alta calidad, y su cuadro triangular le confiere mayor resistencia y durabilidad. La bicicleta viene premontada en un 90%, lo que facilita enormemente el montaje final. <\/p>\n","protected":false},"excerpt":{"rendered":"<p>[[Bater\u00eda extra\u00edble de 48 V y 10 Ah] \u2013 La bicicleta el\u00e9ctrica cuenta con una potente bater\u00eda de alta capacidad de 480 Wh, que permite recorridos prolongados con una autonom\u00eda de 50 a 80 km por carga (5-6 horas para una carga completa). Adem\u00e1s de su bater\u00eda extra\u00edble de carga r\u00e1pida, la bicicleta el\u00e9ctrica incluye protecci\u00f3n contra sobrecarga, lo que [&hellip;]<\/p>\n","protected":false},"featured_media":6082,"template":"","meta":{"_coblocks_attr":"","_coblocks_dimensions":"","_coblocks_responsive_height":"","_coblocks_accordion_ie_support":"","postBodyCss":"","postBodyMargin":[],"postBodyPadding":[],"postBodyBackground":{"backgroundType":"classic","gradient":""}},"product_brand":[],"product_cat":[908],"product_tag":[],"class_list":{"0":"post-6092","1":"product","2":"type-product","3":"status-publish","4":"has-post-thumbnail","6":"product_cat-electric-gas-motorcycles-accessories","7":"product_shipping_class-aerovaradero-dg-pequeno","9":"first","10":"instock","11":"taxable","12":"shipping-taxable","13":"purchasable","14":"product-type-simple"},"yoast_head":"<!-- This site is optimized with the Yoast SEO plugin v27.4 - https:\/\/yoast.com\/product\/yoast-seo-wordpress\/ -->\n<title>Bicicleta el\u00e9ctrica Heybike para adultos, bicicleta de monta\u00f1a el\u00e9ctrica de 45 km\/h, motor de 1200 W de potencia m\u00e1xima, hasta 80 km de autonom\u00eda, bater\u00eda extra\u00edble de 480 Wh, neum\u00e1ticos de 70 cm, 7 velocidades y suspensi\u00f3n delantera. - Mercado Hogar<\/title>\n<meta name=\"robots\" content=\"index, follow, max-snippet:-1, max-image-preview:large, max-video-preview:-1\" \/>\n<link rel=\"canonical\" href=\"https:\/\/mercadohogar.ca\/es\/producto\/bicicleta-electrica-heybike-para-adultos-bicicleta-de-montana-electrica-de-45-km-h-motor-de-1200-w-de-potencia-maxima-hasta-80-km-de-autonomia-bateria-extraible-de-480-wh-neumaticos-de-70-cm-7-v\/\" \/>\n<meta property=\"og:locale\" content=\"es_ES\" \/>\n<meta property=\"og:type\" content=\"article\" \/>\n<meta property=\"og:title\" content=\"Bicicleta el\u00e9ctrica Heybike para adultos, bicicleta de monta\u00f1a el\u00e9ctrica de 45 km\/h, motor de 1200 W de potencia m\u00e1xima, hasta 80 km de autonom\u00eda, bater\u00eda extra\u00edble de 480 Wh, neum\u00e1ticos de 70 cm, 7 velocidades y suspensi\u00f3n delantera. - Mercado Hogar\" \/>\n<meta property=\"og:description\" content=\"[[Bater\u00eda extra\u00edble de 48 V y 10 Ah] \u2013 La bicicleta el\u00e9ctrica cuenta con una potente bater\u00eda de alta capacidad de 480 Wh, que permite recorridos prolongados con una autonom\u00eda de 50 a 80 km por carga (5-6 horas para una carga completa). Adem\u00e1s de su bater\u00eda extra\u00edble de carga r\u00e1pida, la bicicleta el\u00e9ctrica incluye protecci\u00f3n contra sobrecarga, lo que [&hellip;]\" \/>\n<meta property=\"og:url\" content=\"https:\/\/mercadohogar.ca\/es\/producto\/bicicleta-electrica-heybike-para-adultos-bicicleta-de-montana-electrica-de-45-km-h-motor-de-1200-w-de-potencia-maxima-hasta-80-km-de-autonomia-bateria-extraible-de-480-wh-neumaticos-de-70-cm-7-v\/\" \/>\n<meta property=\"og:site_name\" content=\"Mercado Hogar\" \/>\n<meta property=\"og:image\" content=\"https:\/\/mercadohogar.ca\/wp-content\/uploads\/2026\/03\/1-2.jpg\" \/>\n\t<meta property=\"og:image:width\" content=\"1489\" \/>\n\t<meta property=\"og:image:height\" content=\"1500\" \/>\n\t<meta property=\"og:image:type\" content=\"image\/jpeg\" \/>\n<meta name=\"twitter:card\" content=\"summary_large_image\" \/>\n<meta name=\"twitter:label1\" content=\"Tiempo de lectura\" \/>\n\t<meta name=\"twitter:data1\" content=\"2 minutos\" \/>\n<script type=\"application\/ld+json\" class=\"yoast-schema-graph\">{\"@context\":\"https:\\\/\\\/schema.org\",\"@graph\":[{\"@type\":\"WebPage\",\"@id\":\"https:\\\/\\\/mercadohogar.ca\\\/es\\\/producto\\\/bicicleta-electrica-heybike-para-adultos-bicicleta-de-montana-electrica-de-45-km-h-motor-de-1200-w-de-potencia-maxima-hasta-80-km-de-autonomia-bateria-extraible-de-480-wh-neumaticos-de-70-cm-7-v\\\/\",\"url\":\"https:\\\/\\\/mercadohogar.ca\\\/es\\\/producto\\\/bicicleta-electrica-heybike-para-adultos-bicicleta-de-montana-electrica-de-45-km-h-motor-de-1200-w-de-potencia-maxima-hasta-80-km-de-autonomia-bateria-extraible-de-480-wh-neumaticos-de-70-cm-7-v\\\/\",\"name\":\"Bicicleta el\u00e9ctrica Heybike para adultos, bicicleta de monta\u00f1a el\u00e9ctrica de 45 km\\\/h, motor de 1200 W de potencia m\u00e1xima, hasta 80 km de autonom\u00eda, bater\u00eda extra\u00edble de 480 Wh, neum\u00e1ticos de 70 cm, 7 velocidades y suspensi\u00f3n delantera. - Mercado Hogar\",\"isPartOf\":{\"@id\":\"https:\\\/\\\/mercadohogar.ca\\\/es\\\/#website\"},\"primaryImageOfPage\":{\"@id\":\"https:\\\/\\\/mercadohogar.ca\\\/es\\\/producto\\\/bicicleta-electrica-heybike-para-adultos-bicicleta-de-montana-electrica-de-45-km-h-motor-de-1200-w-de-potencia-maxima-hasta-80-km-de-autonomia-bateria-extraible-de-480-wh-neumaticos-de-70-cm-7-v\\\/#primaryimage\"},\"image\":{\"@id\":\"https:\\\/\\\/mercadohogar.ca\\\/es\\\/producto\\\/bicicleta-electrica-heybike-para-adultos-bicicleta-de-montana-electrica-de-45-km-h-motor-de-1200-w-de-potencia-maxima-hasta-80-km-de-autonomia-bateria-extraible-de-480-wh-neumaticos-de-70-cm-7-v\\\/#primaryimage\"},\"thumbnailUrl\":\"https:\\\/\\\/mercadohogar.ca\\\/wp-content\\\/uploads\\\/2026\\\/03\\\/1-2.jpg\",\"datePublished\":\"2026-03-29T03:25:31+00:00\",\"breadcrumb\":{\"@id\":\"https:\\\/\\\/mercadohogar.ca\\\/es\\\/producto\\\/bicicleta-electrica-heybike-para-adultos-bicicleta-de-montana-electrica-de-45-km-h-motor-de-1200-w-de-potencia-maxima-hasta-80-km-de-autonomia-bateria-extraible-de-480-wh-neumaticos-de-70-cm-7-v\\\/#breadcrumb\"},\"inLanguage\":\"es\",\"potentialAction\":[{\"@type\":\"ReadAction\",\"target\":[\"https:\\\/\\\/mercadohogar.ca\\\/es\\\/producto\\\/bicicleta-electrica-heybike-para-adultos-bicicleta-de-montana-electrica-de-45-km-h-motor-de-1200-w-de-potencia-maxima-hasta-80-km-de-autonomia-bateria-extraible-de-480-wh-neumaticos-de-70-cm-7-v\\\/\"]}]},{\"@type\":\"ImageObject\",\"inLanguage\":\"es\",\"@id\":\"https:\\\/\\\/mercadohogar.ca\\\/es\\\/producto\\\/bicicleta-electrica-heybike-para-adultos-bicicleta-de-montana-electrica-de-45-km-h-motor-de-1200-w-de-potencia-maxima-hasta-80-km-de-autonomia-bateria-extraible-de-480-wh-neumaticos-de-70-cm-7-v\\\/#primaryimage\",\"url\":\"https:\\\/\\\/mercadohogar.ca\\\/wp-content\\\/uploads\\\/2026\\\/03\\\/1-2.jpg\",\"contentUrl\":\"https:\\\/\\\/mercadohogar.ca\\\/wp-content\\\/uploads\\\/2026\\\/03\\\/1-2.jpg\",\"width\":1489,\"height\":1500},{\"@type\":\"BreadcrumbList\",\"@id\":\"https:\\\/\\\/mercadohogar.ca\\\/es\\\/producto\\\/bicicleta-electrica-heybike-para-adultos-bicicleta-de-montana-electrica-de-45-km-h-motor-de-1200-w-de-potencia-maxima-hasta-80-km-de-autonomia-bateria-extraible-de-480-wh-neumaticos-de-70-cm-7-v\\\/#breadcrumb\",\"itemListElement\":[{\"@type\":\"ListItem\",\"position\":1,\"name\":\"Home\",\"item\":\"https:\\\/\\\/mercadohogar.ca\\\/es\\\/\"},{\"@type\":\"ListItem\",\"position\":2,\"name\":\"Tienda\",\"item\":\"https:\\\/\\\/mercadohogar.ca\\\/es\\\/tienda-2\\\/\"},{\"@type\":\"ListItem\",\"position\":3,\"name\":\"Bicicleta el\u00e9ctrica Heybike para adultos, bicicleta de monta\u00f1a el\u00e9ctrica de 45 km\\\/h, motor de 1200 W de potencia m\u00e1xima, hasta 80 km de autonom\u00eda, bater\u00eda extra\u00edble de 480 Wh, neum\u00e1ticos de 70 cm, 7 velocidades y suspensi\u00f3n delantera.\"}]},{\"@type\":\"WebSite\",\"@id\":\"https:\\\/\\\/mercadohogar.ca\\\/es\\\/#website\",\"url\":\"https:\\\/\\\/mercadohogar.ca\\\/es\\\/\",\"name\":\"Mercado Hogar\",\"description\":\"Mercado Hogar\",\"publisher\":{\"@id\":\"https:\\\/\\\/mercadohogar.ca\\\/es\\\/#organization\"},\"potentialAction\":[{\"@type\":\"SearchAction\",\"target\":{\"@type\":\"EntryPoint\",\"urlTemplate\":\"https:\\\/\\\/mercadohogar.ca\\\/es\\\/?s={search_term_string}\"},\"query-input\":{\"@type\":\"PropertyValueSpecification\",\"valueRequired\":true,\"valueName\":\"search_term_string\"}}],\"inLanguage\":\"es\"},{\"@type\":\"Organization\",\"@id\":\"https:\\\/\\\/mercadohogar.ca\\\/es\\\/#organization\",\"name\":\"Mercado Hogar\",\"url\":\"https:\\\/\\\/mercadohogar.ca\\\/es\\\/\",\"logo\":{\"@type\":\"ImageObject\",\"inLanguage\":\"es\",\"@id\":\"https:\\\/\\\/mercadohogar.ca\\\/es\\\/#\\\/schema\\\/logo\\\/image\\\/\",\"url\":\"https:\\\/\\\/mercadohogar.ca\\\/wp-content\\\/uploads\\\/2025\\\/12\\\/MH-LOGO.png\",\"contentUrl\":\"https:\\\/\\\/mercadohogar.ca\\\/wp-content\\\/uploads\\\/2025\\\/12\\\/MH-LOGO.png\",\"width\":1200,\"height\":1200,\"caption\":\"Mercado Hogar\"},\"image\":{\"@id\":\"https:\\\/\\\/mercadohogar.ca\\\/es\\\/#\\\/schema\\\/logo\\\/image\\\/\"}}]}<\/script>\n<!-- \/ Yoast SEO plugin. -->","yoast_head_json":{"title":"Bicicleta el\u00e9ctrica Heybike para adultos, bicicleta de monta\u00f1a el\u00e9ctrica de 45 km\/h, motor de 1200 W de potencia m\u00e1xima, hasta 80 km de autonom\u00eda, bater\u00eda extra\u00edble de 480 Wh, neum\u00e1ticos de 70 cm, 7 velocidades y suspensi\u00f3n delantera. - Mercado Hogar","robots":{"index":"index","follow":"follow","max-snippet":"max-snippet:-1","max-image-preview":"max-image-preview:large","max-video-preview":"max-video-preview:-1"},"canonical":"https:\/\/mercadohogar.ca\/es\/producto\/bicicleta-electrica-heybike-para-adultos-bicicleta-de-montana-electrica-de-45-km-h-motor-de-1200-w-de-potencia-maxima-hasta-80-km-de-autonomia-bateria-extraible-de-480-wh-neumaticos-de-70-cm-7-v\/","og_locale":"es_ES","og_type":"article","og_title":"Bicicleta el\u00e9ctrica Heybike para adultos, bicicleta de monta\u00f1a el\u00e9ctrica de 45 km\/h, motor de 1200 W de potencia m\u00e1xima, hasta 80 km de autonom\u00eda, bater\u00eda extra\u00edble de 480 Wh, neum\u00e1ticos de 70 cm, 7 velocidades y suspensi\u00f3n delantera. - Mercado Hogar","og_description":"[[Bater\u00eda extra\u00edble de 48 V y 10 Ah] \u2013 La bicicleta el\u00e9ctrica cuenta con una potente bater\u00eda de alta capacidad de 480 Wh, que permite recorridos prolongados con una autonom\u00eda de 50 a 80 km por carga (5-6 horas para una carga completa). Adem\u00e1s de su bater\u00eda extra\u00edble de carga r\u00e1pida, la bicicleta el\u00e9ctrica incluye protecci\u00f3n contra sobrecarga, lo que [&hellip;]","og_url":"https:\/\/mercadohogar.ca\/es\/producto\/bicicleta-electrica-heybike-para-adultos-bicicleta-de-montana-electrica-de-45-km-h-motor-de-1200-w-de-potencia-maxima-hasta-80-km-de-autonomia-bateria-extraible-de-480-wh-neumaticos-de-70-cm-7-v\/","og_site_name":"Mercado Hogar","og_image":[{"width":1489,"height":1500,"url":"https:\/\/mercadohogar.ca\/wp-content\/uploads\/2026\/03\/1-2.jpg","type":"image\/jpeg"}],"twitter_card":"summary_large_image","twitter_misc":{"Tiempo de lectura":"2 minutos"},"schema":{"@context":"https:\/\/schema.org","@graph":[{"@type":"WebPage","@id":"https:\/\/mercadohogar.ca\/es\/producto\/bicicleta-electrica-heybike-para-adultos-bicicleta-de-montana-electrica-de-45-km-h-motor-de-1200-w-de-potencia-maxima-hasta-80-km-de-autonomia-bateria-extraible-de-480-wh-neumaticos-de-70-cm-7-v\/","url":"https:\/\/mercadohogar.ca\/es\/producto\/bicicleta-electrica-heybike-para-adultos-bicicleta-de-montana-electrica-de-45-km-h-motor-de-1200-w-de-potencia-maxima-hasta-80-km-de-autonomia-bateria-extraible-de-480-wh-neumaticos-de-70-cm-7-v\/","name":"Bicicleta el\u00e9ctrica Heybike para adultos, bicicleta de monta\u00f1a el\u00e9ctrica de 45 km\/h, motor de 1200 W de potencia m\u00e1xima, hasta 80 km de autonom\u00eda, bater\u00eda extra\u00edble de 480 Wh, neum\u00e1ticos de 70 cm, 7 velocidades y suspensi\u00f3n delantera. - Mercado Hogar","isPartOf":{"@id":"https:\/\/mercadohogar.ca\/es\/#website"},"primaryImageOfPage":{"@id":"https:\/\/mercadohogar.ca\/es\/producto\/bicicleta-electrica-heybike-para-adultos-bicicleta-de-montana-electrica-de-45-km-h-motor-de-1200-w-de-potencia-maxima-hasta-80-km-de-autonomia-bateria-extraible-de-480-wh-neumaticos-de-70-cm-7-v\/#primaryimage"},"image":{"@id":"https:\/\/mercadohogar.ca\/es\/producto\/bicicleta-electrica-heybike-para-adultos-bicicleta-de-montana-electrica-de-45-km-h-motor-de-1200-w-de-potencia-maxima-hasta-80-km-de-autonomia-bateria-extraible-de-480-wh-neumaticos-de-70-cm-7-v\/#primaryimage"},"thumbnailUrl":"https:\/\/mercadohogar.ca\/wp-content\/uploads\/2026\/03\/1-2.jpg","datePublished":"2026-03-29T03:25:31+00:00","breadcrumb":{"@id":"https:\/\/mercadohogar.ca\/es\/producto\/bicicleta-electrica-heybike-para-adultos-bicicleta-de-montana-electrica-de-45-km-h-motor-de-1200-w-de-potencia-maxima-hasta-80-km-de-autonomia-bateria-extraible-de-480-wh-neumaticos-de-70-cm-7-v\/#breadcrumb"},"inLanguage":"es","potentialAction":[{"@type":"ReadAction","target":["https:\/\/mercadohogar.ca\/es\/producto\/bicicleta-electrica-heybike-para-adultos-bicicleta-de-montana-electrica-de-45-km-h-motor-de-1200-w-de-potencia-maxima-hasta-80-km-de-autonomia-bateria-extraible-de-480-wh-neumaticos-de-70-cm-7-v\/"]}]},{"@type":"ImageObject","inLanguage":"es","@id":"https:\/\/mercadohogar.ca\/es\/producto\/bicicleta-electrica-heybike-para-adultos-bicicleta-de-montana-electrica-de-45-km-h-motor-de-1200-w-de-potencia-maxima-hasta-80-km-de-autonomia-bateria-extraible-de-480-wh-neumaticos-de-70-cm-7-v\/#primaryimage","url":"https:\/\/mercadohogar.ca\/wp-content\/uploads\/2026\/03\/1-2.jpg","contentUrl":"https:\/\/mercadohogar.ca\/wp-content\/uploads\/2026\/03\/1-2.jpg","width":1489,"height":1500},{"@type":"BreadcrumbList","@id":"https:\/\/mercadohogar.ca\/es\/producto\/bicicleta-electrica-heybike-para-adultos-bicicleta-de-montana-electrica-de-45-km-h-motor-de-1200-w-de-potencia-maxima-hasta-80-km-de-autonomia-bateria-extraible-de-480-wh-neumaticos-de-70-cm-7-v\/#breadcrumb","itemListElement":[{"@type":"ListItem","position":1,"name":"Home","item":"https:\/\/mercadohogar.ca\/es\/"},{"@type":"ListItem","position":2,"name":"Tienda","item":"https:\/\/mercadohogar.ca\/es\/tienda-2\/"},{"@type":"ListItem","position":3,"name":"Bicicleta el\u00e9ctrica Heybike para adultos, bicicleta de monta\u00f1a el\u00e9ctrica de 45 km\/h, motor de 1200 W de potencia m\u00e1xima, hasta 80 km de autonom\u00eda, bater\u00eda extra\u00edble de 480 Wh, neum\u00e1ticos de 70 cm, 7 velocidades y suspensi\u00f3n delantera."}]},{"@type":"WebSite","@id":"https:\/\/mercadohogar.ca\/es\/#website","url":"https:\/\/mercadohogar.ca\/es\/","name":"Mercado Hogar","description":"Mercado Hogar","publisher":{"@id":"https:\/\/mercadohogar.ca\/es\/#organization"},"potentialAction":[{"@type":"SearchAction","target":{"@type":"EntryPoint","urlTemplate":"https:\/\/mercadohogar.ca\/es\/?s={search_term_string}"},"query-input":{"@type":"PropertyValueSpecification","valueRequired":true,"valueName":"search_term_string"}}],"inLanguage":"es"},{"@type":"Organization","@id":"https:\/\/mercadohogar.ca\/es\/#organization","name":"Mercado Hogar","url":"https:\/\/mercadohogar.ca\/es\/","logo":{"@type":"ImageObject","inLanguage":"es","@id":"https:\/\/mercadohogar.ca\/es\/#\/schema\/logo\/image\/","url":"https:\/\/mercadohogar.ca\/wp-content\/uploads\/2025\/12\/MH-LOGO.png","contentUrl":"https:\/\/mercadohogar.ca\/wp-content\/uploads\/2025\/12\/MH-LOGO.png","width":1200,"height":1200,"caption":"Mercado Hogar"},"image":{"@id":"https:\/\/mercadohogar.ca\/es\/#\/schema\/logo\/image\/"}}]}},"jetpack_sharing_enabled":true,"_links":{"self":[{"href":"https:\/\/mercadohogar.ca\/es\/wp-json\/wp\/v2\/product\/6092","targetHints":{"allow":["GET"]}}],"collection":[{"href":"https:\/\/mercadohogar.ca\/es\/wp-json\/wp\/v2\/product"}],"about":[{"href":"https:\/\/mercadohogar.ca\/es\/wp-json\/wp\/v2\/types\/product"}],"version-history":[{"count":0,"href":"https:\/\/mercadohogar.ca\/es\/wp-json\/wp\/v2\/product\/6092\/revisions"}],"wp:featuredmedia":[{"embeddable":true,"href":"https:\/\/mercadohogar.ca\/es\/wp-json\/wp\/v2\/media\/6082"}],"wp:attachment":[{"href":"https:\/\/mercadohogar.ca\/es\/wp-json\/wp\/v2\/media?parent=6092"}],"wp:term":[{"taxonomy":"product_brand","embeddable":true,"href":"https:\/\/mercadohogar.ca\/es\/wp-json\/wp\/v2\/product_brand?post=6092"},{"taxonomy":"product_cat","embeddable":true,"href":"https:\/\/mercadohogar.ca\/es\/wp-json\/wp\/v2\/product_cat?post=6092"},{"taxonomy":"product_tag","embeddable":true,"href":"https:\/\/mercadohogar.ca\/es\/wp-json\/wp\/v2\/product_tag?post=6092"}],"curies":[{"name":"wp","href":"https:\/\/api.w.org\/{rel}","templated":true}]}}